{"id":7,"date":"2017-07-20T12:34:13","date_gmt":"2017-07-20T12:34:13","guid":{"rendered":"https:\/\/tecnologia.ufpr.br\/rpdta\/?page_id=7"},"modified":"2017-10-17T17:07:46","modified_gmt":"2017-10-17T17:07:46","slug":"rede","status":"publish","type":"page","link":"https:\/\/tecnologia.ufpr.br\/rpdta\/","title":{"rendered":"A Rede"},"content":{"rendered":"<p><span style=\"font-family: verdana\"><a href=\"https:\/\/tecnologia.ufpr.br\/rpdta\/rede\/sobre\/\">Sobre<\/a> | <a href=\"https:\/\/tecnologia.ufpr.br\/rpdta\/rede\/membros\/\">Coparticipantes<\/a> | <a href=\"https:\/\/tecnologia.ufpr.br\/rpdta\/rede\/conceitos\/\">Conceitos<\/a><\/span><\/p>\n<p style=\"text-align: justify\">A Rede de Pesquisa e Desenvolvimento em Tecnologia Assistiva: a\u00e7\u00f5es integradas entre Engenharia Mec\u00e2nica e Design (RPDTA) t\u00eam como objetivo fomentar e consolidar a \u00e1rea de Pesquisa em Tecnologia Assistiva, atrav\u00e9s da forma\u00e7\u00e3o de uma rede de coopera\u00e7\u00e3o entre universidades (UFPR, UFSC, UNESP e UTFPR) em seus respectivos Programas de P\u00f3s-Gradua\u00e7\u00e3o de: Engenharia Mec\u00e2nica, Design e Engenharia de Produ\u00e7\u00e3o (no \u00e2mbito da Engenharia de Produto e da Ergonomia)&#8230;\u00a0<a href=\"https:\/\/tecnologia.ufpr.br\/rpdta\/rede\/sobre\/\">Saiba [+]<\/a><\/p>\n","protected":false},"excerpt":{"rendered":"<p>Sobre | Coparticipantes | Conceitos A Rede de Pesquisa e Desenvolvimento em Tecnologia Assistiva: a\u00e7\u00f5es integradas entre Engenharia Mec\u00e2nica e Design (RPDTA) t\u00eam como objetivo fomentar e consolidar a \u00e1rea de Pesquisa em Tecnologia Assistiva, atrav\u00e9s da forma\u00e7\u00e3o de uma rede de coopera\u00e7\u00e3o entre universidades (UFPR, UFSC, UNESP e UTFPR) em seus respectivos Programas de [&hellip;]<\/p>\n","protected":false},"author":1037,"featured_media":0,"parent":0,"menu_order":0,"comment_status":"closed","ping_status":"closed","template":"","meta":{"footnotes":""},"_links":{"self":[{"href":"https:\/\/tecnologia.ufpr.br\/rpdta\/wp-json\/wp\/v2\/pages\/7"}],"collection":[{"href":"https:\/\/tecnologia.ufpr.br\/rpdta\/wp-json\/wp\/v2\/pages"}],"about":[{"href":"https:\/\/tecnologia.ufpr.br\/rpdta\/wp-json\/wp\/v2\/types\/page"}],"author":[{"embeddable":true,"href":"https:\/\/tecnologia.ufpr.br\/rpdta\/wp-json\/wp\/v2\/users\/1037"}],"replies":[{"embeddable":true,"href":"https:\/\/tecnologia.ufpr.br\/rpdta\/wp-json\/wp\/v2\/comments?post=7"}],"version-history":[{"count":8,"href":"https:\/\/tecnologia.ufpr.br\/rpdta\/wp-json\/wp\/v2\/pages\/7\/revisions"}],"predecessor-version":[{"id":320,"href":"https:\/\/tecnologia.ufpr.br\/rpdta\/wp-json\/wp\/v2\/pages\/7\/revisions\/320"}],"wp:attachment":[{"href":"https:\/\/tecnologia.ufpr.br\/rpdta\/wp-json\/wp\/v2\/media?parent=7"}],"curies":[{"name":"wp","href":"https:\/\/api.w.org\/{rel}","templated":true}]}}