{"id":392,"date":"2018-09-27T17:19:28","date_gmt":"2018-09-27T17:19:28","guid":{"rendered":"https:\/\/tecnologia.ufpr.br\/rpdta\/?page_id=392"},"modified":"2018-10-19T14:11:10","modified_gmt":"2018-10-19T14:11:10","slug":"eventos","status":"publish","type":"page","link":"https:\/\/tecnologia.ufpr.br\/rpdta\/eventos\/","title":{"rendered":"Eventos"},"content":{"rendered":"<p>O LABERG | Laborat\u00f3rio de Ergonomia da Universidade Federal do Paran\u00e1 convida para um ciclo de palestras e workshops em Curitiba dia 15 de outubro e em Ponta Grossa dia 17 de outubro!<\/p>\n<p>Tem\u00e1tica: O papel das Tecnologias Assistivas na Universidade e suas aplica\u00e7\u00f5es na Sociedade.<\/p>\n<p>As palestras e workshops abordaram o papel da Tecnologia Assistiva na Universidade e suas aplica\u00e7\u00f5es na Sociedade.\u00a0Confira o link:\u00a0<a href=\"https:\/\/youtu.be\/V4V2mIBRiDs\">https:\/\/youtu.be\/V4V2mIBRiDs<\/a><\/p>\n<p>Acompanhe a p\u00e1gina do LABERG nas redes sociais: <a href=\"http:\/\/www.facebook.com\/ufpr.laberg\/\">Facebook<\/a><\/p>\n<p>&nbsp;<\/p>\n<p><img loading=\"lazy\" decoding=\"async\" class=\"alignnone size-large wp-image-440\" src=\"https:\/\/tecnologia.ufpr.br\/rpdta\/wp-content\/uploads\/sites\/30\/2018\/09\/Inscric\u0327o\u0303es_-1-724x1024.jpg\" alt=\"Imagem com as informa\u00e7\u00f5es de data do evento (Curitiba dia 15 de outubro e Ponta Grossa dia 17 de outubro) e com os t\u00edtulos das palestras e workshop: Palestras: Como conviver com a Diferen\u00e7a;\u00a0 M\u00e9todo de Cocria\u00e7\u00e3o de Moda funcional para pessoas com Defici\u00eancia; Sistema de C\u00f3digo de cores - see color; Avalia\u00e7\u00e3o das tecnologias assistivas sob a \u00f3tica do usu\u00e1rios.\u00a0 Workshops: Workshop Co-Wear de Cocria\u00e7\u00e3o de Moda Funcional e Workshop see color: Sistema de C\u00f3digo de Cores para pessoas com defici\u00eancia visual\" width=\"724\" height=\"1024\" srcset=\"https:\/\/tecnologia.ufpr.br\/rpdta\/wp-content\/uploads\/sites\/30\/2018\/09\/Inscric\u0327o\u0303es_-1-724x1024.jpg 724w, https:\/\/tecnologia.ufpr.br\/rpdta\/wp-content\/uploads\/sites\/30\/2018\/09\/Inscric\u0327o\u0303es_-1-212x300.jpg 212w, https:\/\/tecnologia.ufpr.br\/rpdta\/wp-content\/uploads\/sites\/30\/2018\/09\/Inscric\u0327o\u0303es_-1-768x1086.jpg 768w, https:\/\/tecnologia.ufpr.br\/rpdta\/wp-content\/uploads\/sites\/30\/2018\/09\/Inscric\u0327o\u0303es_-1-85x120.jpg 85w, https:\/\/tecnologia.ufpr.br\/rpdta\/wp-content\/uploads\/sites\/30\/2018\/09\/Inscric\u0327o\u0303es_-1.jpg 842w\" sizes=\"(max-width: 724px) 100vw, 724px\" \/><\/p>\n<p>&nbsp;<\/p>\n<p><strong>MANH\u00c3 | das 09h \u00e0s 12h | PALESTRAS:<\/strong><\/p>\n<ul>\n<li>Como conviver com a Diferen\u00e7a;<\/li>\n<li>M\u00e9todo de Cocria\u00e7\u00e3o de Moda funcional para pessoas com Defici\u00eancia;<\/li>\n<li>Sistema de C\u00f3digo de cores &#8211; see color;<\/li>\n<li>Avalia\u00e7\u00e3o das tecnologias assistivas sob a \u00f3tica do usu\u00e1rios.<\/li>\n<\/ul>\n<p><strong>TARDE | das 14h \u00e0s 18h | WORKSHOPS:<\/strong><\/p>\n<ul>\n<li>Workshop Co-Wear:\u00a0 Cocria\u00e7\u00e3o de Moda Funcional;<\/li>\n<li>Workshop <em>see color<\/em>: Sistema de C\u00f3digo de Cores para pessoas com defici\u00eancia visual.<span style=\"color: #000000\"> !<\/span><\/li>\n<\/ul>\n<p><strong><span style=\"color: #000000\">Fique atento aos locais do evento!<\/span><\/strong><\/p>\n<p><span style=\"color: #000000\">No dia <strong>15 de outubro<\/strong> o evento acontecer\u00e1 em <strong>CURITIBA<\/strong> na UNIVERSIDADE FEDERAL DO PARAN\u00c1 | Ed D. Pedro I &#8211; Anfi 100. Rua General Carneiro, 460.<\/span><\/p>\n<p><span style=\"color: #000000\">No dia <strong>17 de outubro<\/strong> o evento acontecer\u00e1 em <strong>PONTA GROSSA<\/strong> na UNINTER | Av. General Carlos Cavalcanti, 527 &#8211; Uvaranas.<\/span><\/p>\n<hr \/>\n<p><strong>Realiza\u00e7\u00e3o:<\/strong> Universidade Federal do Paran\u00e1 e Laborat\u00f3rio de Ergonomia e Usabilidade (LABERG)<\/p>\n<p><img loading=\"lazy\" decoding=\"async\" class=\"alignnone wp-image-123\" src=\"https:\/\/tecnologia.ufpr.br\/rpdta\/wp-content\/uploads\/sites\/30\/2017\/08\/logo_UFPR.jpg\" alt=\"Logo UFPR\" width=\"101\" height=\"64\" \/>\u00a0 \u00a0\u00a0<img loading=\"lazy\" decoding=\"async\" class=\"alignnone wp-image-424\" src=\"https:\/\/tecnologia.ufpr.br\/rpdta\/wp-content\/uploads\/sites\/30\/2018\/09\/LABERG_.png\" alt=\"Logo LABERG\" width=\"95\" height=\"69\" srcset=\"https:\/\/tecnologia.ufpr.br\/rpdta\/wp-content\/uploads\/sites\/30\/2018\/09\/LABERG_.png 868w, https:\/\/tecnologia.ufpr.br\/rpdta\/wp-content\/uploads\/sites\/30\/2018\/09\/LABERG_-300x217.png 300w, https:\/\/tecnologia.ufpr.br\/rpdta\/wp-content\/uploads\/sites\/30\/2018\/09\/LABERG_-768x557.png 768w, https:\/\/tecnologia.ufpr.br\/rpdta\/wp-content\/uploads\/sites\/30\/2018\/09\/LABERG_-160x116.png 160w\" sizes=\"(max-width: 95px) 100vw, 95px\" \/><\/p>\n<p><strong>Apoio:<\/strong> Rede de Pesquisa e Desenvolvimento em Tecnologia Assistiva (RPDTA), Tecnologia UFPR,\u00a0PGMEC UFPR, PPGDesign UFPR,\u00a0IBGPEX, UNINTER, Hotel Vila Velha (Ponta Grossa).<\/p>\n<p><img loading=\"lazy\" decoding=\"async\" class=\"alignnone wp-image-425\" src=\"https:\/\/tecnologia.ufpr.br\/rpdta\/wp-content\/uploads\/sites\/30\/2018\/09\/RPDTA_.png\" alt=\"Logo RPDTA\" width=\"106\" height=\"77\" srcset=\"https:\/\/tecnologia.ufpr.br\/rpdta\/wp-content\/uploads\/sites\/30\/2018\/09\/RPDTA_.png 868w, https:\/\/tecnologia.ufpr.br\/rpdta\/wp-content\/uploads\/sites\/30\/2018\/09\/RPDTA_-300x217.png 300w, https:\/\/tecnologia.ufpr.br\/rpdta\/wp-content\/uploads\/sites\/30\/2018\/09\/RPDTA_-768x557.png 768w, https:\/\/tecnologia.ufpr.br\/rpdta\/wp-content\/uploads\/sites\/30\/2018\/09\/RPDTA_-160x116.png 160w\" sizes=\"(max-width: 106px) 100vw, 106px\" \/>\u00a0<img loading=\"lazy\" decoding=\"async\" class=\"alignnone wp-image-426\" src=\"https:\/\/tecnologia.ufpr.br\/rpdta\/wp-content\/uploads\/sites\/30\/2018\/09\/TECNOLOGIA-UFPR_.png\" alt=\"Logo Tecnologia UFPR\" width=\"110\" height=\"80\" srcset=\"https:\/\/tecnologia.ufpr.br\/rpdta\/wp-content\/uploads\/sites\/30\/2018\/09\/TECNOLOGIA-UFPR_.png 869w, https:\/\/tecnologia.ufpr.br\/rpdta\/wp-content\/uploads\/sites\/30\/2018\/09\/TECNOLOGIA-UFPR_-300x217.png 300w, https:\/\/tecnologia.ufpr.br\/rpdta\/wp-content\/uploads\/sites\/30\/2018\/09\/TECNOLOGIA-UFPR_-768x556.png 768w, https:\/\/tecnologia.ufpr.br\/rpdta\/wp-content\/uploads\/sites\/30\/2018\/09\/TECNOLOGIA-UFPR_-160x116.png 160w\" sizes=\"(max-width: 110px) 100vw, 110px\" \/><img loading=\"lazy\" decoding=\"async\" class=\"alignnone wp-image-427\" src=\"https:\/\/tecnologia.ufpr.br\/rpdta\/wp-content\/uploads\/sites\/30\/2018\/09\/PGMEC_.png\" alt=\"Logo PGMec\" width=\"93\" height=\"67\" srcset=\"https:\/\/tecnologia.ufpr.br\/rpdta\/wp-content\/uploads\/sites\/30\/2018\/09\/PGMEC_.png 869w, https:\/\/tecnologia.ufpr.br\/rpdta\/wp-content\/uploads\/sites\/30\/2018\/09\/PGMEC_-300x217.png 300w, https:\/\/tecnologia.ufpr.br\/rpdta\/wp-content\/uploads\/sites\/30\/2018\/09\/PGMEC_-768x555.png 768w, https:\/\/tecnologia.ufpr.br\/rpdta\/wp-content\/uploads\/sites\/30\/2018\/09\/PGMEC_-160x116.png 160w\" sizes=\"(max-width: 93px) 100vw, 93px\" \/><img loading=\"lazy\" decoding=\"async\" class=\"alignnone wp-image-434\" src=\"https:\/\/tecnologia.ufpr.br\/rpdta\/wp-content\/uploads\/sites\/30\/2018\/09\/PPGDESIGN_.png\" alt=\"Logo PPGDesign\" width=\"110\" height=\"80\" srcset=\"https:\/\/tecnologia.ufpr.br\/rpdta\/wp-content\/uploads\/sites\/30\/2018\/09\/PPGDESIGN_.png 869w, https:\/\/tecnologia.ufpr.br\/rpdta\/wp-content\/uploads\/sites\/30\/2018\/09\/PPGDESIGN_-300x217.png 300w, https:\/\/tecnologia.ufpr.br\/rpdta\/wp-content\/uploads\/sites\/30\/2018\/09\/PPGDESIGN_-768x555.png 768w, https:\/\/tecnologia.ufpr.br\/rpdta\/wp-content\/uploads\/sites\/30\/2018\/09\/PPGDESIGN_-160x116.png 160w\" sizes=\"(max-width: 110px) 100vw, 110px\" \/><img loading=\"lazy\" decoding=\"async\" class=\"alignnone wp-image-428\" src=\"https:\/\/tecnologia.ufpr.br\/rpdta\/wp-content\/uploads\/sites\/30\/2018\/09\/UNINTER_.png\" alt=\"Logo UNINTER\" width=\"101\" height=\"73\" srcset=\"https:\/\/tecnologia.ufpr.br\/rpdta\/wp-content\/uploads\/sites\/30\/2018\/09\/UNINTER_.png 869w, https:\/\/tecnologia.ufpr.br\/rpdta\/wp-content\/uploads\/sites\/30\/2018\/09\/UNINTER_-300x217.png 300w, https:\/\/tecnologia.ufpr.br\/rpdta\/wp-content\/uploads\/sites\/30\/2018\/09\/UNINTER_-768x556.png 768w, https:\/\/tecnologia.ufpr.br\/rpdta\/wp-content\/uploads\/sites\/30\/2018\/09\/UNINTER_-160x116.png 160w\" sizes=\"(max-width: 101px) 100vw, 101px\" \/><img loading=\"lazy\" decoding=\"async\" class=\"alignnone wp-image-429\" src=\"https:\/\/tecnologia.ufpr.br\/rpdta\/wp-content\/uploads\/sites\/30\/2018\/09\/IBGPEX_.png\" alt=\"Logo IBGPEX\" width=\"95\" height=\"69\" srcset=\"https:\/\/tecnologia.ufpr.br\/rpdta\/wp-content\/uploads\/sites\/30\/2018\/09\/IBGPEX_.png 869w, https:\/\/tecnologia.ufpr.br\/rpdta\/wp-content\/uploads\/sites\/30\/2018\/09\/IBGPEX_-300x217.png 300w, https:\/\/tecnologia.ufpr.br\/rpdta\/wp-content\/uploads\/sites\/30\/2018\/09\/IBGPEX_-768x556.png 768w, https:\/\/tecnologia.ufpr.br\/rpdta\/wp-content\/uploads\/sites\/30\/2018\/09\/IBGPEX_-160x116.png 160w\" sizes=\"(max-width: 95px) 100vw, 95px\" \/><img loading=\"lazy\" decoding=\"async\" class=\"alignnone wp-image-430\" src=\"https:\/\/tecnologia.ufpr.br\/rpdta\/wp-content\/uploads\/sites\/30\/2018\/09\/PREMIUM-HOTEL_.png\" alt=\"Logo Premium Hotel Vila Velha\" width=\"117\" height=\"83\" \/><\/p>\n<p>A Semana Nacional de Ci\u00eancia e Tecnologia &#8211; 2018 \u00e9 um evento promovido pelo CNPq, Minist\u00e9rio da Ci\u00eancia, Tecnologia, Inova\u00e7\u00f5es e Comunica\u00e7\u00f5es, e Governo Federal.<\/p>\n<p><img loading=\"lazy\" decoding=\"async\" class=\"alignnone wp-image-433\" src=\"https:\/\/tecnologia.ufpr.br\/rpdta\/wp-content\/uploads\/sites\/30\/2018\/09\/SNCT_.png\" alt=\"Logo da Semana Nacional de Ci\u00eancia e Tecnologia 2018\" width=\"141\" height=\"98\" \/><img loading=\"lazy\" decoding=\"async\" class=\"alignnone wp-image-431\" src=\"https:\/\/tecnologia.ufpr.br\/rpdta\/wp-content\/uploads\/sites\/30\/2018\/09\/CNPq_.png\" alt=\"Logo CNPq\" width=\"135\" height=\"99\" srcset=\"https:\/\/tecnologia.ufpr.br\/rpdta\/wp-content\/uploads\/sites\/30\/2018\/09\/CNPq_.png 869w, https:\/\/tecnologia.ufpr.br\/rpdta\/wp-content\/uploads\/sites\/30\/2018\/09\/CNPq_-300x217.png 300w, https:\/\/tecnologia.ufpr.br\/rpdta\/wp-content\/uploads\/sites\/30\/2018\/09\/CNPq_-768x556.png 768w, https:\/\/tecnologia.ufpr.br\/rpdta\/wp-content\/uploads\/sites\/30\/2018\/09\/CNPq_-160x116.png 160w\" sizes=\"(max-width: 135px) 100vw, 135px\" \/><img loading=\"lazy\" decoding=\"async\" class=\"alignnone wp-image-432\" src=\"https:\/\/tecnologia.ufpr.br\/rpdta\/wp-content\/uploads\/sites\/30\/2018\/09\/Governo-Federal_.png\" alt=\"Logo do Minist\u00e9rio da Ci\u00eancia, Tecnologia, Inova\u00e7\u00f5es e Comunica\u00e7\u00f5es; bras\u00e3o do Governo Federal\" width=\"141\" height=\"102\" srcset=\"https:\/\/tecnologia.ufpr.br\/rpdta\/wp-content\/uploads\/sites\/30\/2018\/09\/Governo-Federal_.png 869w, https:\/\/tecnologia.ufpr.br\/rpdta\/wp-content\/uploads\/sites\/30\/2018\/09\/Governo-Federal_-300x217.png 300w, https:\/\/tecnologia.ufpr.br\/rpdta\/wp-content\/uploads\/sites\/30\/2018\/09\/Governo-Federal_-768x556.png 768w, https:\/\/tecnologia.ufpr.br\/rpdta\/wp-content\/uploads\/sites\/30\/2018\/09\/Governo-Federal_-160x116.png 160w\" sizes=\"(max-width: 141px) 100vw, 141px\" \/><\/p>\n","protected":false},"excerpt":{"rendered":"<p>O LABERG | Laborat\u00f3rio de Ergonomia da Universidade Federal do Paran\u00e1 convida para um ciclo de palestras e workshops em Curitiba dia 15 de outubro e em Ponta Grossa dia 17 de outubro! Tem\u00e1tica: O papel das Tecnologias Assistivas na Universidade e suas aplica\u00e7\u00f5es na Sociedade. As palestras e workshops abordaram o papel da Tecnologia [&hellip;]<\/p>\n","protected":false},"author":1066,"featured_media":0,"parent":0,"menu_order":0,"comment_status":"closed","ping_status":"closed","template":"","meta":{"footnotes":""},"_links":{"self":[{"href":"https:\/\/tecnologia.ufpr.br\/rpdta\/wp-json\/wp\/v2\/pages\/392"}],"collection":[{"href":"https:\/\/tecnologia.ufpr.br\/rpdta\/wp-json\/wp\/v2\/pages"}],"about":[{"href":"https:\/\/tecnologia.ufpr.br\/rpdta\/wp-json\/wp\/v2\/types\/page"}],"author":[{"embeddable":true,"href":"https:\/\/tecnologia.ufpr.br\/rpdta\/wp-json\/wp\/v2\/users\/1066"}],"replies":[{"embeddable":true,"href":"https:\/\/tecnologia.ufpr.br\/rpdta\/wp-json\/wp\/v2\/comments?post=392"}],"version-history":[{"count":27,"href":"https:\/\/tecnologia.ufpr.br\/rpdta\/wp-json\/wp\/v2\/pages\/392\/revisions"}],"predecessor-version":[{"id":447,"href":"https:\/\/tecnologia.ufpr.br\/rpdta\/wp-json\/wp\/v2\/pages\/392\/revisions\/447"}],"wp:attachment":[{"href":"https:\/\/tecnologia.ufpr.br\/rpdta\/wp-json\/wp\/v2\/media?parent=392"}],"curies":[{"name":"wp","href":"https:\/\/api.w.org\/{rel}","templated":true}]}}