{"id":25,"date":"2017-07-20T12:42:49","date_gmt":"2017-07-20T12:42:49","guid":{"rendered":"https:\/\/tecnologia.ufpr.br\/rpdta\/?page_id=25"},"modified":"2018-10-04T18:27:09","modified_gmt":"2018-10-04T18:27:09","slug":"membros","status":"publish","type":"page","link":"https:\/\/tecnologia.ufpr.br\/rpdta\/rede\/membros\/","title":{"rendered":"Coparticipantes"},"content":{"rendered":"<p>UFPR \u2013 UNIVERSIDADE FEDERAL DO PARAN\u00c1<\/p>\n<p>Prof. Dr. Maria L\u00facia Okimoto<br \/>\nCoordenadora geral da RPDTA<br \/>\nProf. do PPG em Design e da Gradua\u00e7\u00e3o em Eng. Mec\u00e2nica da UFPR<br \/>\nCoordenadora do Laborat\u00f3rio de Ergonomia e Usabilidade da UFPR &#8211; LABERG<br \/>\nE-mail: lucia.demec@ufpr.br<\/p>\n<p>Rafaela Tanure<br \/>\nPesquisadora e aluna de P\u00f3s-doutorado em Eng. Mec\u00e2nica<br \/>\nraffaelat@gmail.com<\/p>\n<p>Bruna Brogin<br \/>\nPesquisadora e aluna de doutorado em Design<br \/>\nbrunabrogin@hotmail.com<\/p>\n<p>Edson Sidnei Maciel Teixeira<br \/>\nPesquisador e aluno de doutorado em Design<br \/>\nedson.teixeira@ifsc.edu.br<\/p>\n<p>Fernanda Cristine Poletto da Silva<br \/>\nPesquisadora e aluna de doutorado em Design<br \/>\npolettodesigner@hotmail.com<\/p>\n<p>Sabrina Talita de Oliveira<br \/>\nPesquisadora e aluna de doutorado em Design<br \/>\nbinah.oliveira@gmail.com<\/p>\n<p>Sandra Marchi<br \/>\nPesquisadora e aluna de doutorado em Eng. Mec\u00e2nica<br \/>\nmarchi.sandra@gmail.com<\/p>\n<p>Dalila Campigiotto Weiss<br \/>\nPesquisadora e aluna de mestrado em Eng. Mec\u00e2nica<br \/>\ndalisweiss@hotmail.com<\/p>\n<p>Gisele Arabori<br \/>\nPesquisadora e aluna de mestrado em Design<br \/>\ngisele.yr@gmail.com<\/p>\n<p>Lilian Barbosa<br \/>\nPesquisadora e aluna de mestrado em Eng. Mec\u00e2nica<br \/>\nliliandesigner@gmail.com<\/p>\n<p>Isabella De Souza Sierra<br \/>\nPesquisadora e aluna de doutorado em Design<br \/>\nisa.dss@gmail.com<\/p>\n<p>Caelen Teger Da Silva<br \/>\nPesquisadora e aluna de mestrado em Design<br \/>\ncaelenteger@gmail.com<\/p>\n<p>Dominique Leite Adam<br \/>\nPesquisadora e aluna de doutorado em Design<br \/>\ndomiadam@gmail.com<\/p>\n<p>Kelli C.A.S Smythe<br \/>\nPesquisadora e p\u00f3s-doutoranda em Design<br \/>\nkellicas@gmail.com<\/p>\n<p>UTFPR \u2013 UNIVERSIDADE TECNOL\u00d3GICA FEDERAL DO PARAN\u00c1<\/p>\n<p><span style=\"color: #000000\"><span style=\"font-family: arial, sans-serif\"><span style=\"font-size: medium\">Prof. Dr. Jos\u00e9 Aguiomar Foggiatto<br \/>\nProf. do PPG em Eng. Mec\u00e2nica e de Materiais da UTFPR<br \/>\nPesquisador do N\u00facleo Manufatura Aditiva e Ferramental \u2013 NUFER<\/span><\/span><\/span><\/p>\n<p><span style=\"color: #000000\"><span style=\"font-family: arial, sans-serif\"><span style=\"font-size: medium\">Estudantes do Curso T\u00e9cnico e Graduandos:\u00a0<\/span><\/span><\/span><br \/>\n<span style=\"color: #000000\"><span style=\"font-family: arial, sans-serif\"><span style=\"font-size: medium\">Bruna Woltmann (Bolsista IC-EM)<br \/>\nJulia Pulido Arce (Bolsista\u00a0IC-EM)<br \/>\nMariana Silva Fassbender (Bolsista\u00a0IC-EM)<\/span><\/span><\/span><br \/>\n<span style=\"color: #000000\"><span style=\"font-family: arial, sans-serif\"><span style=\"font-size: medium\">Giovanni Yuji Enomoto de Luca (IC Volunt\u00e1rio)<\/span><\/span><\/span><br \/>\n<span style=\"color: #000000\"><span style=\"font-family: arial, sans-serif\"><span style=\"font-size: medium\">Leonardo De Oliveira Brandt (Bolsista\u00a0PIBITI)<\/span><\/span><\/span><br \/>\n<span style=\"color: #000000\"><span style=\"font-family: arial, sans-serif\"><span style=\"font-size: medium\">Jo\u00e3o Vitor Le\u00e3o Silveira Dourado (Bolsista Extens\u00e3o)<\/span><\/span><\/span><br \/>\n<span style=\"color: #000000\"><span style=\"font-family: arial, sans-serif\"><span style=\"font-size: medium\">Eduardo Rodrigues de Oliveira (Bolsista Inova\u00e7\u00e3o)<br \/>\nRodrigo Pulido Arce (Volunt\u00e1rio)<\/span><\/span><\/span><\/p>\n<p><span style=\"color: #000000\"><span style=\"font-family: arial, sans-serif\"><span style=\"font-size: medium\">Mestrandos:<\/span><\/span><\/span><br \/>\n<span style=\"color: #000000\"><span style=\"font-family: arial, sans-serif\"><span style=\"font-size: medium\">Aline Ferrari Fabri<br \/>\nElizeu Greber Filho<br \/>\nF\u00e1bio Nogueira Nucini<br \/>\nJ\u00e9ssica Cristina Dias dos Santos Forte Hensen<br \/>\nMaria das Gra\u00e7as Contin Garcia Pelisson<br \/>\nSt\u00e9phanie Gomes<\/span><\/span><\/span><\/p>\n<p>Doutorandos:<br \/>\n<span style=\"color: #000000\"><span style=\"font-family: arial, sans-serif\"><span style=\"font-size: medium\">Lucia Regina Branco<br \/>\nPaloma Hohmann Poier<\/span><\/span><\/span><\/p>\n<p>UFSC \u2013 UNIVERSIDADE FEDERAL DE SANTA CATARINA<\/p>\n<p>Prof. Dr. Eugenio Andr\u00e9s Diaz Merino<br \/>\nProf. do PPG Design e PPG em Eng. Produ\u00e7\u00e3o UFSC<br \/>\nCoordenador do N\u00facleo de Gest\u00e3o de Design \u2013 NGD da UFSC<br \/>\neugenio.merino@ufsc.br<\/p>\n<p>Giselle Schmidt Alves D\u00edaz Merino<br \/>\nProf. Dr. PPG Design UFPR<br \/>\nCoordenadora NGD\/ ufsc<\/p>\n<p>Graduandos UFSC:<\/p>\n<p>Julia Marina Cunha<br \/>\nLet\u00edcia Takayama<br \/>\nIsabela Souza Natividade<br \/>\nGuilherme Gentil Fernandes.<br \/>\nGabriel Martins Gonzaga<br \/>\nCarolina Schutz Rosa.<br \/>\nBruna Boeing<\/p>\n<p>Mestrandos UFSC:<\/p>\n<p>Michela Fran\u00e7a<br \/>\nRodrigo Barddal<br \/>\nRenata Hinnig<br \/>\nFranciele Forcelini<br \/>\nThiago Varnier<\/p>\n<p>Doutorandos UFSC:<\/p>\n<p>Lucas Jos\u00e9 Garcia<br \/>\nEva Maria Seitz<br \/>\nArina Blum<br \/>\nGiuliano Mannrich<br \/>\nRosimeri Franck Pichler<br \/>\nAline Girardi Gobbi<br \/>\nLincoln da Silva<br \/>\nCarmen Elena Martinez Riascos<br \/>\nDiego Mattos<\/p>\n<p>P\u00f3s-doutorandos UFSC:<\/p>\n<p>Bruno Maia De Guimar\u00e3es<br \/>\nGraziela Guzi Moraes<\/p>\n<p>UNESP \u2013 UNIVERSIDADE ESTADUAL PAULISTA \u201cJ\u00daLIO DE MESQUITA FILHO\u201d &#8211; CAMPUS BAURU<\/p>\n<p>Prof. Dr. Luis Carlos Paschoarelli<br \/>\nDoutor em Engenharia de Produ\u00e7\u00e3o<br \/>\npaschoarelli@faac.unesp.br<\/p>\n<p>Jo\u00e3o Eduardo Guarnetti dos Santos<br \/>\nDoutor em Agronomia<\/p>\n<p>Fausto Orsi Medola<br \/>\nDoutor em Bioengenharia<\/p>\n<p>Ana Cristina Maur\u00edcio Ferreira<br \/>\nDoutoranda em Design<\/p>\n<p>Roberta Lucas Scatolim<br \/>\nDoutoranda em Design<\/p>\n<p>Danilo Corr\u00eaa Silva<br \/>\nDoutorando em Design<\/p>\n<p>Anthony Robert Joseph Nicholl<br \/>\nDoutorando<\/p>\n<p>Luciana Mar\u00e7al da Silva<br \/>\nDoutoranda<\/p>\n<p>Claudia Cristina Ramos Granja Bentim<br \/>\nDoutoranda<\/p>\n<p><img loading=\"lazy\" decoding=\"async\" class=\"alignnone size-medium wp-image-347\" src=\"https:\/\/tecnologia.ufpr.br\/rpdta\/wp-content\/uploads\/sites\/30\/2017\/07\/foto-grupo-300x225.jpg\" alt=\"\" width=\"300\" height=\"225\" srcset=\"https:\/\/tecnologia.ufpr.br\/rpdta\/wp-content\/uploads\/sites\/30\/2017\/07\/foto-grupo-300x225.jpg 300w, https:\/\/tecnologia.ufpr.br\/rpdta\/wp-content\/uploads\/sites\/30\/2017\/07\/foto-grupo-768x576.jpg 768w, https:\/\/tecnologia.ufpr.br\/rpdta\/wp-content\/uploads\/sites\/30\/2017\/07\/foto-grupo-1024x768.jpg 1024w, https:\/\/tecnologia.ufpr.br\/rpdta\/wp-content\/uploads\/sites\/30\/2017\/07\/foto-grupo-160x120.jpg 160w, https:\/\/tecnologia.ufpr.br\/rpdta\/wp-content\/uploads\/sites\/30\/2017\/07\/foto-grupo.jpg 2048w\" sizes=\"(max-width: 300px) 100vw, 300px\" \/><\/p>\n<p>Colaboradores da RPDTA reunidos no IDEMI 2015 em Florian\u00f3polis-SC<\/p>\n","protected":false},"excerpt":{"rendered":"<p>UFPR \u2013 UNIVERSIDADE FEDERAL DO PARAN\u00c1 Prof. Dr. Maria L\u00facia Okimoto Coordenadora geral da RPDTA Prof. do PPG em Design e da Gradua\u00e7\u00e3o em Eng. Mec\u00e2nica da UFPR Coordenadora do Laborat\u00f3rio de Ergonomia e Usabilidade da UFPR &#8211; LABERG E-mail: lucia.demec@ufpr.br Rafaela Tanure Pesquisadora e aluna de P\u00f3s-doutorado em Eng. Mec\u00e2nica raffaelat@gmail.com Bruna Brogin Pesquisadora [&hellip;]<\/p>\n","protected":false},"author":1037,"featured_media":0,"parent":7,"menu_order":0,"comment_status":"closed","ping_status":"closed","template":"","meta":{"footnotes":""},"_links":{"self":[{"href":"https:\/\/tecnologia.ufpr.br\/rpdta\/wp-json\/wp\/v2\/pages\/25"}],"collection":[{"href":"https:\/\/tecnologia.ufpr.br\/rpdta\/wp-json\/wp\/v2\/pages"}],"about":[{"href":"https:\/\/tecnologia.ufpr.br\/rpdta\/wp-json\/wp\/v2\/types\/page"}],"author":[{"embeddable":true,"href":"https:\/\/tecnologia.ufpr.br\/rpdta\/wp-json\/wp\/v2\/users\/1037"}],"replies":[{"embeddable":true,"href":"https:\/\/tecnologia.ufpr.br\/rpdta\/wp-json\/wp\/v2\/comments?post=25"}],"version-history":[{"count":14,"href":"https:\/\/tecnologia.ufpr.br\/rpdta\/wp-json\/wp\/v2\/pages\/25\/revisions"}],"predecessor-version":[{"id":417,"href":"https:\/\/tecnologia.ufpr.br\/rpdta\/wp-json\/wp\/v2\/pages\/25\/revisions\/417"}],"up":[{"embeddable":true,"href":"https:\/\/tecnologia.ufpr.br\/rpdta\/wp-json\/wp\/v2\/pages\/7"}],"wp:attachment":[{"href":"https:\/\/tecnologia.ufpr.br\/rpdta\/wp-json\/wp\/v2\/media?parent=25"}],"curies":[{"name":"wp","href":"https:\/\/api.w.org\/{rel}","templated":true}]}}