{"id":23,"date":"2017-07-20T12:42:36","date_gmt":"2017-07-20T12:42:36","guid":{"rendered":"https:\/\/tecnologia.ufpr.br\/rpdta\/?page_id=23"},"modified":"2017-10-11T15:17:15","modified_gmt":"2017-10-11T15:17:15","slug":"sobre","status":"publish","type":"page","link":"https:\/\/tecnologia.ufpr.br\/rpdta\/rede\/sobre\/","title":{"rendered":"Sobre"},"content":{"rendered":"<p style=\"text-align: justify\"><span style=\"font-family: Verdana\"> A Rede de Pesquisa e Desenvolvimento em Tecnologia Assistiva: a\u00e7\u00f5es integradas entre Engenharia Mec\u00e2nica e Design (RPDTA) t\u00eam como objetivo fomentar e consolidar a \u00e1rea de Pesquisa em Tecnologia Assistiva, atrav\u00e9s da forma\u00e7\u00e3o de uma rede de coopera\u00e7\u00e3o entre universidades (UFPR, UFSC, UNESP e UTFPR) em seus respectivos Programas de P\u00f3s-Gradua\u00e7\u00e3o de: Engenharia Mec\u00e2nica, Design e Engenharia de Produ\u00e7\u00e3o (no \u00e2mbito da Engenharia de Produto e da Ergonomia). <\/span><\/p>\n<p style=\"text-align: justify\"><span style=\"font-family: verdana\">A parceria proposta n\u00e3o se refere apenas \u00e0 integra\u00e7\u00e3o entre grupos de pesquisa, mas sobretudo destaca-se a integra\u00e7\u00e3o de \u00e1reas de conhecimentos \u00edmpares e fundamentais para o desenvolvimento da Tecnologia Assistiva sendo estas a Engenharia Mec\u00e2nica, Engenharia de Produto e o Design. <\/span><\/p>\n<p style=\"text-align: justify\"><span style=\"font-family: verdana\">A RPDTA visa o desenvolvimento de produtos customizados para pessoas com defici\u00eancia. Nesse contexto, contribuir\u00e1 para a inclus\u00e3o dessa popula\u00e7\u00e3o historicamente marginalizada, atrav\u00e9s de produtos que levem em considera\u00e7\u00e3o as suas diferen\u00e7as e\/ou limita\u00e7\u00f5es em atividades da vida di\u00e1ria. <\/span><\/p>\n<p style=\"text-align: justify\"><span style=\"font-family: verdana\">As tecnologias atuais para desenvolvimento de dispositivos\u00a0customizados s\u00e3o bastante artesanais, implicando em desconforto, imprecis\u00e3o e longo tempo para sua confec\u00e7\u00e3o. Os processos tradicionais de manufatura possuem limita\u00e7\u00f5es em rela\u00e7\u00e3o ao custo e tempo de obten\u00e7\u00e3o. O uso de modernas tecnologias, como o escaneamento 3D, tomografia computadorizada e a impress\u00e3o 3D (manufatura aditiva) permitem a obten\u00e7\u00e3o e a fabrica\u00e7\u00e3o da geometria exata adapt\u00e1vel ao usu\u00e1rio. <\/span><\/p>\n<p style=\"text-align: justify\"><span style=\"font-family: verdana\">A metodologia desenvolvida ser\u00e1 disponibilizada para permitir que outras institui\u00e7\u00f5es ou empresas melhorem os seus processos produtivos e aumentem a qualidade de seus produtos. Entre os resultados esperados destaca-se a melhora na qualidade de vida dos usu\u00e1rios que aumentar\u00e3o a sua independ\u00eancia, autoestima e poder\u00e3o estar aptos para inseridos futuramente no mercado de trabalho. <\/span><\/p>\n<p style=\"text-align: justify\"><span style=\"font-family: verdana\">O aspecto cient\u00edfico da RPDTA contribui com a estrutura\u00e7\u00e3o de m\u00e9todos de desenvolvimento de Tecnologias Assistivas a serem aplicados na forma\u00e7\u00e3o de recursos humanos. Estes, atrav\u00e9s do contato com modelos e sistemas de solu\u00e7\u00f5es podem gerar uma s\u00e9rie de produtos, avalia\u00e7\u00f5es, an\u00e1lise de processos e novas tecnologias que atendam a demanda de Tecnologias Assistivas em v\u00e1rias \u00e1reas da sociedade e campos de conhecimento. <\/span><\/p>\n<p style=\"text-align: justify\"><span style=\"font-family: verdana\">O impacto da RPDTA torna-se grande no momento que integra o desenvolvimento de m\u00e9todos embasadas em aplica\u00e7\u00f5es pr\u00e1ticas, a explora\u00e7\u00e3o organizada de modernas tecnologias e a inova\u00e7\u00e3o em produtos, buscando-se o estado da arte em desenvolvimento de produtos e processos de apoio para a Tecnologia Assistiva.<\/span><\/p>\n<p>Os resultados das pesquisas realizadas est\u00e3o divulgadas em diversos artigos, trabalhos de conclus\u00e3o de curso, disserta\u00e7\u00f5es e teses publicados, bem como no pedido de patentes, como: A representa\u00e7\u00e3o tridimensional crom\u00e1tica e sistema de c\u00f3digo de cores para pessoas cegas ou com baixa vis\u00e3o (UFPR); Topotubo: Sistema de aux\u00edlio aprendizagem de geometrias aplicado a orienta\u00e7\u00e3o e mobilidade para pessoas cegas e com baixa vis\u00e3o (UFPR).<\/p>\n","protected":false},"excerpt":{"rendered":"<p>A Rede de Pesquisa e Desenvolvimento em Tecnologia Assistiva: a\u00e7\u00f5es integradas entre Engenharia Mec\u00e2nica e Design (RPDTA) t\u00eam como objetivo fomentar e consolidar a \u00e1rea de Pesquisa em Tecnologia Assistiva, atrav\u00e9s da forma\u00e7\u00e3o de uma rede de coopera\u00e7\u00e3o entre universidades (UFPR, UFSC, UNESP e UTFPR) em seus respectivos Programas de P\u00f3s-Gradua\u00e7\u00e3o de: Engenharia Mec\u00e2nica, Design [&hellip;]<\/p>\n","protected":false},"author":1037,"featured_media":0,"parent":7,"menu_order":0,"comment_status":"closed","ping_status":"closed","template":"","meta":{"footnotes":""},"_links":{"self":[{"href":"https:\/\/tecnologia.ufpr.br\/rpdta\/wp-json\/wp\/v2\/pages\/23"}],"collection":[{"href":"https:\/\/tecnologia.ufpr.br\/rpdta\/wp-json\/wp\/v2\/pages"}],"about":[{"href":"https:\/\/tecnologia.ufpr.br\/rpdta\/wp-json\/wp\/v2\/types\/page"}],"author":[{"embeddable":true,"href":"https:\/\/tecnologia.ufpr.br\/rpdta\/wp-json\/wp\/v2\/users\/1037"}],"replies":[{"embeddable":true,"href":"https:\/\/tecnologia.ufpr.br\/rpdta\/wp-json\/wp\/v2\/comments?post=23"}],"version-history":[{"count":13,"href":"https:\/\/tecnologia.ufpr.br\/rpdta\/wp-json\/wp\/v2\/pages\/23\/revisions"}],"predecessor-version":[{"id":278,"href":"https:\/\/tecnologia.ufpr.br\/rpdta\/wp-json\/wp\/v2\/pages\/23\/revisions\/278"}],"up":[{"embeddable":true,"href":"https:\/\/tecnologia.ufpr.br\/rpdta\/wp-json\/wp\/v2\/pages\/7"}],"wp:attachment":[{"href":"https:\/\/tecnologia.ufpr.br\/rpdta\/wp-json\/wp\/v2\/media?parent=23"}],"curies":[{"name":"wp","href":"https:\/\/api.w.org\/{rel}","templated":true}]}}