{"id":200,"date":"2017-10-05T14:18:26","date_gmt":"2017-10-05T14:18:26","guid":{"rendered":"https:\/\/tecnologia.ufpr.br\/rpdta\/?page_id=200"},"modified":"2017-10-11T15:22:24","modified_gmt":"2017-10-11T15:22:24","slug":"utfpr-projetos","status":"publish","type":"page","link":"https:\/\/tecnologia.ufpr.br\/rpdta\/projetos\/utfpr-projetos\/","title":{"rendered":"UTFPR"},"content":{"rendered":"<p>Fabrica\u00e7\u00e3o de \u00f3rteses e pr\u00f3teses utilizando tecnologias de escaneamento 3D e manufatura aditiva &#8211; Gabriel Chemin Rosenmann e Mateus Weigert<\/p>\n<p>Sistema de avalia\u00e7\u00e3o de \u00f3rteses desenvolvidas a partir do\u00a0escaneamento 3D e manufatura aditiva &#8211; Paloma Hohmann Poier<\/p>\n","protected":false},"excerpt":{"rendered":"<p>Fabrica\u00e7\u00e3o de \u00f3rteses e pr\u00f3teses utilizando tecnologias de escaneamento 3D e manufatura aditiva &#8211; Gabriel Chemin Rosenmann e Mateus Weigert Sistema de avalia\u00e7\u00e3o de \u00f3rteses desenvolvidas a partir do\u00a0escaneamento 3D e manufatura aditiva &#8211; Paloma Hohmann Poier<\/p>\n","protected":false},"author":1037,"featured_media":0,"parent":12,"menu_order":0,"comment_status":"closed","ping_status":"closed","template":"","meta":{"footnotes":""},"_links":{"self":[{"href":"https:\/\/tecnologia.ufpr.br\/rpdta\/wp-json\/wp\/v2\/pages\/200"}],"collection":[{"href":"https:\/\/tecnologia.ufpr.br\/rpdta\/wp-json\/wp\/v2\/pages"}],"about":[{"href":"https:\/\/tecnologia.ufpr.br\/rpdta\/wp-json\/wp\/v2\/types\/page"}],"author":[{"embeddable":true,"href":"https:\/\/tecnologia.ufpr.br\/rpdta\/wp-json\/wp\/v2\/users\/1037"}],"replies":[{"embeddable":true,"href":"https:\/\/tecnologia.ufpr.br\/rpdta\/wp-json\/wp\/v2\/comments?post=200"}],"version-history":[{"count":4,"href":"https:\/\/tecnologia.ufpr.br\/rpdta\/wp-json\/wp\/v2\/pages\/200\/revisions"}],"predecessor-version":[{"id":284,"href":"https:\/\/tecnologia.ufpr.br\/rpdta\/wp-json\/wp\/v2\/pages\/200\/revisions\/284"}],"up":[{"embeddable":true,"href":"https:\/\/tecnologia.ufpr.br\/rpdta\/wp-json\/wp\/v2\/pages\/12"}],"wp:attachment":[{"href":"https:\/\/tecnologia.ufpr.br\/rpdta\/wp-json\/wp\/v2\/media?parent=200"}],"curies":[{"name":"wp","href":"https:\/\/api.w.org\/{rel}","templated":true}]}}