{"id":198,"date":"2017-10-05T14:17:56","date_gmt":"2017-10-05T14:17:56","guid":{"rendered":"https:\/\/tecnologia.ufpr.br\/rpdta\/?page_id=198"},"modified":"2017-10-11T15:19:26","modified_gmt":"2017-10-11T15:19:26","slug":"unesp-projetos","status":"publish","type":"page","link":"https:\/\/tecnologia.ufpr.br\/rpdta\/projetos\/unesp-projetos\/","title":{"rendered":"UNESP"},"content":{"rendered":"<p>Avalia\u00e7\u00e3o de diferentes di\u00e2metros de manoplas durante o uso de muletas auxiliares.<\/p>\n","protected":false},"excerpt":{"rendered":"<p>Avalia\u00e7\u00e3o de diferentes di\u00e2metros de manoplas durante o uso de muletas auxiliares.<\/p>\n","protected":false},"author":1037,"featured_media":0,"parent":12,"menu_order":0,"comment_status":"closed","ping_status":"closed","template":"","meta":{"footnotes":""},"_links":{"self":[{"href":"https:\/\/tecnologia.ufpr.br\/rpdta\/wp-json\/wp\/v2\/pages\/198"}],"collection":[{"href":"https:\/\/tecnologia.ufpr.br\/rpdta\/wp-json\/wp\/v2\/pages"}],"about":[{"href":"https:\/\/tecnologia.ufpr.br\/rpdta\/wp-json\/wp\/v2\/types\/page"}],"author":[{"embeddable":true,"href":"https:\/\/tecnologia.ufpr.br\/rpdta\/wp-json\/wp\/v2\/users\/1037"}],"replies":[{"embeddable":true,"href":"https:\/\/tecnologia.ufpr.br\/rpdta\/wp-json\/wp\/v2\/comments?post=198"}],"version-history":[{"count":3,"href":"https:\/\/tecnologia.ufpr.br\/rpdta\/wp-json\/wp\/v2\/pages\/198\/revisions"}],"predecessor-version":[{"id":280,"href":"https:\/\/tecnologia.ufpr.br\/rpdta\/wp-json\/wp\/v2\/pages\/198\/revisions\/280"}],"up":[{"embeddable":true,"href":"https:\/\/tecnologia.ufpr.br\/rpdta\/wp-json\/wp\/v2\/pages\/12"}],"wp:attachment":[{"href":"https:\/\/tecnologia.ufpr.br\/rpdta\/wp-json\/wp\/v2\/media?parent=198"}],"curies":[{"name":"wp","href":"https:\/\/api.w.org\/{rel}","templated":true}]}}