{"id":192,"date":"2017-10-05T14:17:00","date_gmt":"2017-10-05T14:17:00","guid":{"rendered":"https:\/\/tecnologia.ufpr.br\/rpdta\/?page_id=192"},"modified":"2017-10-17T17:09:18","modified_gmt":"2017-10-17T17:09:18","slug":"ufsc-projetos","status":"publish","type":"page","link":"https:\/\/tecnologia.ufpr.br\/rpdta\/projetos\/ufsc-projetos\/","title":{"rendered":"UFSC"},"content":{"rendered":"<p style=\"text-align: justify\"><strong>Trabalhos conclu\u00eddos<\/strong><\/p>\n<p style=\"text-align: justify\"><strong>TCC\u00b4s:<\/strong><\/p>\n<p style=\"text-align: justify\">Design para a inclus\u00e3o: o aparelho auditivo como acess\u00f3rio de moda. 2017. Trabalho de Conclus\u00e3o de Curso (Gradua\u00e7\u00e3o em Design de Produto &#8211; Conclu\u00eddo).<br \/>\nAluna: Julia Marina Cunha<br \/>\nOrientadora: Profa. Giselle Schmidt Alves D\u00edaz Merino, Dra.<\/p>\n<p style=\"text-align: justify\">Desenvolvimento de um cal\u00e7ado para mulheres com H\u00e1lux Valgo (joanete). 2017. Trabalho de Conclus\u00e3o de Curso (Gradua\u00e7\u00e3o em Design de Produto &#8211; Conclu\u00eddo).<br \/>\nAluna: Let\u00edcia Takayama.<br \/>\nOrientadora: Profa. Giselle Schmidt Alves D\u00edaz Merino, Dra.<\/p>\n<p style=\"text-align: justify\">Design Hospitalar: desenvolvimento de produto com foco na prepara\u00e7\u00e3o, transporte, administra\u00e7\u00e3o e descarte de medicamentos. 2016. Trabalho de Conclus\u00e3o de Curso. (Gradua\u00e7\u00e3o em Design -Conclu\u00eddo).<br \/>\nAluna: Isabela Souza Natividade<br \/>\nOrientador: Prof. Eugenio Andr\u00e9s D\u00edaz Merino, Dr.<br \/>\nCoorientadora: Profa. Giselle Schmidt Alves D\u00edaz Merino, Dra.<\/p>\n<p style=\"text-align: justify\">Design &amp; Sa\u00fade: contribui\u00e7\u00e3o do Desenho Industrial na reabilita\u00e7\u00e3o. 2015. Trabalho de Conclus\u00e3o de Curso. (Gradua\u00e7\u00e3o em Design &#8211; Conclu\u00eddo).<br \/>\nAluno: Guilherme Gentil Fernandes.<br \/>\nOrientador: Prof. Eugenio Andr\u00e9s D\u00edaz Merino, Dr.<br \/>\nCoorientadora: Profa. Giselle Schmidt Alves D\u00edaz Merino, Dra.<\/p>\n<p style=\"text-align: justify\">Tecnologia Assistiva: a contribui\u00e7\u00e3o do desenho industrial na sa\u00fade: projeto conceitual de muletas. 2014. Trabalho de Conclus\u00e3o de Curso. (Gradua\u00e7\u00e3o em Design de Produto &#8211; Conclu\u00eddo).<br \/>\nAluno: Gabriel Martins Gonzaga<br \/>\nOrientador: Prof. Eugenio Andr\u00e9s D\u00edaz Merino, Dr.<\/p>\n<p style=\"text-align: justify\"><strong>Disserta\u00e7\u00f5es:<\/strong><\/p>\n<p style=\"text-align: justify\">Gest\u00e3o de Design na hotelaria com foco na acessibilidade. 2015. Disserta\u00e7\u00e3o (Mestrado em Design e Express\u00e3o Gr\u00e1fica &#8211; Conclu\u00eddo).<br \/>\nAluna: Michela Fran\u00e7a<br \/>\nOrientador: Prof. Eugenio Andr\u00e9s D\u00edaz Merino, Dr.<br \/>\nCoorientadora: Profa. Giselle Schmidt Alves D\u00edaz Merino, Dra.<\/p>\n<p style=\"text-align: justify\">Racioc\u00ednio cl\u00ednico e ergonomia cognitiva: uma abordagem dos erros diagn\u00f3sticos a partir da teoria dos dois sistemas. 2016. Disserta\u00e7\u00e3o (Mestrado em Engenharia de Produ\u00e7\u00e3o &#8211; Conclu\u00eddo).<br \/>\nAluno: Rodrigo Barddal<br \/>\nOrientador: Prof. Eugenio Andr\u00e9s D\u00edaz Merino, Dr.<\/p>\n<p style=\"text-align: justify\"><strong>Teses:<\/strong><\/p>\n<p style=\"text-align: justify\">Modelo Usu\u00e1rio &#8211; produto: Uma Ferramenta de Avalia\u00e7\u00e3o na Gest\u00e3o de Projetos Centrado no Ser Humano. 2017. Tese (Doutorado em Design e Express\u00e3o Gr\u00e1fica &#8211; Conclu\u00eddo).<br \/>\nAluno: Lucas Jos\u00e9 Garcia<br \/>\nOrientador: Prof. Eugenio Andr\u00e9s D\u00edaz Merino, Dr.<br \/>\nCoorientadora: Profa. Giselle Schmidt Alves D\u00edaz Merino, Dra.<\/p>\n<p style=\"text-align: justify\">Erro Humano na sa\u00fade: o caso com medicamentos de alto risco por via intravenosa. 2015. Tese (Doutorado em Engenharia de Produ\u00e7\u00e3o &#8211; Conclu\u00eddo).\u00a0Aluna: Eva Maria Seitz<br \/>\nOrientador: Prof. Eugenio Andr\u00e9s D\u00edaz Merino, Dr.<\/p>\n<p style=\"text-align: justify\"><strong>P\u00f3s-doc:<\/strong><\/p>\n<p style=\"text-align: justify\">Bruno Maia De Guimar\u00e3es.<br \/>\nPer\u00edodo: outubro de 2015 a julho de 2016<br \/>\nEstudo sobre biomec\u00e2nica e acessibilidade com participa\u00e7\u00e3o no desenvolvimento de duas \u00f3rteses de membros inferiores de dois pacientes do IPq-SC e na avalia\u00e7\u00e3o de duas ferramentas manuais para despenca da banana e para o arranque de ra\u00edzes de mandioca que est\u00e3o em desenvolvimento no NGD-LDU UFSC<\/p>\n<p style=\"text-align: justify\">Graziela Guzi Moraes.<br \/>\nPer\u00edodo: agosto de 2016 a julho de 2017.<br \/>\nAlinhado aos princ\u00edpios de atua\u00e7\u00e3o da rede de pesquisa RPDTA , a proposta de pesquisa prop\u00f4s a produ\u00e7\u00e3o de subs\u00eddio te\u00f3rico, metodol\u00f3gico e pr\u00e1tico de gest\u00e3o com \u00eanfase em tecnologia de materiais e processos para o planejamento e execu\u00e7\u00e3o de dispositivos m\u00e9dicos que potencializem as habilidades funcionais dos indiv\u00edduos com limita\u00e7\u00f5es espec\u00edficas.<\/p>\n<p style=\"text-align: justify\"><strong>Trabalhos em andamento<\/strong><\/p>\n<p style=\"text-align: justify\"><strong>TCC:<\/strong><\/p>\n<p style=\"text-align: justify\">Carolina Schutz Rosa.<br \/>\nOrientadora: Profa. Giselle Schmidt Alves D\u00edaz Merino, Dra.<br \/>\nDesign de produto &amp; Tecnologia Assistiva.<br \/>\nIn\u00edcio: 2017. Trabalho de Conclus\u00e3o de Curso (Gradua\u00e7\u00e3o em Design de Produto) &#8211; UFSC<br \/>\nResumo: desenvolvimento de dispositivo auxiliar de marcha (muleta) para usu\u00e1rio com limita\u00e7\u00e3o motora.<\/p>\n<p style=\"text-align: justify\">Bruna Boeing.<br \/>\nOrientadora: Profa. Giselle Schmidt Alves D\u00edaz Merino, Dra.<br \/>\nDesign de produto &amp; Tecnologia Assistiva.<br \/>\nIn\u00edcio: 2017. Trabalho de Conclus\u00e3o de Curso (Gradua\u00e7\u00e3o em Design de Produto) &#8211; UFSC<br \/>\nResumo: desenvolvimento de dispositivo para estabiliza\u00e7\u00e3o e corre\u00e7\u00e3o de membros superiores para um usu\u00e1rio com limita\u00e7\u00e3o motora.<\/p>\n<p style=\"text-align: justify\"><strong>Disserta\u00e7\u00f5es:<\/strong><\/p>\n<p style=\"text-align: justify\">Renata Hinnig<br \/>\nOrientadora: Profa. Giselle Schmidt Alves D\u00edaz Merino, Dra.<br \/>\nGest\u00e3o de Design e Sa\u00fade: um estudo de caso no Instituto de Psiquiatria de Santa Catarina.<br \/>\nPer\u00edodo: 2016-2017. Disserta\u00e7\u00e3o (Mestrado em Programa de P\u00f3s-gradua\u00e7\u00e3o em Design)<br \/>\nResumo: A pesquisa tem como objetivo diagnosticar o servi\u00e7o na \u00e1rea da sa\u00fade no Instituto de Psiquiatria de Santa Catarina (IPq-SC) por meio da Gest\u00e3o de Design. Encontra-se dividida em duas fases: Fundamenta\u00e7\u00e3o Te\u00f3rica e Estudo de Caso. Espera-se contribuir para a melhoria dos servi\u00e7os de sa\u00fade em um Hospital Psiqui\u00e1trico, por meio da Gest\u00e3o de Design<\/p>\n<p style=\"text-align: justify\">Franciele Forcelini.<br \/>\nOrientador: Prof. Eugenio Andr\u00e9s D\u00edaz Merino, Dr.<br \/>\nGest\u00e3o de Design e Instrumenta\u00e7\u00e3o tecnol\u00f3gica aplicada: termografia.<br \/>\nPer\u00edodo: 2017-2018. Disserta\u00e7\u00e3o (Mestrado profissional em Design e Express\u00e3o Gr\u00e1fica)<br \/>\nResumo: o uso da instrumenta\u00e7\u00e3o tecnol\u00f3gica para a coleta de dados em Tecnologia Assistiva, com foco no registro termogr\u00e1fico (FLIR E40).<\/p>\n<p style=\"text-align: justify\">Thiago Varnier.<br \/>\nOrientador: Prof. Eugenio Andr\u00e9s D\u00edaz Merino, Dr.<br \/>\nGest\u00e3o de Design e Instrumenta\u00e7\u00e3o tecnol\u00f3gica aplicada: captura de movimentos por sensores inerciais.<br \/>\nPer\u00edodo: 2017-2018. Disserta\u00e7\u00e3o (Mestrado profissional em Design e Express\u00e3o Gr\u00e1fica)<br \/>\nResumo: o uso da instrumenta\u00e7\u00e3o tecnol\u00f3gica para a coleta de dados em Tecnologia Assistiva, com foco na captura de movimentos (X sens).<\/p>\n<p style=\"text-align: justify\"><strong>Teses:<\/strong><\/p>\n<p style=\"text-align: justify\">Arina Blum<br \/>\nOrientadora: Profa. Giselle Schmidt Alves D\u00edaz Merino, Dra.<br \/>\nContribui\u00e7\u00f5es da Gest\u00e3o de Design para a preven\u00e7\u00e3o do erro de medica\u00e7\u00e3o: Guia de procedimentos para farm\u00e1cia hospitalar.<br \/>\nPer\u00edodo: 2014-2017. Tese (Doutorado em Programa de P\u00f3s-gradua\u00e7\u00e3o em Design)<br \/>\nResumo: Proposta de um guia de procedimentos para Farm\u00e1cia Hospitalar com base na Gest\u00e3o de Design para a preven\u00e7\u00e3o do erro de medica\u00e7\u00e3o. A partir do estudo de caso no Instituto de Psiquiatria de Santa Catarina, abrange a\u00e7\u00f5es nos n\u00edveis operacional, t\u00e1tico e estrat\u00e9gico do Design.<\/p>\n<p style=\"text-align: justify\">Giuliano Mannrich.<br \/>\nOrientador: Prof. Eugenio Andr\u00e9s D\u00edaz Merino, Dr.<br \/>\nErgonomia e sa\u00fade ocupacional.<br \/>\nPer\u00edodo: 2014-2017. Tese (Doutorado em Programa de P\u00f3s-Gradua\u00e7\u00e3o em Engenharia de Produ\u00e7\u00e3o).<br \/>\nResumo: Verifica\u00e7\u00e3o da sobrecarga fisiol\u00f3gica e risco para les\u00f5es osteomioarticulares de trabalhadores do Instituto de Psiquiatria de Santa Catarina, atrav\u00e9s da utiliza\u00e7\u00e3o do sistema de captura de movimentos por in\u00e9rcia MVN Biomech \u2013 Xsens.<\/p>\n<p style=\"text-align: justify\">Rosimeri Franck Pichler<br \/>\nOrientadora: Profa. Giselle Schmidt Alves D\u00edaz Merino, Dra.<br \/>\nGest\u00e3o de Design e Tecnologia Assistiva: levantamento de dados com foco no usu\u00e1rio durante o processo de desenvolvimento de projetos com equipes multidisciplinares.<br \/>\nPer\u00edodo: 2015-2019. Tese (Doutorado em Programa de P\u00f3s-gradua\u00e7\u00e3o em Design)<br \/>\nResumo: Desenvolvimento de um kit de ferramentas para auxiliar no levantamento, organiza\u00e7\u00e3o e an\u00e1lise de dados sobre o produto, o usu\u00e1rio e o contexto em projetos interdisciplinares de Tecnologia Assistiva com abordagem centrada no usu\u00e1rio.<\/p>\n<p style=\"text-align: justify\">Aline Girardi Gobbi.<br \/>\nOrientador: Prof. Eugenio Andr\u00e9s D\u00edaz Merino, Dr.<br \/>\nUsabilidade e Tecnologia: o uso do Eye Tracking como ferramenta de avalia\u00e7\u00e3o.<br \/>\nPer\u00edodo: 2016-2019. Tese (Doutorado em Programa de P\u00f3s-Gradua\u00e7\u00e3o em Engenharia de Produ\u00e7\u00e3o)<br \/>\nResumo: Os testes de usabilidade em interfaces digitais t\u00eam se desenvolvido com o decorrer dos anos. A subjetividade destes testes pode muitas vezes gerar problemas de interpreta\u00e7\u00e3o de resultados. Por este motivo, ferramentas de avalia\u00e7\u00e3o de usabilidade que retornam dados objetivos se tornam importantes para a obten\u00e7\u00e3o de resultados mais confi\u00e1veis<\/p>\n<p style=\"text-align: justify\">Lincoln da Silva (PPGEP)<br \/>\nOrientador: Prof. Eugenio Andr\u00e9s D\u00edaz Merino, Dr.<br \/>\nInstrumenta\u00e7\u00e3o tecnol\u00f3gica aplicada: eletromiografia de superf\u00edcie e dinamometria.<br \/>\nPer\u00edodo: 2017-2020. Tese (Doutorado em Programa de P\u00f3s-Gradua\u00e7\u00e3o em Engenharia de Produ\u00e7\u00e3o)<\/p>\n<p style=\"text-align: justify\">Carmen Elena Martinez Riascos &#8211; PPGEP<br \/>\nOrientador: Prof. Eugenio Andr\u00e9s D\u00edaz Merino, Dr.<br \/>\nInstrumenta\u00e7\u00e3o tecnol\u00f3gica aplicada a produtos, ambientes e sistemas industriais: rastreamento ocular (eye tracking).<br \/>\nPer\u00edodo: 2017-2020. Tese (Doutorado em Programa de P\u00f3s-Gradua\u00e7\u00e3o em Engenharia de Produ\u00e7\u00e3o)<\/p>\n<p style=\"text-align: justify\">Diego Mattos &#8211; PPGEP<br \/>\nOrientador: Prof. Eugenio Andr\u00e9s D\u00edaz Merino, Dr.<br \/>\nSoftware IBV: PNE em sistemas industriais<br \/>\nPer\u00edodo: 2016-2019. Tese (Doutorado em Programa de P\u00f3s-Gradua\u00e7\u00e3o em Engenharia de Produ\u00e7\u00e3o)<\/p>\n<p>&nbsp;<\/p>\n","protected":false},"excerpt":{"rendered":"<p>Trabalhos conclu\u00eddos TCC\u00b4s: Design para a inclus\u00e3o: o aparelho auditivo como acess\u00f3rio de moda. 2017. Trabalho de Conclus\u00e3o de Curso (Gradua\u00e7\u00e3o em Design de Produto &#8211; Conclu\u00eddo). Aluna: Julia Marina Cunha Orientadora: Profa. Giselle Schmidt Alves D\u00edaz Merino, Dra. Desenvolvimento de um cal\u00e7ado para mulheres com H\u00e1lux Valgo (joanete). 2017. Trabalho de Conclus\u00e3o de Curso [&hellip;]<\/p>\n","protected":false},"author":1037,"featured_media":0,"parent":12,"menu_order":0,"comment_status":"closed","ping_status":"closed","template":"","meta":{"footnotes":""},"_links":{"self":[{"href":"https:\/\/tecnologia.ufpr.br\/rpdta\/wp-json\/wp\/v2\/pages\/192"}],"collection":[{"href":"https:\/\/tecnologia.ufpr.br\/rpdta\/wp-json\/wp\/v2\/pages"}],"about":[{"href":"https:\/\/tecnologia.ufpr.br\/rpdta\/wp-json\/wp\/v2\/types\/page"}],"author":[{"embeddable":true,"href":"https:\/\/tecnologia.ufpr.br\/rpdta\/wp-json\/wp\/v2\/users\/1037"}],"replies":[{"embeddable":true,"href":"https:\/\/tecnologia.ufpr.br\/rpdta\/wp-json\/wp\/v2\/comments?post=192"}],"version-history":[{"count":13,"href":"https:\/\/tecnologia.ufpr.br\/rpdta\/wp-json\/wp\/v2\/pages\/192\/revisions"}],"predecessor-version":[{"id":341,"href":"https:\/\/tecnologia.ufpr.br\/rpdta\/wp-json\/wp\/v2\/pages\/192\/revisions\/341"}],"up":[{"embeddable":true,"href":"https:\/\/tecnologia.ufpr.br\/rpdta\/wp-json\/wp\/v2\/pages\/12"}],"wp:attachment":[{"href":"https:\/\/tecnologia.ufpr.br\/rpdta\/wp-json\/wp\/v2\/media?parent=192"}],"curies":[{"name":"wp","href":"https:\/\/api.w.org\/{rel}","templated":true}]}}