{"id":190,"date":"2017-10-05T14:16:42","date_gmt":"2017-10-05T14:16:42","guid":{"rendered":"https:\/\/tecnologia.ufpr.br\/rpdta\/?page_id=190"},"modified":"2019-05-29T21:52:17","modified_gmt":"2019-05-29T21:52:17","slug":"ufpr-projetos","status":"publish","type":"page","link":"https:\/\/tecnologia.ufpr.br\/rpdta\/projetos\/ufpr-projetos\/","title":{"rendered":"UFPR"},"content":{"rendered":"<h6><span style=\"color: #2590f5\"><strong>PROJETOS EM ANDAMENTO<\/strong><\/span><\/h6>\n<hr \/>\n<p><strong>Adequa\u00e7\u00f5es para cadeiras de rodas<\/strong><\/p>\n<p><em>Ana Helena Perez Costa | Mestranda Engenharia Mec\u00e2nica<\/em><\/p>\n<p><strong>Levantamento antropom\u00e9trico digital por\u00a0<\/strong><strong>escaneamento 3d para a modelagem no design de\u00a0<\/strong><strong>moda plus size<\/strong><\/p>\n<p><em>Caelen Teger da Silva | Mestranda em Design (SPU) |\u00a0<\/em><em>caelenteger@gmail.com<\/em><\/p>\n<p><strong>Artefato para o desenvolvimento e avalia\u00e7\u00e3o de\u00a0<\/strong><strong>Interfaces Multimodais Inclusivas<\/strong><\/p>\n<p><em>Dominique Leite Adam | Doutoranda em Design (SI) |\u00a0<\/em><em>domiadam@gmail.com\u00a0<\/em><\/p>\n<p><strong>Sistema de tradu\u00e7\u00e3o t\u00e1til para acessibilidade de\u00a0pessoas cegas na educa\u00e7\u00e3o<\/strong><\/p>\n<p><em>Emilia Christie Picelli Sanches | Doutoranda em Design (SPU) | e<\/em><em>milia.ecps@gmail.com\u00a0<\/em><\/p>\n<p><strong>Antropometria digital para pessoas com\u00a0defici\u00eancia motora<\/strong><\/p>\n<p><em>Isabella Souza Sierra | Doutoranda em Design (SPU) |\u00a0<\/em><em>isa.dss@gmail.com<\/em><\/p>\n<p><strong>An\u00e1lise dos processos avaliativos de tecnologia\u00a0<\/strong><strong>assistiva para deficientes visuais<\/strong><\/p>\n<p><em>Kelli C.A.S. Smythe | P\u00f3s-Doutoranda em Design |\u00a0<\/em><em>kellicas@gmail.com<\/em><\/p>\n<p><strong>Sistema de Wayfinding para Deficientes Visuais<\/strong><\/p>\n<p><em>Laureen Coelho | Mestranda em Design (SPU) |\u00a0<\/em><em>laureencoelho@gmail.com<\/em><\/p>\n<p><strong>Processos de fabrica\u00e7\u00e3o para a aplica\u00e7\u00e3o do\u00a0c\u00f3digo de cores See Color por embossing<\/strong><\/p>\n<p><em>Lilian Barbosa | Mestranda em Engenharia Mec\u00e2nica | l<\/em><em>iliandesigner@gmail.com<\/em><\/p>\n<p><strong>Auxilio de rota de tr\u00e2nsito para carro aut\u00f4nomo \u2013\u00a0<\/strong><strong>Rota do tr\u00e2nsito Antonina \u00e0 Curitiba<\/strong><\/p>\n<p><em>Lucas Cardoso Broto | Mestrando Engenharia Mec\u00e2nica<\/em><\/p>\n<p><strong>M\u00e9todo para a sele\u00e7\u00e3o de Exoesqueleto para uso\u00a0<\/strong><strong>em linhas de montagem<\/strong><\/p>\n<p><em>Marcio Salatiel | Mestrando em Engenharia Mec\u00e2nica |\u00a0<\/em><em>marciohauaggeem@gmail.com<\/em><\/p>\n<p><strong>Design de experi\u00eancias inclusivas em chatbots<\/strong><\/p>\n<p><em>Rodrigo Diego de Oliveira Mestrando em Design (SPU)<\/em><\/p>\n<p><strong>Realidade Aumentada como apoio para o\u00a0desenvolvimento de crian\u00e7as com Transtorno do\u00a0Espectro Autista<\/strong><\/p>\n<p><em>Thays Gruber | Mestranda em Design (SPU) |\u00a0<\/em><em>thays.gruber@gmail.com<\/em><\/p>\n<p><strong>Avalia\u00e7\u00e3o de sistema de wayfinding em parques p\u00fablicos para pessoas com baixa vis\u00e3o<\/strong><\/p>\n<p><em> Sabrina Talita de Oliveira | Doutoranda em Design (SPU) |\u00a0<\/em><\/p>\n<h6><span style=\"color: #2590f5\"><strong>PROJETOS DE INICIA\u00c7\u00c3O CIENT\u00cdFICA<\/strong><\/span><\/h6>\n<hr \/>\n<p><strong>Realidade virtual para deficientes visuais e como\u00a0m\u00e9todo educativo<\/strong><\/p>\n<p><em>Bruno da Silva Cardoso | IC Engenharia Mec\u00e2nica |\u00a0<\/em><em>brunodasilvacardoso@gmail.com<\/em><\/p>\n<p><strong>Plataforma de escaneamento para otimizar\u00a0digitaliza\u00e7\u00e3o 3D com Kinect<\/strong><\/p>\n<p><em>Bruno Gon\u00e7alves Rocha | IC Engenharia Mec\u00e2nica |\u00a0<\/em><em>brunogr96@gmail.com\u00a0<\/em><\/p>\n<p><strong>Otimiza\u00e7\u00e3o dos processos de escaneamento 3D<\/strong><\/p>\n<p><em>Bruno Ribeiro de Lima Barbieri | IC Engenharia Mec\u00e2nica |\u00a0<\/em><em>brunobarbieri16@gmail.com<\/em><\/p>\n<p><strong>Captura de imagem corporal de pessoas com\u00a0defici\u00eancia motora por escaneamento 3D<\/strong><\/p>\n<p><em>Fl\u00e1vio Seiji Kamimura Oura | IC Engenharia Mec\u00e2nica |\u00a0<\/em><em>flavioseijiko@gmail.com<\/em><\/p>\n<p><strong>Sele\u00e7\u00e3o de crit\u00e9rios para a confec\u00e7\u00e3o de matrizes\u00a0<\/strong><strong>t\u00e1teis por prototipagem r\u00e1pida<\/strong><\/p>\n<p><em>Guilherme da Costa Mattos Silva | IC Engenharia Mec\u00e2nica |\u00a0<\/em><em>guilherme.cm.silva@gmail.com\u00a0<\/em><\/p>\n<p><strong>Avalia\u00e7\u00e3o de interfaces digitais de acessibilidade<\/strong><\/p>\n<p><em>Isabela Zarpellon Nascimento | IC Engenharia Mec\u00e2nica |\u00a0<\/em><em>izarpellon26@gmail.com<\/em><\/p>\n<p><strong>Gera\u00e7\u00e3o e tratamento de imagens a partir de\u00a0scanner 3D por tecnologia de Kinect<\/strong><\/p>\n<p><em>Matheus Carlos Barbosa | IC Engenharia Mec\u00e2nica |\u00a0<\/em><em>cbarbosa.math@gmail.com<\/em><\/p>\n<p><strong>Procedimentos para avalia\u00e7\u00e3o ergon\u00f4mica de\u00a0condutores<\/strong><\/p>\n<p><em>Sergio Gabriel Baracioli Guerra | IC Engenharia Mec\u00e2nica |\u00a0<\/em><em>sergiobguerra@gmail.com<\/em><\/p>\n<p><strong>Adequa\u00e7\u00f5es para cadeira de rodas<\/strong><\/p>\n<p><em>Vin\u00edcius Voos Ritter | Inicia\u00e7\u00e3o Cient\u00edfica Engenharia\u00a0<\/em><em>Mec\u00e2nica | viniritter258@gmail.com<\/em><\/p>\n<h6><span style=\"color: #2590f5\"><strong>PROJETOS CONCLU\u00cdDOS<\/strong><\/span><\/h6>\n<hr \/>\n<p><strong>M\u00e9todo de cocria\u00e7\u00e3o de moda funcional para\u00a0<\/strong><strong>pessoas com defici\u00eancia motora<\/strong><\/p>\n<p><em>Bruna Brogin | Doutora em Design (SPU) |\u00a0<\/em><em>brunabrogin@hotmail.com<\/em><\/p>\n<p><strong>Par\u00e2metros para a aplica\u00e7\u00e3o do c\u00f3digo de cores\u00a0<\/strong><strong>&#8220;See Color&#8221; em imagens<\/strong><\/p>\n<p><em>Gisele Yumi Arabori Ribeiro | Mestra em Design (SPU) |\u00a0<\/em><em>gisele.yr@gmail.com<\/em><\/p>\n<p><strong>Design Universal de c\u00f3digo de cores t\u00e1til:\u00a0<\/strong><strong>contribui\u00e7\u00e3o de acessibilidade para pessoas com\u00a0<\/strong><strong>defici\u00eancia visual<\/strong><\/p>\n<p><em>Sandra Marchi | Doutora em Engenharia |\u00a0<\/em><em>marchi.sandra@gmail.com<\/em><\/p>\n<p><strong>Mensura\u00e7\u00e3o de emo\u00e7\u00f5es durante a intera\u00e7\u00e3o\u00a0<\/strong><strong>homem-computador: uma ferramenta livre para\u00a0<\/strong><strong>coleta de dados fisiol\u00f3gicos<\/strong><\/p>\n<p><em>Victor Emanuel Montes Moreira | Mestre em Design\u00a0<\/em><em>(SPU) | victoremmoreira@gmail.com\u00a0<\/em><\/p>\n<p><strong>Desenvolvimento de mobili\u00e1rio escolar para pessoas com defici\u00eancia motora<\/strong><\/p>\n<p>Rafaela Tanure |\u00a0Projeto de p\u00f3s-doutorado<\/p>\n<p><strong>M\u00e9todo de inclus\u00e3o de pessoas com defici\u00eancia em postos de trabalho de produ\u00e7\u00e3o industrial<\/strong><\/p>\n<p>Edson Teixeira |\u00a0Projeto de doutorado<\/p>\n<p><strong>Design da experi\u00eancia de pessoas com baixa vis\u00e3o em restaurantes<\/strong>\u00a0Katsuk Suemitsu (Conclu\u00eddo)<\/p>\n<hr \/>\n<p>**SI: Sistemas de Informa\u00e7\u00e3o |\u00a0SPU: Sistemas de Produ\u00e7\u00e3o e Utiliza\u00e7\u00e3o**<\/p>\n","protected":false},"excerpt":{"rendered":"<p>PROJETOS EM ANDAMENTO Adequa\u00e7\u00f5es para cadeiras de rodas Ana Helena Perez Costa | Mestranda Engenharia Mec\u00e2nica Levantamento antropom\u00e9trico digital por\u00a0escaneamento 3d para a modelagem no design de\u00a0moda plus size Caelen Teger da Silva | Mestranda em Design (SPU) |\u00a0caelenteger@gmail.com Artefato para o desenvolvimento e avalia\u00e7\u00e3o de\u00a0Interfaces Multimodais Inclusivas Dominique Leite Adam | Doutoranda em Design [&hellip;]<\/p>\n","protected":false},"author":1037,"featured_media":0,"parent":12,"menu_order":0,"comment_status":"closed","ping_status":"closed","template":"","meta":{"footnotes":""},"_links":{"self":[{"href":"https:\/\/tecnologia.ufpr.br\/rpdta\/wp-json\/wp\/v2\/pages\/190"}],"collection":[{"href":"https:\/\/tecnologia.ufpr.br\/rpdta\/wp-json\/wp\/v2\/pages"}],"about":[{"href":"https:\/\/tecnologia.ufpr.br\/rpdta\/wp-json\/wp\/v2\/types\/page"}],"author":[{"embeddable":true,"href":"https:\/\/tecnologia.ufpr.br\/rpdta\/wp-json\/wp\/v2\/users\/1037"}],"replies":[{"embeddable":true,"href":"https:\/\/tecnologia.ufpr.br\/rpdta\/wp-json\/wp\/v2\/comments?post=190"}],"version-history":[{"count":11,"href":"https:\/\/tecnologia.ufpr.br\/rpdta\/wp-json\/wp\/v2\/pages\/190\/revisions"}],"predecessor-version":[{"id":475,"href":"https:\/\/tecnologia.ufpr.br\/rpdta\/wp-json\/wp\/v2\/pages\/190\/revisions\/475"}],"up":[{"embeddable":true,"href":"https:\/\/tecnologia.ufpr.br\/rpdta\/wp-json\/wp\/v2\/pages\/12"}],"wp:attachment":[{"href":"https:\/\/tecnologia.ufpr.br\/rpdta\/wp-json\/wp\/v2\/media?parent=190"}],"curies":[{"name":"wp","href":"https:\/\/api.w.org\/{rel}","templated":true}]}}