{"id":18,"date":"2017-07-20T12:37:42","date_gmt":"2017-07-20T12:37:42","guid":{"rendered":"https:\/\/tecnologia.ufpr.br\/rpdta\/?page_id=18"},"modified":"2017-10-30T18:17:19","modified_gmt":"2017-10-30T18:17:19","slug":"contato","status":"publish","type":"page","link":"https:\/\/tecnologia.ufpr.br\/rpdta\/contato\/","title":{"rendered":"Contato"},"content":{"rendered":"<p><span style=\"font-family: Verdana\">Prof. Dr. Maria L\u00facia Okimoto<br \/>\nCoordenadora geral da RPDTA<br \/>\nCoordenadora do Laborat\u00f3rio de Ergonomia e Usabilidade da UFPR &#8211; LABERG<br \/>\nProf. do PPG em Design e da Gradua\u00e7\u00e3o em Eng. Mec\u00e2nica da UFPR<br \/>\nE-mail: lucia.demec@ufpr.br<br \/>\nTelefone: 41. 3361 3703 <\/span><\/p>\n<p>Prof. Dr. Jos\u00e9 Aguiomar Foggiatto<br \/>\nProf. do PPG em Eng. Mec\u00e2nica e de Materiais da UTFPR<br \/>\nPesquisador do N\u00facleo Manufatura Aditiva e Ferramental \u2013 NUFER<br \/>\nfoggiatto@utfpr.edu.br<br \/>\nTelefone: 41. 3279 6547<\/p>\n<p><span style=\"font-family: Verdana\">Prof. Dr. Eugenio Andr\u00e9s Diaz Merino<br \/>\nProf. do PPG Design e PPG em Eng. Produ\u00e7\u00e3o UFSC<br \/>\nCoordenador do N\u00facleo de Gest\u00e3o de Design \u2013 NGD da UFSC<br \/>\neugenio.merino@ufsc.br<br \/>\nTelefone: 48. 3721 6403<\/span><\/p>\n<p><span style=\"font-family: Verdana\">Prof. Dr. Luis Carlos Paschoarelli<br \/>\nDoutor em Engenharia de Produ\u00e7\u00e3o<br \/>\npaschoarelli@faac.unesp.br<br \/>\nTelefone: 14. 3103 6062<\/span><\/p>\n","protected":false},"excerpt":{"rendered":"<p>Prof. Dr. Maria L\u00facia Okimoto Coordenadora geral da RPDTA Coordenadora do Laborat\u00f3rio de Ergonomia e Usabilidade da UFPR &#8211; LABERG Prof. do PPG em Design e da Gradua\u00e7\u00e3o em Eng. Mec\u00e2nica da UFPR E-mail: lucia.demec@ufpr.br Telefone: 41. 3361 3703 Prof. Dr. Jos\u00e9 Aguiomar Foggiatto Prof. do PPG em Eng. Mec\u00e2nica e de Materiais da UTFPR [&hellip;]<\/p>\n","protected":false},"author":1037,"featured_media":0,"parent":0,"menu_order":0,"comment_status":"closed","ping_status":"closed","template":"","meta":{"footnotes":""},"_links":{"self":[{"href":"https:\/\/tecnologia.ufpr.br\/rpdta\/wp-json\/wp\/v2\/pages\/18"}],"collection":[{"href":"https:\/\/tecnologia.ufpr.br\/rpdta\/wp-json\/wp\/v2\/pages"}],"about":[{"href":"https:\/\/tecnologia.ufpr.br\/rpdta\/wp-json\/wp\/v2\/types\/page"}],"author":[{"embeddable":true,"href":"https:\/\/tecnologia.ufpr.br\/rpdta\/wp-json\/wp\/v2\/users\/1037"}],"replies":[{"embeddable":true,"href":"https:\/\/tecnologia.ufpr.br\/rpdta\/wp-json\/wp\/v2\/comments?post=18"}],"version-history":[{"count":13,"href":"https:\/\/tecnologia.ufpr.br\/rpdta\/wp-json\/wp\/v2\/pages\/18\/revisions"}],"predecessor-version":[{"id":384,"href":"https:\/\/tecnologia.ufpr.br\/rpdta\/wp-json\/wp\/v2\/pages\/18\/revisions\/384"}],"wp:attachment":[{"href":"https:\/\/tecnologia.ufpr.br\/rpdta\/wp-json\/wp\/v2\/media?parent=18"}],"curies":[{"name":"wp","href":"https:\/\/api.w.org\/{rel}","templated":true}]}}