{"id":731,"date":"2017-03-27T14:44:01","date_gmt":"2017-03-27T14:44:01","guid":{"rendered":"https:\/\/tecnologia.ufpr.br\/pipe\/?page_id=731"},"modified":"2019-09-03T21:43:48","modified_gmt":"2019-09-04T00:43:48","slug":"localizacao","status":"publish","type":"page","link":"https:\/\/tecnologia.ufpr.br\/pipeen\/localizacao\/","title":{"rendered":"About Curitiba &#8211; Brazil"},"content":{"rendered":"<p>Curitiba is the Paran\u00e1 state capital, being located at the southernmost region of Brazil. It is the most populated city of South Brazil with about 2,000,000 inhabitants and one of the highest HDIs in Latin America. Its mild subtropical climate, with moderate summers and not too cold winters makes the living in the city very pleasant, with an average temperature of 18oC (55oF) over the year. Minima goes down to -2oC (28oF) in the winter, extending from June 21st to September 23rd, and maxima reaches 35oC (95oF) during summer (December 21st to March 21st). Curitiba stands out for being one of the most developed cities in Brazil, with a vast industrial park within its metropolitan area and a dynamic economy, including multinational companies such as Petrobras, Bosch, Renault and many others. The city also has high educational indices; having more than 5 universities and a variety of undergraduate courses, in all areas of Natural Sciences and Engineering. The city has vast green areas, large venues and parks, cycling areas, the best public transport services in Brazil and an effervescent cultural scene. To learn more about Curitiba, access the link (site da prefeitura).<\/p>\n<p>http:\/\/www.turismo.curitiba.pr.gov.br\/<\/p>\n<h2 style=\"text-align: justify\"><strong>Location Map:<\/strong><\/h2>\n<p>Click\u00a0<a href=\"https:\/\/www.google.com\/maps\/place\/Pr%C3%A9dio+de+Administra%C3%A7%C3%A3o\/@-25.4505091,-49.2324829,15z\/data=!4m5!3m4!1s0x0:0x933ac80eef1c0cd!8m2!3d-25.4505091!4d-49.2324829\">here<\/a>\u00a0to obtain the location map of PIPE, inside the Politechnique Center of UFPR. The Secretary Office is located on the 2nd Floor of the Administration Building of Technology Sector.<\/p>\n<h2><strong>Mailing Address:<\/strong><\/h2>\n<hr \/>\n<p>Centro Polit\u00e9cnico \u2013 Edif\u00edcio de Administra\u00e7\u00e3o, 2\u00ba Andar Avenida Coronel Francisco Her\u00e1clito dos Santos, n\u00ba 100, Jardim das Am\u00e9ricas Curitiba \u2013 PR CEP: 81530-000 Caixa Postal: 19011 CEP: 81531-980 Curitiba \u2013 PR<\/p>\n<hr \/>\n<p>CNPJ (UFPR): 75.095.679\/0001-49<\/p>\n","protected":false},"excerpt":{"rendered":"<p>Curitiba is the Paran\u00e1 state capital, being located at the southernmost region of Brazil. It is the most populated city of South Brazil with about 2,000,000 inhabitants and one of the highest HDIs in Latin America. Its mild subtropical climate, with moderate summers and not too cold winters makes the living in the city very [&hellip;]<\/p>\n","protected":false},"author":1,"featured_media":0,"parent":0,"menu_order":0,"comment_status":"closed","ping_status":"closed","template":"","meta":{"footnotes":""},"_links":{"self":[{"href":"https:\/\/tecnologia.ufpr.br\/pipeen\/wp-json\/wp\/v2\/pages\/731"}],"collection":[{"href":"https:\/\/tecnologia.ufpr.br\/pipeen\/wp-json\/wp\/v2\/pages"}],"about":[{"href":"https:\/\/tecnologia.ufpr.br\/pipeen\/wp-json\/wp\/v2\/types\/page"}],"author":[{"embeddable":true,"href":"https:\/\/tecnologia.ufpr.br\/pipeen\/wp-json\/wp\/v2\/users\/1"}],"replies":[{"embeddable":true,"href":"https:\/\/tecnologia.ufpr.br\/pipeen\/wp-json\/wp\/v2\/comments?post=731"}],"version-history":[{"count":2,"href":"https:\/\/tecnologia.ufpr.br\/pipeen\/wp-json\/wp\/v2\/pages\/731\/revisions"}],"predecessor-version":[{"id":4534,"href":"https:\/\/tecnologia.ufpr.br\/pipeen\/wp-json\/wp\/v2\/pages\/731\/revisions\/4534"}],"wp:attachment":[{"href":"https:\/\/tecnologia.ufpr.br\/pipeen\/wp-json\/wp\/v2\/media?parent=731"}],"curies":[{"name":"wp","href":"https:\/\/api.w.org\/{rel}","templated":true}]}}