{"id":3706,"date":"2016-03-10T18:16:50","date_gmt":"2016-03-10T18:16:50","guid":{"rendered":"https:\/\/tecnologia.ufpr.br\/pipe\/?page_id=46"},"modified":"2025-06-04T16:31:34","modified_gmt":"2025-06-04T19:31:34","slug":"processo-seletivo-doutorado","status":"publish","type":"page","link":"https:\/\/tecnologia.ufpr.br\/pipeen\/processo-seletivo-doutorado\/","title":{"rendered":"Doutorado"},"content":{"rendered":"\n<p><strong>INSCRI\u00c7\u00d5ES PARA O PROCESSO SELETIVO&nbsp;DE DOUTORADO (Fluxo cont\u00ednuo)<\/strong><\/p>\n\n\n\n<p>As inscri\u00e7\u00f5es para o doutorado ocorrem em regime de fluxo cont\u00ednuo&nbsp;<em>(ingresso oficial no in\u00edcio de cada semestre letivo, de acordo com o Regimento do Programa).<\/em><\/p>\n\n\n\n<p>O candidato deve entrar em contato com um docente credenciado no PIPE e escrever Projeto de Tese em conjunto com seu poss\u00edvel orientador, de acordo com o ROTEIRO&nbsp;estabelecido nas normas do programa.&nbsp;A inscri\u00e7\u00e3o \u00e9 exclusivamente online, por meio do link para ficha de inscri\u00e7\u00e3o abaixo.<\/p>\n\n\n\n<p>OBS.: A atribui\u00e7\u00e3o de bolsas de estudos ser\u00e1 realizada atrav\u00e9s de processo seletivo interno espec\u00edfico destinado aos candidatos selecionados que demonstrarem interesse nas mesmas, por comiss\u00e3o e Edital pr\u00f3prios para este fim.<\/p>\n\n\n\n<figure class=\"wp-block-table\"><table><tbody><tr><td>Normas que regem o Processo Seletivo Interno de Bolsista de Doutorado<br><a href=\"https:\/\/tecnologia.ufpr.br\/pipe\/wp-content\/uploads\/sites\/2\/2019\/10\/REGIMENTO_PIPE_2019_Colegiado.pdf\">Regimento do PIPE<\/a><\/td><\/tr><tr><td>Normas que regem o Processo Seletivo para ingresso no Doutorado<br><a href=\"https:\/\/tecnologia.ufpr.br\/pipe\/wp-content\/uploads\/sites\/2\/2025\/05\/errata_01-2025-_doutorado_assinado.pdf\" target=\"_blank\" rel=\"noreferrer noopener\">Errata 01\/2025<\/a><br><br><a href=\"https:\/\/tecnologia.ufpr.br\/pipe\/wp-content\/uploads\/sites\/2\/2025\/05\/edital-_08_-doutorado-alterado.pdf\" target=\"_blank\" rel=\"noreferrer noopener\">Edital n\u00b008\/2024 PIPE com altera\u00e7\u00e3o  <\/a><br><br><a href=\"https:\/\/tecnologia.ufpr.br\/pipe\/wp-content\/uploads\/sites\/2\/2024\/11\/edital-_08_selecao-doutorado_2024.pdf\" target=\"_blank\" rel=\"noreferrer noopener\">Edital n\u00ba 08\/2024 PIPE<\/a><br><br><a href=\"https:\/\/soc.ufpr.br\/wp-content\/uploads\/2025\/03\/RESOLUCAO-No-02-25-CEPE.pdf\" target=\"_blank\" rel=\"noreferrer noopener\">Resolu\u00e7\u00e3o 02\/2025 \u2013CEPE<\/a><br><br><a href=\"https:\/\/www.prppg.ufpr.br\/site\/wp-content\/uploads\/2025\/05\/modelos_termos-de-autodeclaracao_res022025-cepe_acoesafirmativas.docx\" target=\"_blank\" rel=\"noreferrer noopener\">Modelos dos Termos de autodeclara\u00e7\u00e3o<\/a><br>\u00a0<\/td><\/tr><tr><td><a href=\"https:\/\/tecnologia.ufpr.br\/pipe\/wp-content\/uploads\/sites\/2\/2023\/11\/modelo-proj-dout-pipe-ufpr.docx\">Roteiro para redigir Projeto de Doutorado<\/a><\/td><\/tr><tr><td><a href=\"https:\/\/tecnologia.ufpr.br\/pipe\/wp-content\/uploads\/sites\/2\/2018\/11\/Carta_de_Intencao_Orientador-Modelo-.doc\" target=\"_blank\" rel=\"noreferrer noopener\">Modelo de Carta de Aceite de Orienta\u00e7\u00e3o<\/a><\/td><\/tr><tr><td><a href=\"https:\/\/siga.ufpr.br\/siga\/visitante\/processoseletivo\/index.jsp?sequencial=4491\" target=\"_blank\" rel=\"noreferrer noopener\">Ficha de inscri\u00e7\u00e3o<\/a><\/td><\/tr><tr><td>&nbsp;<\/td><\/tr><\/tbody><\/table><\/figure>\n\n\n","protected":false},"excerpt":{"rendered":"<p>INSCRI\u00c7\u00d5ES PARA O PROCESSO SELETIVO&nbsp;DE DOUTORADO (Fluxo cont\u00ednuo) As inscri\u00e7\u00f5es para o doutorado ocorrem em regime de fluxo cont\u00ednuo&nbsp;(ingresso oficial no in\u00edcio de cada semestre letivo, de acordo com o Regimento do Programa). O candidato deve entrar em contato com um docente credenciado no PIPE e escrever Projeto de Tese em conjunto com seu poss\u00edvel [&hellip;]<\/p>\n","protected":false},"author":1,"featured_media":0,"parent":0,"menu_order":0,"comment_status":"closed","ping_status":"closed","template":"","meta":{"footnotes":""},"_links":{"self":[{"href":"https:\/\/tecnologia.ufpr.br\/pipeen\/wp-json\/wp\/v2\/pages\/3706"}],"collection":[{"href":"https:\/\/tecnologia.ufpr.br\/pipeen\/wp-json\/wp\/v2\/pages"}],"about":[{"href":"https:\/\/tecnologia.ufpr.br\/pipeen\/wp-json\/wp\/v2\/types\/page"}],"author":[{"embeddable":true,"href":"https:\/\/tecnologia.ufpr.br\/pipeen\/wp-json\/wp\/v2\/users\/1"}],"replies":[{"embeddable":true,"href":"https:\/\/tecnologia.ufpr.br\/pipeen\/wp-json\/wp\/v2\/comments?post=3706"}],"version-history":[{"count":5,"href":"https:\/\/tecnologia.ufpr.br\/pipeen\/wp-json\/wp\/v2\/pages\/3706\/revisions"}],"predecessor-version":[{"id":4730,"href":"https:\/\/tecnologia.ufpr.br\/pipeen\/wp-json\/wp\/v2\/pages\/3706\/revisions\/4730"}],"wp:attachment":[{"href":"https:\/\/tecnologia.ufpr.br\/pipeen\/wp-json\/wp\/v2\/media?parent=3706"}],"curies":[{"name":"wp","href":"https:\/\/api.w.org\/{rel}","templated":true}]}}