{"id":2241,"date":"2018-02-28T10:24:48","date_gmt":"2018-02-28T13:24:48","guid":{"rendered":"https:\/\/tecnologia.ufpr.br\/pipe\/?page_id=2241"},"modified":"2018-02-28T10:24:48","modified_gmt":"2018-02-28T13:24:48","slug":"profa-shirley-nakagaki","status":"publish","type":"page","link":"https:\/\/tecnologia.ufpr.br\/pipeen\/profa-shirley-nakagaki\/","title":{"rendered":"Prof\u00aa Shirley Nakagaki"},"content":{"rendered":"<div align=\"center\"><img loading=\"lazy\" decoding=\"async\" src=\"http:\/\/www.pipe.ufpr.br\/imagens\/curriculum_docentes.jpg\" alt=\"\" width=\"528\" height=\"128\" \/><\/div>\n<div><\/div>\n<div align=\"center\">\n<table border=\"0\" width=\"525\" cellspacing=\"0\" cellpadding=\"0\" align=\"center\">\n<tbody>\n<tr valign=\"top\">\n<td>\n<div align=\"\">\n<div align=\"left\">\n<table border=\"0\" width=\"525\" cellspacing=\"0\" cellpadding=\"0\">\n<tbody>\n<tr>\n<td valign=\"top\" width=\"107\"><\/td>\n<td valign=\"top\" width=\"308\">\n<p align=\"justify\"><strong>Departamento de Quimica<\/strong><\/p>\n<p align=\"justify\"><strong>Telefone:<\/strong> 41 3361-3180<\/p>\n<p align=\"justify\"><strong>E-mail:\u00a0<\/strong><a href=\"mailto:SHIRLEYN@UFPR.BR\">shirleyn@ufpr.br<\/a><\/p>\n<p align=\"justify\"><strong>Curriculo Lattes:<\/strong> <a href=\"http:\/\/lattes.cnpq.br\/2297060247169449\" target=\"_blank\" rel=\"noopener\"><strong>clique aqui<\/strong><\/a><\/p>\n<\/td>\n<\/tr>\n<\/tbody>\n<\/table>\n<hr align=\"left\" size=\"1\" \/>\n<p align=\"center\"><strong>LOTA\u00c7\u00c3O NA UFPR<\/strong><\/p>\n<p><strong>Titula\u00e7\u00e3o:<\/strong> Doutor em Ci\u00eancias na \u00e1rea de F\u00edsica, Instituto de F\u00edsica Gleb Wataghin da Universidade Estadual de Campinas<\/p>\n<p><strong>Atua\u00e7\u00e3o profissional e cargo: <\/strong>Professora\u00a0Titular do Depto. de Qu\u00edmica, professora da \u00e1rea de qu\u00edmica inorg\u00e2nica<\/p>\n<p><strong>Gabinete:<\/strong> Quimica Inorganica<\/p>\n<p><strong>Laborat\u00f3rio:<\/strong> Bioinorg\u00e2nica e Cat\u00e1lise<\/p>\n<p><strong>Grupos de Pesquisa: <\/strong>Bioinorg\u00e2nica e Cat\u00e1lise<\/p>\n<\/div>\n<div align=\"left\">\n<div align=\"left\">\n<div align=\"left\"><\/div>\n<div align=\"left\"><\/div>\n<div align=\"left\">\n<hr align=\"left\" size=\"1\" \/>\n<p align=\"center\"><strong>ATIVIDADES NO PIPE<\/strong><\/p>\n<\/div>\n<\/div>\n<p align=\"left\"><strong>Linhas de pesquisa:<\/strong><\/p>\n<p align=\"left\">&#8211;<\/p>\n<div align=\"left\">\n<p><strong>Temas para orienta\u00e7\u00e3o:<\/strong><\/p>\n<p>&#8211;<\/p>\n<div align=\"left\">\n<p><strong>Disciplinas ministradas:<\/strong><\/p>\n<p>&#8211;<\/p>\n<\/div>\n<div align=\"left\">\u00a0<strong>Orienta\u00e7\u00f5es conclu\u00eddas:<\/strong><\/div>\n<div align=\"left\">&#8211;<\/div>\n<div align=\"left\">\n<p><strong>Orienta\u00e7\u00f5es em andamento:<\/strong><\/p>\n<p><span style=\"font-family: inherit;font-size: inherit\">&#8211;\u00a0<\/span><\/p>\n<\/div>\n<div align=\"left\"><\/div>\n<div align=\"left\">\n<hr align=\"left\" size=\"1\" \/>\n<p align=\"center\"><strong>OUTRAS INFORMA\u00c7\u00d5ES<\/strong><\/p>\n<\/div>\n<p align=\"center\">Professora Titular do Depto. de Qu\u00edmica da UFPR, Pesquisadora 1C do CNPq. atualmente \u00e9 membro do CA do CNPq, \u00e1rea de Qu\u00edmica. Membro do CA CAPES na avalia\u00e7\u00e3o quadrienal dos programas de PG do pa\u00eds (2017). Diretora da divis\u00e3o de Qu\u00edmica Inorg\u00e2nica da Sociedade Brasileira de Qu\u00edmica desde 2014. Representante do Brasil na Society of Porphyrins and Phythalocyanines. L\u00edder do grupo de pesquisa Qu\u00edmica Bioinorg\u00e2nica e Cat\u00e1lise do DQ\/UFPR h\u00e1 mais de 20 anos. J\u00e1 concluiu 5 supervis\u00f5es de projetos de posdoc, 12 teses de doutorado e 20 disserta\u00e7\u00f5es de mestrado al\u00e9m de 39 projetos de inicia\u00e7\u00e3o cient\u00edfica. Atualmente orienta 2 disserta\u00e7\u00f5es de mestrado, 4 teses de doutorado, 1 projeto de posdoc e 3 projetos de inicia\u00e7\u00e3o cientifica. J\u00e1 publicou 103 trabalhos dos quais 23 em co-autoria com membros estrangeiros (\u00edndice H = 28). Solicita\u00e7\u00e3o 5 patentes nacionais. Participa\u00e7\u00e3o em mais de 50 confer\u00eancias nacionais e internacionais sendo membro do comit\u00ea de organiza\u00e7\u00e3o de pelo menos 5 eventos internacionais. Atualmente mant\u00e9m colabora\u00e7\u00e3o internacional com pesquisadores na Fran\u00e7a, Portugal, Espanha, Jap\u00e3o e Reino Unido.<\/p>\n<p>&nbsp;<\/p>\n<\/div>\n<\/div>\n<\/div>\n<\/td>\n<\/tr>\n<\/tbody>\n<\/table>\n<\/div>\n","protected":false},"excerpt":{"rendered":"<p>Departamento de Quimica Telefone: 41 3361-3180 E-mail:\u00a0shirleyn@ufpr.br Curriculo Lattes: clique aqui LOTA\u00c7\u00c3O NA UFPR Titula\u00e7\u00e3o: Doutor em Ci\u00eancias na \u00e1rea de F\u00edsica, Instituto de F\u00edsica Gleb Wataghin da Universidade Estadual de Campinas Atua\u00e7\u00e3o profissional e cargo: Professora\u00a0Titular do Depto. de Qu\u00edmica, professora da \u00e1rea de qu\u00edmica inorg\u00e2nica Gabinete: Quimica Inorganica Laborat\u00f3rio: Bioinorg\u00e2nica e Cat\u00e1lise Grupos [&hellip;]<\/p>\n","protected":false},"author":1,"featured_media":0,"parent":0,"menu_order":0,"comment_status":"closed","ping_status":"closed","template":"","meta":{"footnotes":""},"_links":{"self":[{"href":"https:\/\/tecnologia.ufpr.br\/pipeen\/wp-json\/wp\/v2\/pages\/2241"}],"collection":[{"href":"https:\/\/tecnologia.ufpr.br\/pipeen\/wp-json\/wp\/v2\/pages"}],"about":[{"href":"https:\/\/tecnologia.ufpr.br\/pipeen\/wp-json\/wp\/v2\/types\/page"}],"author":[{"embeddable":true,"href":"https:\/\/tecnologia.ufpr.br\/pipeen\/wp-json\/wp\/v2\/users\/1"}],"replies":[{"embeddable":true,"href":"https:\/\/tecnologia.ufpr.br\/pipeen\/wp-json\/wp\/v2\/comments?post=2241"}],"version-history":[{"count":0,"href":"https:\/\/tecnologia.ufpr.br\/pipeen\/wp-json\/wp\/v2\/pages\/2241\/revisions"}],"wp:attachment":[{"href":"https:\/\/tecnologia.ufpr.br\/pipeen\/wp-json\/wp\/v2\/media?parent=2241"}],"curies":[{"name":"wp","href":"https:\/\/api.w.org\/{rel}","templated":true}]}}