{"id":831,"date":"2017-03-28T12:43:22","date_gmt":"2017-03-28T12:43:22","guid":{"rendered":"https:\/\/tecnologia.ufpr.br\/pipe\/?page_id=831"},"modified":"2023-01-31T14:49:26","modified_gmt":"2023-01-31T17:49:26","slug":"prof-evaldo-ribeiro","status":"publish","type":"page","link":"https:\/\/tecnologia.ufpr.br\/pipe\/prof-evaldo-ribeiro\/","title":{"rendered":"Prof. Evaldo Ribeiro"},"content":{"rendered":"\n<figure class=\"wp-block-image size-large is-resized\"><img loading=\"lazy\" decoding=\"async\" src=\"https:\/\/tecnologia.ufpr.br\/pipe\/wp-content\/uploads\/sites\/2\/2021\/12\/image-11.png\" alt=\"\" class=\"wp-image-7500\" width=\"492\" height=\"135\" srcset=\"https:\/\/tecnologia.ufpr.br\/pipe\/wp-content\/uploads\/sites\/2\/2021\/12\/image-11.png 674w, https:\/\/tecnologia.ufpr.br\/pipe\/wp-content\/uploads\/sites\/2\/2021\/12\/image-11-300x82.png 300w, https:\/\/tecnologia.ufpr.br\/pipe\/wp-content\/uploads\/sites\/2\/2021\/12\/image-11-160x44.png 160w\" sizes=\"(max-width: 492px) 100vw, 492px\" \/><\/figure>\n\n\n<div align=\"center\">&nbsp;<\/div>\n<div>\n<p><strong><a href=\"http:\/\/demec.ufpr.br\/\" target=\"_blank\" rel=\"noopener noreferrer\">Departamento de F\u00edsica<\/a><\/strong><\/p>\n<p><strong>Telefone:<\/strong> 41 3361-3278<\/p>\n<p><strong>E-mail:<\/strong> <strong><a href=\"mailto:evaldo@fisica.ufpr.br\">evaldo@fisica.ufpr.br<\/a><\/strong><\/p>\n<p><b>Curr\u00edculo<\/b><strong>&nbsp;Lattes:<\/strong> <strong><a href=\"http:\/\/buscatextual.cnpq.br\/buscatextual\/visualizacv.do?id=K4763042A1\" target=\"_blank\" rel=\"noopener noreferrer\">clique aqui<\/a><\/strong><\/p>\n<\/div>\n<div align=\"center\">&nbsp;<\/div>\n\n\n<p><strong>ATIVIDADES NO PIPE<\/strong>:<\/p>\n\n\n\n<p class=\"has-text-align-center\"><a href=\"https:\/\/tecnologia.ufpr.br\/pipe\/\">Vice Coordenador do Programa de P\u00f3s-Gradua\u00e7\u00e3o em Ci\u00eancias dos Materiais<\/a><\/p>\n","protected":false},"excerpt":{"rendered":"<p>&nbsp; Departamento de F\u00edsica Telefone: 41 3361-3278 E-mail: evaldo@fisica.ufpr.br Curr\u00edculo&nbsp;Lattes: clique aqui &nbsp; ATIVIDADES NO PIPE: Vice Coordenador do Programa de P\u00f3s-Gradua\u00e7\u00e3o em Ci\u00eancias dos [&hellip;]<\/p>\n","protected":false},"author":1000,"featured_media":0,"parent":0,"menu_order":0,"comment_status":"closed","ping_status":"closed","template":"","meta":{"footnotes":""},"_links":{"self":[{"href":"https:\/\/tecnologia.ufpr.br\/pipe\/wp-json\/wp\/v2\/pages\/831"}],"collection":[{"href":"https:\/\/tecnologia.ufpr.br\/pipe\/wp-json\/wp\/v2\/pages"}],"about":[{"href":"https:\/\/tecnologia.ufpr.br\/pipe\/wp-json\/wp\/v2\/types\/page"}],"author":[{"embeddable":true,"href":"https:\/\/tecnologia.ufpr.br\/pipe\/wp-json\/wp\/v2\/users\/1000"}],"replies":[{"embeddable":true,"href":"https:\/\/tecnologia.ufpr.br\/pipe\/wp-json\/wp\/v2\/comments?post=831"}],"version-history":[{"count":5,"href":"https:\/\/tecnologia.ufpr.br\/pipe\/wp-json\/wp\/v2\/pages\/831\/revisions"}],"predecessor-version":[{"id":8103,"href":"https:\/\/tecnologia.ufpr.br\/pipe\/wp-json\/wp\/v2\/pages\/831\/revisions\/8103"}],"wp:attachment":[{"href":"https:\/\/tecnologia.ufpr.br\/pipe\/wp-json\/wp\/v2\/media?parent=831"}],"curies":[{"name":"wp","href":"https:\/\/api.w.org\/{rel}","templated":true}]}}