{"id":8,"date":"2016-03-09T17:07:58","date_gmt":"2016-03-09T17:07:58","guid":{"rendered":"https:\/\/tecnologia.ufpr.br\/pipe\/?page_id=8"},"modified":"2021-09-30T10:59:11","modified_gmt":"2021-09-30T13:59:11","slug":"logomarca","status":"publish","type":"page","link":"https:\/\/tecnologia.ufpr.br\/pipe\/logomarca\/","title":{"rendered":"Logomarca"},"content":{"rendered":"<p><img decoding=\"async\" src=\"https:\/\/tecnologia.ufpr.br\/pipe\/wp-content\/uploads\/sites\/2\/2019\/09\/image.png\" \/><\/p>\n<p class=\"style21\" align=\"justify\">CONSIDERA\u00c7\u00d5ES SOBRE A LOGOMARCA DO PROGRAMA:<\/p>\n<p class=\"style21\" align=\"justify\">A sigla PIPE \u00e9 conservada na logomarca visando manter viva a hist\u00f3ria do Programa que nasceu em 1996 como Programa Interdisciplinar de P\u00f3s-Gradua\u00e7\u00e3o em Engenharia. Ap\u00f3s nuclear a forma\u00e7\u00e3o de v\u00e1rias outras p\u00f3s-gradua\u00e7\u00f5es na UFPR, o PIPE teve sua denomina\u00e7\u00e3o modificada chegando em 2010 a atual: Programa de P\u00f3s-Gradua\u00e7\u00e3o em Engenharia e Ci\u00eancia dos Materiais.<br \/>\nOs an\u00e9is, al\u00e9m de fazerem refer\u00eancia \u00e0 bandeira do Brasil, lembram a uni\u00e3o do Setor de Tecnologia, Setor de Exatas e Lactec que possibilita a exist\u00eancia do Programa.<\/p>\n","protected":false},"excerpt":{"rendered":"<p>CONSIDERA\u00c7\u00d5ES SOBRE A LOGOMARCA DO PROGRAMA: A sigla PIPE \u00e9 conservada na logomarca visando manter viva a hist\u00f3ria do Programa que nasceu em 1996 como [&hellip;]<\/p>\n","protected":false},"author":1,"featured_media":0,"parent":0,"menu_order":0,"comment_status":"closed","ping_status":"closed","template":"","meta":{"footnotes":""},"_links":{"self":[{"href":"https:\/\/tecnologia.ufpr.br\/pipe\/wp-json\/wp\/v2\/pages\/8"}],"collection":[{"href":"https:\/\/tecnologia.ufpr.br\/pipe\/wp-json\/wp\/v2\/pages"}],"about":[{"href":"https:\/\/tecnologia.ufpr.br\/pipe\/wp-json\/wp\/v2\/types\/page"}],"author":[{"embeddable":true,"href":"https:\/\/tecnologia.ufpr.br\/pipe\/wp-json\/wp\/v2\/users\/1"}],"replies":[{"embeddable":true,"href":"https:\/\/tecnologia.ufpr.br\/pipe\/wp-json\/wp\/v2\/comments?post=8"}],"version-history":[{"count":25,"href":"https:\/\/tecnologia.ufpr.br\/pipe\/wp-json\/wp\/v2\/pages\/8\/revisions"}],"predecessor-version":[{"id":7328,"href":"https:\/\/tecnologia.ufpr.br\/pipe\/wp-json\/wp\/v2\/pages\/8\/revisions\/7328"}],"wp:attachment":[{"href":"https:\/\/tecnologia.ufpr.br\/pipe\/wp-json\/wp\/v2\/media?parent=8"}],"curies":[{"name":"wp","href":"https:\/\/api.w.org\/{rel}","templated":true}]}}