{"id":735,"date":"2017-03-27T16:29:15","date_gmt":"2017-03-27T16:29:15","guid":{"rendered":"https:\/\/tecnologia.ufpr.br\/pipe\/?page_id=735"},"modified":"2021-12-29T16:38:58","modified_gmt":"2021-12-29T19:38:58","slug":"prof-andre-bellin-mariano","status":"publish","type":"page","link":"https:\/\/tecnologia.ufpr.br\/pipe\/prof-andre-bellin-mariano\/","title":{"rendered":"Prof. Andr\u00e9 Bellin Mariano"},"content":{"rendered":"\n<figure class=\"wp-block-image size-large is-resized\"><img loading=\"lazy\" decoding=\"async\" src=\"https:\/\/tecnologia.ufpr.br\/pipe\/wp-content\/uploads\/sites\/2\/2021\/12\/image-2.png\" alt=\"\" class=\"wp-image-7444\" width=\"457\" height=\"126\" srcset=\"https:\/\/tecnologia.ufpr.br\/pipe\/wp-content\/uploads\/sites\/2\/2021\/12\/image-2.png 886w, https:\/\/tecnologia.ufpr.br\/pipe\/wp-content\/uploads\/sites\/2\/2021\/12\/image-2-300x82.png 300w, https:\/\/tecnologia.ufpr.br\/pipe\/wp-content\/uploads\/sites\/2\/2021\/12\/image-2-768x211.png 768w, https:\/\/tecnologia.ufpr.br\/pipe\/wp-content\/uploads\/sites\/2\/2021\/12\/image-2-160x44.png 160w\" sizes=\"(max-width: 457px) 100vw, 457px\" \/><\/figure>\n\n\n<div align=\"center\">\n<p style=\"text-align: left\"><strong>Departamento de Engenharia El\u00e9trica<\/strong> (<a href=\"https:\/\/tecnologia.ufpr.br\/delt\/\">DELT<\/a>)<\/p>\n<p style=\"text-align: left\"><strong>N\u00facleo de Pesquisa e Desenvolvimento de Energia Autossustent\u00e1vel<\/strong> (<a href=\"http:\/\/www.npdeas.ufpr.br\">NPDEAS<\/a>)<\/p>\n<p style=\"text-align: left\"><strong>Telefones<\/strong>: 41 3361-3432 (NPDEAS), 3361-3229 (DELT)<\/p>\n<p style=\"text-align: left\"><strong>E-mail:<\/strong> andrebmariano(at)ufpr.br<\/p>\n<p style=\"text-align: left\"><strong>Curr\u00edculo Lattes:<\/strong>\u00a0<a href=\"http:\/\/lattes.cnpq.br\/7761038914576062\" target=\"_blank\" rel=\"noopener noreferrer\"><span class=\"style21\"><span style=\"color: blue\">clique aqui<\/span><\/span><\/a><\/p>\n<\/div>\n<div>\u00a0<\/div>\n<div style=\"text-align: left\" align=\"center\">\n<div>\u00a0<\/div>\n<\/div>","protected":false},"excerpt":{"rendered":"<p>Departamento de Engenharia El\u00e9trica (DELT) N\u00facleo de Pesquisa e Desenvolvimento de Energia Autossustent\u00e1vel (NPDEAS) Telefones: 41 3361-3432 (NPDEAS), 3361-3229 (DELT) E-mail: andrebmariano(at)ufpr.br Curr\u00edculo Lattes:\u00a0clique aqui [&hellip;]<\/p>\n","protected":false},"author":1000,"featured_media":0,"parent":0,"menu_order":0,"comment_status":"closed","ping_status":"closed","template":"","meta":{"footnotes":""},"_links":{"self":[{"href":"https:\/\/tecnologia.ufpr.br\/pipe\/wp-json\/wp\/v2\/pages\/735"}],"collection":[{"href":"https:\/\/tecnologia.ufpr.br\/pipe\/wp-json\/wp\/v2\/pages"}],"about":[{"href":"https:\/\/tecnologia.ufpr.br\/pipe\/wp-json\/wp\/v2\/types\/page"}],"author":[{"embeddable":true,"href":"https:\/\/tecnologia.ufpr.br\/pipe\/wp-json\/wp\/v2\/users\/1000"}],"replies":[{"embeddable":true,"href":"https:\/\/tecnologia.ufpr.br\/pipe\/wp-json\/wp\/v2\/comments?post=735"}],"version-history":[{"count":18,"href":"https:\/\/tecnologia.ufpr.br\/pipe\/wp-json\/wp\/v2\/pages\/735\/revisions"}],"predecessor-version":[{"id":7556,"href":"https:\/\/tecnologia.ufpr.br\/pipe\/wp-json\/wp\/v2\/pages\/735\/revisions\/7556"}],"wp:attachment":[{"href":"https:\/\/tecnologia.ufpr.br\/pipe\/wp-json\/wp\/v2\/media?parent=735"}],"curies":[{"name":"wp","href":"https:\/\/api.w.org\/{rel}","templated":true}]}}