{"id":731,"date":"2017-03-27T14:44:01","date_gmt":"2017-03-27T14:44:01","guid":{"rendered":"https:\/\/tecnologia.ufpr.br\/pipe\/?page_id=731"},"modified":"2023-12-21T12:05:16","modified_gmt":"2023-12-21T15:05:16","slug":"localizacao","status":"publish","type":"page","link":"https:\/\/tecnologia.ufpr.br\/pipe\/localizacao\/","title":{"rendered":"Localiza\u00e7\u00e3o"},"content":{"rendered":"<p style=\"text-align: justify\">O PIPE est\u00e1 localizado na cidade de Curitiba, a capital do estado do Paran\u00e1, na regi\u00e3o Sul do Brasil, sendo a cidade mais populosa da regi\u00e3o com aproximadamente 2 milh\u00f5es de habitantes e um dos mais altos IDHs da Am\u00e9rica Latina. O clima \u00e9 subtropical, com ver\u00f5es moderados e invernos n\u00e3o t\u00e3o rigorosos, tornando a vida na cidade bastante agrad\u00e1vel, com uma m\u00e9dia t\u00e9rmica anual de aproximadamente 18<sup>o<\/sup>C, com as m\u00ednimas podendo descer at\u00e9 -2<sup>o<\/sup>C no inverno, que se estende de 21 de junho a 23 de setembro, e as m\u00e1ximas podem chegar a 35<sup>o<\/sup>C durante o ver\u00e3o (de 21 de dezembro a 21 de mar\u00e7o). Curitiba est\u00e1 entre as cidades mais desenvolvidas do Brasil, com um vasto parque industrial na regi\u00e3o metropolitana e uma economia din\u00e2mica e pujante, incluindo multinacionais como a Petrobras, Bosch, Renault e muitas outras. A cidade tamb\u00e9m se destaca pelos altos \u00edndices educacionais, tendo mais de 5 universidades e uma variedade grande de cursos de gradua\u00e7\u00e3o, em todas as \u00e1reas das Ci\u00eancias Naturais e Engenharias. A cidade possui vastas \u00e1reas verdes, parques e largas avenidas, \u00e1reas para a pr\u00e1tica do ciclismo e o melhor sistema de transporte p\u00fablico do Brasil, sendo destaque tamb\u00e9m quanto \u00e0 efervescente cena cultural Para saber mais sobre a cidade de Curitiba, visite o site da Prefeitura, no seguinte link:<\/p>\n<p style=\"text-align: justify\"><a href=\"http:\/\/www.turismo.curitiba.pr.gov.br\/\" target=\"_blank\" rel=\"noopener\">http:\/\/www.turismo.curitiba.pr.gov.br\/<\/a><\/p>\n<h2><strong>Endere\u00e7o para correspond\u00eancias<\/strong><\/h2>\n<hr \/>\n<p>Centro Polit\u00e9cnico \u2013 Edif\u00edcio de Administra\u00e7\u00e3o, 2\u00ba Andar<\/p>\n<p>Avenida Coronel Francisco Her\u00e1clito dos Santos, n\u00ba 100,<\/p>\n<p>Jardim das Am\u00e9ricas Curitiba \u2013 PR<\/p>\n<p>CEP: 81530-000<\/p>\n<p>Caixa Postal: 19011<\/p>\n<p>CEP: 81531-980 Curitiba \u2013 PR<\/p>\n<hr \/>\n<p>CNPJ (UFPR): 75.095.679\/0001-49<\/p>\n","protected":false},"excerpt":{"rendered":"<p>O PIPE est\u00e1 localizado na cidade de Curitiba, a capital do estado do Paran\u00e1, na regi\u00e3o Sul do Brasil, sendo a cidade mais populosa da [&hellip;]<\/p>\n","protected":false},"author":1,"featured_media":0,"parent":0,"menu_order":0,"comment_status":"closed","ping_status":"closed","template":"","meta":{"footnotes":""},"_links":{"self":[{"href":"https:\/\/tecnologia.ufpr.br\/pipe\/wp-json\/wp\/v2\/pages\/731"}],"collection":[{"href":"https:\/\/tecnologia.ufpr.br\/pipe\/wp-json\/wp\/v2\/pages"}],"about":[{"href":"https:\/\/tecnologia.ufpr.br\/pipe\/wp-json\/wp\/v2\/types\/page"}],"author":[{"embeddable":true,"href":"https:\/\/tecnologia.ufpr.br\/pipe\/wp-json\/wp\/v2\/users\/1"}],"replies":[{"embeddable":true,"href":"https:\/\/tecnologia.ufpr.br\/pipe\/wp-json\/wp\/v2\/comments?post=731"}],"version-history":[{"count":70,"href":"https:\/\/tecnologia.ufpr.br\/pipe\/wp-json\/wp\/v2\/pages\/731\/revisions"}],"predecessor-version":[{"id":8575,"href":"https:\/\/tecnologia.ufpr.br\/pipe\/wp-json\/wp\/v2\/pages\/731\/revisions\/8575"}],"wp:attachment":[{"href":"https:\/\/tecnologia.ufpr.br\/pipe\/wp-json\/wp\/v2\/media?parent=731"}],"curies":[{"name":"wp","href":"https:\/\/api.w.org\/{rel}","templated":true}]}}