{"id":73,"date":"2016-03-14T13:14:01","date_gmt":"2016-03-14T13:14:01","guid":{"rendered":"https:\/\/tecnologia.ufpr.br\/pipe\/?page_id=73"},"modified":"2024-12-06T11:01:35","modified_gmt":"2024-12-06T14:01:35","slug":"emissao-de-diplomas","status":"publish","type":"page","link":"https:\/\/tecnologia.ufpr.br\/pipe\/emissao-de-diplomas\/","title":{"rendered":"Procedimentos P\u00f3s-defesa e Diploma"},"content":{"rendered":"<p align=\"center\">O processo para emiss\u00e3o de Diploma de Mestrado\/Doutorado ocorre em duas etapas:<\/p>\n<p class=\"style16\" align=\"center\"><strong>1\u00aa ETAPA &#8211; PROCEDIMENTOS AP\u00d3S A DEFESA<\/strong><\/p>\n<p class=\"style16\" style=\"text-align: left\" align=\"center\">1) Imediatamente ap\u00f3s a defesa, enviar para a secretaria do PIPE os documentos da defesa;<\/p>\n<p>2) Efetuar as corre\u00e7\u00f5es solicitadas pela banca e obter\u00a0do orientador a aprova\u00e7\u00e3o na vers\u00e3o final do trabalho;<\/p>\n<p>3) Solicitar a emiss\u00e3o de Ficha Catalogr\u00e1fica, encaminhando arquivo do trabalho corrigido, incluindo c\u00f3pia &#8220;Termo de Aprova\u00e7\u00e3o&#8221; para a Biblioteca de Ci\u00eancia e Tecnologia, no e-mail <a href=\"mailto:referencia.bct@ufpr.br\">referencia.bct@ufpr.br<\/a>.\u00a0 Em geral a ficha catalogr\u00e1fica n\u00e3o fica pronta no mesmo dia da solicita\u00e7\u00e3o, portanto solicitar com anteced\u00eancia para cumprir o prazo a que se refere o pr\u00f3ximo item;<\/p>\n<p>4) No prazo de <strong>90 dias<\/strong>, a contar da data de aprova\u00e7\u00e3o da defesa, inserir no Siga o trabalho final em PDF contendo a ficha catalogr\u00e1fica, conforme modelo dispon\u00edvel no seguinte <a href=\"https:\/\/tecnologia.ufpr.br\/pipe\/wp-content\/uploads\/sites\/2\/2016\/03\/Modelo-sequ\u00eancia-trabalho-final.pdf\" target=\"_blank\" rel=\"noopener noreferrer\"><span style=\"color: #ff0000\">MODELO (link)<\/span><\/a>. Ap\u00f3s inserir a vers\u00e3o final, solicitar a valida\u00e7\u00e3o ao orientador, para que posteriormente a secretaria envie para a Biblioteca aprovar. Se houver altera\u00e7\u00f5es encaminhar \u00e0 secretaria (pipe@ufpr.br) a declara\u00e7\u00e3o\u00a0 conforme <a href=\"https:\/\/tecnologia.ufpr.br\/pipe\/wp-content\/uploads\/sites\/2\/2016\/03\/Aprova\u00e7\u00e3o-do-orientador-no-trabalho-final.pdf\" target=\"_blank\" rel=\"noopener noreferrer\"><span style=\"color: #ff0000\">MO<\/span><span style=\"color: #ff0000\">DELO<\/span>\u00a0(link)<\/a>;<\/p>\n<p><span style=\"color: #ff0000\">5) N\u00c3O \u00e9 mais exigida a c\u00f3pia impressa da Tese\/Disserta\u00e7\u00e3o pra o\u00a0Dep\u00f3sito\u00a0Legal no SiBi\/UFPR<\/span>. O \u201cRecibo de Dep\u00f3sito Legal\u201d, exigido para o pedido do diploma, ser\u00e1 emitido e anexado no Siga\u00a0 pela Biblioteca.<\/p>\n<p><em><strong><span style=\"color: #ff0000\">ATEN\u00c7\u00c3O<\/span><\/strong>: Para solicitar a <strong>n\u00e3o divulga\u00e7\u00e3o<\/strong> do trabalho o aluno dever\u00e1 entregar junto com a vers\u00e3o final do trabalho, em arquivo a parte, o requerimento espec\u00edfico para este fim dispon\u00edvel na p\u00e1gina de &#8220;<a href=\"https:\/\/tecnologia.ufpr.br\/pipe\/modelos-de-formularios\/\" target=\"_blank\" rel=\"noopener noreferrer\">Modelos de Formul\u00e1rios<\/a>&#8221; no site do PIPE. Trabalhos entregues sem este requerimento ser\u00e3o automaticamente divulgados nos sites do PIPE e Capes.<\/em><\/p>\n<p class=\"style24\" align=\"center\"><strong>2\u00aa ETAPA &#8211; SOLICITA\u00c7\u00c3O DO DIPLOMA<\/strong><\/p>\n<p align=\"justify\">O processo de solicita\u00e7\u00e3o do diploma \u00e9 feito pela secretaria do PIPE, ap\u00f3s o aluno cumprir as obriga\u00e7\u00f5es contidas na 1\u00aa etapa e entregar os documentos abaixo relacionados.<\/p>\n<p align=\"justify\">Para que a secretaria solicite o Diploma ap\u00f3s a aprova\u00e7\u00e3o do trabalho pela biblioteca, ser\u00e1 necess\u00e1rio que o\/a discente apresente comprovante de aceite do artigo.<br \/>\nO discente de doutorado precisa apresentar 2 artigos aceitos (qualifica\u00e7\u00e3o e defesa) e o discente de mestrado 1 artigo (defesa).<\/p>\n<p align=\"justify\">At\u00e9 o momento, as normativas que regulam a p\u00f3s gradua\u00e7\u00e3o n\u00e3o definem prazo m\u00e1ximo para a solicita\u00e7\u00e3o do diploma. Mas recomenda-se que o pedido seja realizado logo ap\u00f3s a defesa, o mais breve poss\u00edvel.<\/p>\n<p align=\"justify\">**<strong>A\u00a0 solicita\u00e7\u00e3o do Diploma inicia a partir do momento que o discente inclui seu trabalho final no Siga, e a secretaria envia para o aceite da Biblioteca.<\/strong><\/p>\n<p align=\"justify\">A Pr\u00f3-Reitoria de Pesquisa e P\u00f3s-Gradua\u00e7\u00e3o (PRPPG) \u00e9 a \u00fanica respons\u00e1vel pela emiss\u00e3o do documento. Informa\u00e7\u00f5es sobre prazo para emiss\u00e3o devem ser verificados diretamente com a Unidade de Diplomas (UDC) da PRPPG.<\/p>\n<p align=\"center\"><strong>DOCUMENTOS:<\/strong><\/p>\n<p style=\"text-align: left\" align=\"center\">Abaixo segue a lista de documentos que o aluno deve providenciar. Os documentos pessoais, em geral, j\u00e1 est\u00e3o nos arquivos do programa,\u00a0 mas caso contr\u00e1rio poder\u00e3o ser solicitados.<\/p>\n<p style=\"text-align: left\" align=\"center\">Todos os documentos podem ser entregues pessoalmente ou enviados ao e-mail do PIPE (pipe@ufpr.br) desde que no formato PDF.<\/p>\n<p style=\"text-align: left\" align=\"center\"><strong>1) DOCUMENTOS PESSOAIS (C\u00f3pias simples)<\/strong><\/p>\n<ul>\n<li>RG <span class=\"style21\">(n\u00e3o pode ser CNH ou carteira de \u00f3rg\u00e3o de classe)<\/span><\/li>\n<li>CPF (caso esteja no RG n\u00e3o \u00e9 necess\u00e1rio documento adicional)<\/li>\n<li>Diploma de Gradua\u00e7\u00e3o <em>(para o Mestrado e Doutorado)<\/em><\/li>\n<li>Diploma de Mestre <em>(somente para o Doutorado)<\/em><\/li>\n<\/ul>\n<p><strong>2) CERTID\u00c3O NEGATIVA DE D\u00c9BITO<\/strong><\/p>\n<p>Documento emitido pela Biblioteca de Ci\u00eancias e Tecnologia que atesta n\u00e3o haver obras do acervo da UFPR com atraso para a devolu\u00e7\u00e3o.<\/p>\n<p><strong>3) CERTIFICADO DE SUFICI\u00caNCIA EM L\u00cdNGUA ESTRANGEIRA<\/strong><\/p>\n<p align=\"justify\"><strong>-Mestrado:\u00a0<\/strong>declara\u00e7\u00e3o de sufici\u00eancia no idioma ingl\u00eas;<\/p>\n<p align=\"justify\"><strong>-Doutorado:<\/strong> declara\u00e7\u00e3o de sufici\u00eancia no idioma ingl\u00eas;<\/p>\n<p align=\"justify\">Obs.: Caso a l\u00edngua estrangeira j\u00e1 esteja registrado no hist\u00f3rico no SIGA n\u00e3o ser\u00e1 necess\u00e1rio apresentar novamente a declara\u00e7\u00e3o.<\/p>\n<p><strong>4) ARTIGOS<\/strong><\/p>\n<p><u>&#8211; Mestrado<\/u><\/p>\n<p>O discente dever\u00e1 anexar ao pedido de defesa da disserta\u00e7\u00e3o de mestrado comprovante de submiss\u00e3o de artigo em peri\u00f3dico com percentil igual ou superior a 60% segundo o Scopus, em revistas relacionadas a \u00e1rea de materiais ou \u00e1reas afins, ou ainda comprovante de patente licenciada, relativo \u00e0s suas atividades no curso ou na tese, em qualquer caso, contendo no m\u00ednimo os nomes do discente e orientador como autores.<br \/>\n1- Deve ser anexado ao comprovante de submiss\u00e3o o extrato atualizado do status do processo de avalia\u00e7\u00e3o da produ\u00e7\u00e3o cient\u00edfico-tecnol\u00f3gica com n\u00e3o mais de 30 (trinta) dias de emiss\u00e3o.<br \/>\n2 &#8211; N\u00e3o ser\u00e3o aceitos como comprovantes de submiss\u00e3o de produtos cient\u00edficotecnol\u00f3gicos artigos avaliados e recusados para publica\u00e7\u00e3o ou para concess\u00e3o de direitos intelectuais.<br \/>\n3 &#8211; Revistas nacionais que tenham percentil inferior a 60% poder\u00e3o ser aceitos se comprovado que no quadri\u00eanio anterior a \u00e1rea m\u00e3e impulsionou o artigo de forma que ele se enquadre no Art 14\u00ba. (Normas Internas)<\/p>\n<p><u>&#8211; Doutorado\u00a0<\/u><\/p>\n<p>O discente dever\u00e1 anexar ao pedido de defesa da tese de doutorado comprovante de submiss\u00e3o de um artigo cient\u00edfico em peri\u00f3dico dos com percentil igual ou superior a 60% segundo o Scopus, em revistas relacionadas a \u00e1rea de materiais ou \u00e1reas afins, ou ainda comprovante de patente licenciada ou requerida, relativo \u00e0s suas atividades no curso ou na tese, em qualquer caso, contendo no m\u00ednimo os nomes do discente e orientador como autores.<\/p>\n<p>1 &#8211; O artigo ou patente mencionado nesse artigo dever\u00e1 ser diferente daquele produto aceito ou publicado que foi utilizado para fins da realiza\u00e7\u00e3o do Exame de Qualifica\u00e7\u00e3o de Doutorado.<br \/>\n2 &#8211;\u00a0 Deve ser anexado ao comprovante de submiss\u00e3o o extrato atualizado do status do processo de avalia\u00e7\u00e3o da produ\u00e7\u00e3o cient\u00edfico-tecnol\u00f3gica com n\u00e3o mais de 30 (trinta) dias de emiss\u00e3o.<br \/>\n3 &#8211;\u00a0 N\u00e3o ser\u00e3o aceitos como comprovantes de submiss\u00e3o de produtos cient\u00edficotecnol\u00f3gicos artigos avaliados e recusados para publica\u00e7\u00e3o ou para concess\u00e3o de direitos intelectuais.<br \/>\n4 &#8211; Revistas nacionais que tenham percentil inferior a 60% poder\u00e3o ser aceitos secomprovado que no quadri\u00eanio anterior a \u00e1rea m\u00e3e impulsionou o artigo de forma que ele se enquadre no Art 13\u00ba.(Normas Internas)<\/p>\n","protected":false},"excerpt":{"rendered":"<p>O processo para emiss\u00e3o de Diploma de Mestrado\/Doutorado ocorre em duas etapas: 1\u00aa ETAPA &#8211; PROCEDIMENTOS AP\u00d3S A DEFESA 1) Imediatamente ap\u00f3s a defesa, enviar [&hellip;]<\/p>\n","protected":false},"author":1,"featured_media":0,"parent":0,"menu_order":0,"comment_status":"closed","ping_status":"closed","template":"","meta":{"footnotes":""},"_links":{"self":[{"href":"https:\/\/tecnologia.ufpr.br\/pipe\/wp-json\/wp\/v2\/pages\/73"}],"collection":[{"href":"https:\/\/tecnologia.ufpr.br\/pipe\/wp-json\/wp\/v2\/pages"}],"about":[{"href":"https:\/\/tecnologia.ufpr.br\/pipe\/wp-json\/wp\/v2\/types\/page"}],"author":[{"embeddable":true,"href":"https:\/\/tecnologia.ufpr.br\/pipe\/wp-json\/wp\/v2\/users\/1"}],"replies":[{"embeddable":true,"href":"https:\/\/tecnologia.ufpr.br\/pipe\/wp-json\/wp\/v2\/comments?post=73"}],"version-history":[{"count":27,"href":"https:\/\/tecnologia.ufpr.br\/pipe\/wp-json\/wp\/v2\/pages\/73\/revisions"}],"predecessor-version":[{"id":9009,"href":"https:\/\/tecnologia.ufpr.br\/pipe\/wp-json\/wp\/v2\/pages\/73\/revisions\/9009"}],"wp:attachment":[{"href":"https:\/\/tecnologia.ufpr.br\/pipe\/wp-json\/wp\/v2\/media?parent=73"}],"curies":[{"name":"wp","href":"https:\/\/api.w.org\/{rel}","templated":true}]}}