{"id":71,"date":"2016-03-14T13:13:04","date_gmt":"2016-03-14T13:13:04","guid":{"rendered":"https:\/\/tecnologia.ufpr.br\/pipe\/?page_id=71"},"modified":"2026-02-06T11:07:07","modified_gmt":"2026-02-06T14:07:07","slug":"modelos-de-formularios","status":"publish","type":"page","link":"https:\/\/tecnologia.ufpr.br\/pipe\/modelos-de-formularios\/","title":{"rendered":"Modelos de Formul\u00e1rios"},"content":{"rendered":"\n<figure class=\"wp-block-table\"><table><tbody><tr><td><strong>Relat\u00f3rios e Formul\u00e1rios  <\/strong><\/td><\/tr><tr><td><a href=\"https:\/\/tecnologia.ufpr.br\/pipe\/wp-content\/uploads\/sites\/2\/2025\/04\/relatorio-de-acopanhamento-de-atividade-discente-1o-semestre.docx\" target=\"_blank\" rel=\"noreferrer noopener\">Relat\u00f3rio de acompanhamento de atividade discente (1\u00ba semestre)<\/a><\/td><\/tr><tr><td><a href=\"https:\/\/tecnologia.ufpr.br\/pipe\/wp-content\/uploads\/sites\/2\/2025\/04\/relatorio-de-acopanhamento-de-atividade-discente.docx\" target=\"_blank\" rel=\"noreferrer noopener\">Relat\u00f3rio de acompanhamento de atividade discente<\/a><\/td><\/tr><\/tbody><\/table><\/figure>\n\n\n\n<figure class=\"wp-block-table\"><table><tbody><tr><td><strong>Solicita\u00e7\u00f5es Diversas<\/strong><\/td><\/tr><tr><td><a href=\"https:\/\/tecnologia.ufpr.br\/pipe\/wp-content\/uploads\/sites\/2\/2025\/03\/disciplina-isolada.doc\" target=\"_blank\" rel=\"noreferrer noopener\">Requerimento de matr\u00edcula &#8211; aluno externo &#8211; disciplina isolada<\/a><\/td><\/tr><tr><td><a href=\"https:\/\/tecnologia.ufpr.br\/pipe\/wp-content\/uploads\/sites\/2\/2026\/02\/aluno-ouvinte.docx\" target=\"_blank\" rel=\"noreferrer noopener\">Requerimento aluno em disciplinas como OUVINTE<\/a><\/td><\/tr><tr><td><a href=\"https:\/\/tecnologia.ufpr.br\/pipe\/wp-content\/uploads\/sites\/2\/2016\/03\/Aproveitamento-de-cr%C3%A9ditos-outros-programas.doc\">Requerimento para aproveitamento de cr\u00e9ditos de disciplinas cursadas em outros Programas<\/a><\/td><\/tr><tr><td><a href=\"https:\/\/tecnologia.ufpr.br\/pipe\/wp-content\/uploads\/sites\/2\/2016\/03\/Aproveitamento-de-cr%C3%A9ditos-PIPE.doc\">Requerimento para aproveitamento de cr\u00e9ditos de disciplinas cursadas no PIPE<\/a><\/td><\/tr><tr><td><a href=\"https:\/\/tecnologia.ufpr.br\/pipe\/wp-content\/uploads\/sites\/2\/2025\/10\/pedido-auxilio-aluno-atualizado.doc\" target=\"_blank\" rel=\"noreferrer noopener\">Pedido de aux\u00edlio estudante (recurso PROAP)<\/a><\/td><\/tr><tr><td><a href=\"https:\/\/tecnologia.ufpr.br\/pipe\/wp-content\/uploads\/sites\/2\/2019\/09\/relatorio_viagem.doc\">Relat\u00f3rio viagem<\/a><\/td><\/tr><tr><td><a href=\"https:\/\/tecnologia.ufpr.br\/pipe\/wp-content\/uploads\/sites\/2\/2024\/06\/formulario-diarias_passagens_docente.odt\">Pedido de concess\u00e3o de passagens e diarias- Professores<\/a><\/td><\/tr><tr><td><a href=\"https:\/\/tecnologia.ufpr.br\/pipe\/wp-content\/uploads\/sites\/2\/2020\/07\/Modelo-Plano-Pr%C3%A1tica-de-Docencia-I.docx\">Pr\u00e1tica de Docencia I (modelo sugerido)<\/a><\/td><\/tr><tr><td><a href=\"https:\/\/tecnologia.ufpr.br\/pipe\/wp-content\/uploads\/sites\/2\/2020\/07\/Modelo-Plano-Pr%C3%A1tica-de-Docencia-II.docx\">Pr\u00e1tica de Docencia II (modelo sugerido)<\/a><\/td><\/tr><tr><td><a href=\"https:\/\/tecnologia.ufpr.br\/pipe\/wp-content\/uploads\/sites\/2\/2023\/07\/formulario_avaliacao_pratica_docencia_.doc\" target=\"_blank\" rel=\"noreferrer noopener\">Relat\u00f3rio de avalia\u00e7\u00e3o de pratica de Doc\u00eancia<\/a><\/td><\/tr><\/tbody><\/table><\/figure>\n\n\n\n<figure class=\"wp-block-table\"><table><tbody><tr><td><strong>Defesas<\/strong><\/td><\/tr><tr><td><a href=\"https:\/\/tecnologia.ufpr.br\/pipe\/wp-content\/uploads\/sites\/2\/2023\/03\/Modelo-projeto-de-Mestrado.odt\">Mestrado &#8211; Projeto de Pesquisa de Mestrado &#8211; (modelo referente a entrega prevista para a 2\u00aa matr\u00edcula<\/a><\/td><\/tr><tr><td><a href=\"https:\/\/tecnologia.ufpr.br\/pipe\/wp-content\/uploads\/sites\/2\/2020\/10\/Doutorado_Pedido_de_Defesa_de_Projeto.doc\">Doutorado &#8211; Pedido de defesa de Projeto (18 meses)<\/a><\/td><\/tr><tr><td><a href=\"https:\/\/tecnologia.ufpr.br\/pipe\/wp-content\/uploads\/sites\/2\/2022\/02\/Doutorado_Pedido_de_Reapresentacao_de_Defesa_de_Projeto.doc\">Doutorado &#8211; Pedido de Reapresenta\u00e7\u00e3o de defesa de Projeto<\/a><\/td><\/tr><tr><td><a href=\"https:\/\/tecnologia.ufpr.br\/pipe\/wp-content\/uploads\/sites\/2\/2020\/11\/Normas-internas-Projeto-de-Doutorado.pdf\">Doutorado- Modelo de Defesa de Projeto de Tese<\/a><\/td><\/tr><tr><td><a href=\"https:\/\/tecnologia.ufpr.br\/pipe\/wp-content\/uploads\/sites\/2\/2024\/12\/procedimentos-apos-defesa-atual.docx\" target=\"_blank\" rel=\"noreferrer noopener\">Procedimento ap\u00f3s defesa de Disserta\u00e7\u00e3o\/Tese<\/a><\/td><\/tr><tr><td><a href=\"https:\/\/tecnologia.ufpr.br\/pipe\/wp-content\/uploads\/sites\/2\/2022\/02\/Solicitacao-nao-divulgacao-de-obra.doc\">Solicita\u00e7\u00e3o para N\u00c3O  divulga\u00e7\u00e3o de trabalho final<\/a><\/td><\/tr><tr><td><a href=\"https:\/\/tecnologia.ufpr.br\/pipe\/wp-content\/uploads\/sites\/2\/2025\/08\/capa-e-folha-de-rosto.doc\" target=\"_blank\" rel=\"noreferrer noopener\">Capa e folha de rosto- trabalhos<\/a><\/td><\/tr><\/tbody><\/table><\/figure>\n\n\n\n<figure class=\"wp-block-table\"><table><tbody><tr><td><strong>Declara\u00e7\u00f5es<\/strong><\/td><\/tr><tr><td><a href=\"https:\/\/tecnologia.ufpr.br\/pipe\/wp-content\/uploads\/sites\/2\/2025\/08\/modelos_termos-de-autodeclaracao_res022025-cepe_280725.docx\" target=\"_blank\" rel=\"noreferrer noopener\">Modelos dos Termos de autodeclara\u00e7\u00e3o<\/a><\/td><\/tr><tr><td><\/td><\/tr><\/tbody><\/table><\/figure>\n","protected":false},"excerpt":{"rendered":"<p>Relat\u00f3rios e Formul\u00e1rios Relat\u00f3rio de acompanhamento de atividade discente (1\u00ba semestre) Relat\u00f3rio de acompanhamento de atividade discente Solicita\u00e7\u00f5es Diversas Requerimento de matr\u00edcula &#8211; aluno externo [&hellip;]<\/p>\n","protected":false},"author":1,"featured_media":0,"parent":0,"menu_order":0,"comment_status":"closed","ping_status":"closed","template":"","meta":{"footnotes":""},"_links":{"self":[{"href":"https:\/\/tecnologia.ufpr.br\/pipe\/wp-json\/wp\/v2\/pages\/71"}],"collection":[{"href":"https:\/\/tecnologia.ufpr.br\/pipe\/wp-json\/wp\/v2\/pages"}],"about":[{"href":"https:\/\/tecnologia.ufpr.br\/pipe\/wp-json\/wp\/v2\/types\/page"}],"author":[{"embeddable":true,"href":"https:\/\/tecnologia.ufpr.br\/pipe\/wp-json\/wp\/v2\/users\/1"}],"replies":[{"embeddable":true,"href":"https:\/\/tecnologia.ufpr.br\/pipe\/wp-json\/wp\/v2\/comments?post=71"}],"version-history":[{"count":82,"href":"https:\/\/tecnologia.ufpr.br\/pipe\/wp-json\/wp\/v2\/pages\/71\/revisions"}],"predecessor-version":[{"id":9609,"href":"https:\/\/tecnologia.ufpr.br\/pipe\/wp-json\/wp\/v2\/pages\/71\/revisions\/9609"}],"wp:attachment":[{"href":"https:\/\/tecnologia.ufpr.br\/pipe\/wp-json\/wp\/v2\/media?parent=71"}],"curies":[{"name":"wp","href":"https:\/\/api.w.org\/{rel}","templated":true}]}}