{"id":67,"date":"2016-03-14T13:04:22","date_gmt":"2016-03-14T13:04:22","guid":{"rendered":"https:\/\/tecnologia.ufpr.br\/pipe\/?page_id=67"},"modified":"2024-07-30T08:05:31","modified_gmt":"2024-07-30T11:05:31","slug":"secretaria","status":"publish","type":"page","link":"https:\/\/tecnologia.ufpr.br\/pipe\/secretaria\/","title":{"rendered":"SECRETARIA"},"content":{"rendered":"<p><span class=\"style24\"><strong>E-mail<\/strong>: <a href=\"mailto:pipe@ufpr.br\">pipe@ufpr.br<\/a><\/span><\/p>\n<p><strong>Teams: <\/strong><span class=\"style24\"><a href=\"mailto:pipe@ufpr.br\">pipe@ufpr.br<\/a><\/span><\/p>\n<p><strong>Fone: <\/strong>(41) 3361-3308<\/p>\n<p>Atendimento de Segunda \u00e0 Sexta-feira, das 08h \u00e0s 12h e das 13:00 \u00e0s 17h via e-mail e Teams<\/p>\n<p><strong>** PRESENCIAL \u00e0s ter\u00e7as e quartas-feiras*<\/strong><\/p>\n<p>Secret\u00e1ria: Maria Neiva Rodrigues Fedechem\u00a0<\/p>\n<p><strong>**<\/strong>Servidora participante do Programa de Gest\u00e3o, realizando teletrabalho em regime de execu\u00e7\u00e3o parcial conforme Portaria UFPR n\u00ba 462, de 14 de abril de 2023.<\/p>\n\n\n<p><\/p>\n","protected":false},"excerpt":{"rendered":"<p>E-mail: pipe@ufpr.br Teams: pipe@ufpr.br Fone: (41) 3361-3308 Atendimento de Segunda \u00e0 Sexta-feira, das 08h \u00e0s 12h e das 13:00 \u00e0s 17h via e-mail e Teams [&hellip;]<\/p>\n","protected":false},"author":1,"featured_media":0,"parent":0,"menu_order":0,"comment_status":"closed","ping_status":"closed","template":"","meta":{"footnotes":""},"_links":{"self":[{"href":"https:\/\/tecnologia.ufpr.br\/pipe\/wp-json\/wp\/v2\/pages\/67"}],"collection":[{"href":"https:\/\/tecnologia.ufpr.br\/pipe\/wp-json\/wp\/v2\/pages"}],"about":[{"href":"https:\/\/tecnologia.ufpr.br\/pipe\/wp-json\/wp\/v2\/types\/page"}],"author":[{"embeddable":true,"href":"https:\/\/tecnologia.ufpr.br\/pipe\/wp-json\/wp\/v2\/users\/1"}],"replies":[{"embeddable":true,"href":"https:\/\/tecnologia.ufpr.br\/pipe\/wp-json\/wp\/v2\/comments?post=67"}],"version-history":[{"count":45,"href":"https:\/\/tecnologia.ufpr.br\/pipe\/wp-json\/wp\/v2\/pages\/67\/revisions"}],"predecessor-version":[{"id":8805,"href":"https:\/\/tecnologia.ufpr.br\/pipe\/wp-json\/wp\/v2\/pages\/67\/revisions\/8805"}],"wp:attachment":[{"href":"https:\/\/tecnologia.ufpr.br\/pipe\/wp-json\/wp\/v2\/media?parent=67"}],"curies":[{"name":"wp","href":"https:\/\/api.w.org\/{rel}","templated":true}]}}