{"id":6127,"date":"2019-09-27T09:16:45","date_gmt":"2019-09-27T12:16:45","guid":{"rendered":"https:\/\/tecnologia.ufpr.br\/pipe\/?page_id=6127"},"modified":"2023-01-31T14:47:34","modified_gmt":"2023-01-31T17:47:34","slug":"prof-daniel-eiras","status":"publish","type":"page","link":"https:\/\/tecnologia.ufpr.br\/pipe\/prof-daniel-eiras\/","title":{"rendered":"Prof. Daniel Eiras"},"content":{"rendered":"\n<figure class=\"wp-block-image\"><img loading=\"lazy\" decoding=\"async\" width=\"576\" height=\"158\" src=\"https:\/\/tecnologia.ufpr.br\/pipe\/wp-content\/uploads\/sites\/2\/2019\/09\/image-2.png\" alt=\"\" class=\"wp-image-6097\" srcset=\"https:\/\/tecnologia.ufpr.br\/pipe\/wp-content\/uploads\/sites\/2\/2019\/09\/image-2.png 576w, https:\/\/tecnologia.ufpr.br\/pipe\/wp-content\/uploads\/sites\/2\/2019\/09\/image-2-300x82.png 300w, https:\/\/tecnologia.ufpr.br\/pipe\/wp-content\/uploads\/sites\/2\/2019\/09\/image-2-160x44.png 160w\" sizes=\"(max-width: 576px) 100vw, 576px\" \/><\/figure>\n\n\n\n<p> <strong><a href=\"https:\/\/tecnologia.ufpr.br\/deq\/\">Departamento de Engenharia Qu\u00edmica<\/a><\/strong><\/p>\n\n\n\n<p>\t\t<strong>Telefone:<\/strong>\n41 3361-3580<\/p>\n\n\n\n<p><strong> E-mail:<\/strong> <a href=\"mailto:eiras@ufpr.br\"><strong>eiras@ufpr.br<\/strong><\/a><\/p>\n\n\n\n<p> <strong>Curr\u00edculo Lattes:<\/strong> <a href=\"http:\/\/buscatextual.cnpq.br\/buscatextual\/visualizacv.do?id=K4284287U7\"><strong>clique aqui<\/strong><\/a><\/p>\n\n\n\n<p><strong>ATIVIDADES NO PIPE<\/strong>:<\/p>\n\n\n\n<p class=\"has-text-align-center\"><a href=\"https:\/\/tecnologia.ufpr.br\/pipe\/\">Coordenador do Programa de P\u00f3s-Gradua\u00e7\u00e3o em Ci\u00eancias dos Materiais<\/a><\/p>\n","protected":false},"excerpt":{"rendered":"<p>Departamento de Engenharia Qu\u00edmica Telefone: 41 3361-3580 E-mail: eiras@ufpr.br Curr\u00edculo Lattes: clique aqui ATIVIDADES NO PIPE: Coordenador do Programa de P\u00f3s-Gradua\u00e7\u00e3o em Ci\u00eancias dos Materiais<\/p>\n","protected":false},"author":1000,"featured_media":0,"parent":0,"menu_order":0,"comment_status":"closed","ping_status":"closed","template":"","meta":{"footnotes":""},"_links":{"self":[{"href":"https:\/\/tecnologia.ufpr.br\/pipe\/wp-json\/wp\/v2\/pages\/6127"}],"collection":[{"href":"https:\/\/tecnologia.ufpr.br\/pipe\/wp-json\/wp\/v2\/pages"}],"about":[{"href":"https:\/\/tecnologia.ufpr.br\/pipe\/wp-json\/wp\/v2\/types\/page"}],"author":[{"embeddable":true,"href":"https:\/\/tecnologia.ufpr.br\/pipe\/wp-json\/wp\/v2\/users\/1000"}],"replies":[{"embeddable":true,"href":"https:\/\/tecnologia.ufpr.br\/pipe\/wp-json\/wp\/v2\/comments?post=6127"}],"version-history":[{"count":4,"href":"https:\/\/tecnologia.ufpr.br\/pipe\/wp-json\/wp\/v2\/pages\/6127\/revisions"}],"predecessor-version":[{"id":8101,"href":"https:\/\/tecnologia.ufpr.br\/pipe\/wp-json\/wp\/v2\/pages\/6127\/revisions\/8101"}],"wp:attachment":[{"href":"https:\/\/tecnologia.ufpr.br\/pipe\/wp-json\/wp\/v2\/media?parent=6127"}],"curies":[{"name":"wp","href":"https:\/\/api.w.org\/{rel}","templated":true}]}}