{"id":6031,"date":"2019-09-26T15:27:58","date_gmt":"2019-09-26T18:27:58","guid":{"rendered":"https:\/\/tecnologia.ufpr.br\/pipe\/?page_id=6031"},"modified":"2019-09-26T15:27:58","modified_gmt":"2019-09-26T18:27:58","slug":"willian-rodrigues-moreira","status":"publish","type":"page","link":"https:\/\/tecnologia.ufpr.br\/pipe\/willian-rodrigues-moreira\/","title":{"rendered":"WILLIAN RODRIGUES MOREIRA"},"content":{"rendered":"\n<figure class=\"wp-block-image\"><img loading=\"lazy\" decoding=\"async\" width=\"719\" height=\"198\" src=\"https:\/\/tecnologia.ufpr.br\/pipe\/wp-content\/uploads\/sites\/2\/2019\/09\/image-1.png\" alt=\"\" class=\"wp-image-5779\" srcset=\"https:\/\/tecnologia.ufpr.br\/pipe\/wp-content\/uploads\/sites\/2\/2019\/09\/image-1.png 719w, https:\/\/tecnologia.ufpr.br\/pipe\/wp-content\/uploads\/sites\/2\/2019\/09\/image-1-300x83.png 300w, https:\/\/tecnologia.ufpr.br\/pipe\/wp-content\/uploads\/sites\/2\/2019\/09\/image-1-160x44.png 160w\" sizes=\"(max-width: 719px) 100vw, 719px\" \/><\/figure>\n\n\n\n<p>Programa: ENGENHARIA E CI\u00caNCIA DOS MATERIAIS (40001016033P9)<br> Data de Nascimento: 17\/02\/1991<br> E-mail: willian.r.moreira@hotmail.com<br> N\u00edvel: Mestrado<br> Curso: ENGENHARIA E CI\u00caNCIA DOS MATERIAIS<br> Situa\u00e7\u00e3o: MATRICULADO<br> Data de Matr\u00edcula: 01\/03\/2019<br> Possui bolsa: Sim<\/p>\n\n\n\n<p>Orientador: HAROLDO DE ARA\u00daJO PONTE<\/p>\n","protected":false},"excerpt":{"rendered":"<p>Programa: ENGENHARIA E CI\u00caNCIA DOS MATERIAIS (40001016033P9) Data de Nascimento: 17\/02\/1991 E-mail: willian.r.moreira@hotmail.com N\u00edvel: Mestrado Curso: ENGENHARIA E CI\u00caNCIA DOS MATERIAIS Situa\u00e7\u00e3o: MATRICULADO Data de [&hellip;]<\/p>\n","protected":false},"author":1000,"featured_media":0,"parent":0,"menu_order":0,"comment_status":"closed","ping_status":"closed","template":"","meta":{"footnotes":""},"_links":{"self":[{"href":"https:\/\/tecnologia.ufpr.br\/pipe\/wp-json\/wp\/v2\/pages\/6031"}],"collection":[{"href":"https:\/\/tecnologia.ufpr.br\/pipe\/wp-json\/wp\/v2\/pages"}],"about":[{"href":"https:\/\/tecnologia.ufpr.br\/pipe\/wp-json\/wp\/v2\/types\/page"}],"author":[{"embeddable":true,"href":"https:\/\/tecnologia.ufpr.br\/pipe\/wp-json\/wp\/v2\/users\/1000"}],"replies":[{"embeddable":true,"href":"https:\/\/tecnologia.ufpr.br\/pipe\/wp-json\/wp\/v2\/comments?post=6031"}],"version-history":[{"count":1,"href":"https:\/\/tecnologia.ufpr.br\/pipe\/wp-json\/wp\/v2\/pages\/6031\/revisions"}],"predecessor-version":[{"id":6034,"href":"https:\/\/tecnologia.ufpr.br\/pipe\/wp-json\/wp\/v2\/pages\/6031\/revisions\/6034"}],"wp:attachment":[{"href":"https:\/\/tecnologia.ufpr.br\/pipe\/wp-json\/wp\/v2\/media?parent=6031"}],"curies":[{"name":"wp","href":"https:\/\/api.w.org\/{rel}","templated":true}]}}