{"id":50,"date":"2019-03-11T22:52:25","date_gmt":"2019-03-12T01:52:25","guid":{"rendered":"https:\/\/tecnologia.ufpr.br\/pipe\/?page_id=50"},"modified":"2026-02-02T10:12:16","modified_gmt":"2026-02-02T13:12:16","slug":"matriculas-semestrais","status":"publish","type":"page","link":"https:\/\/tecnologia.ufpr.br\/pipe\/matriculas-semestrais\/","title":{"rendered":"Matr\u00edculas Semestrais"},"content":{"rendered":"\n<p><strong>OFERTA DE DISCIPLINAS&nbsp;PRIMEIRO SEMESTRE  DE 2026<\/strong><\/p>\n\n\n\n<p><strong>Previs\u00e3o para in\u00edcio das aulas: 09 de MAR\u00c7O de 2026. Exceto&nbsp;as&nbsp;disciplinas&nbsp;que marcar &nbsp;inicio&nbsp;diferenciado.<\/strong><\/p>\n\n\n\n<p><u>DISCENTES REGULARES DO PROGRAMA (  mestrado e doutorado e externos)<\/u><\/p>\n\n\n\n<p><strong>Prazo para matr\u00edculas<\/strong>: <\/p>\n\n\n\n<ul>\n<li><strong>De 02 de fevereiro at\u00e9 06 de mar\u00e7o de 2026 .<\/strong><\/li>\n<\/ul>\n\n\n\n<ul>\n<li><strong>A solicita\u00e7\u00e3o de matr\u00edcula <\/strong>ser\u00e1 efetuada&nbsp;exclusivamente&nbsp;pelo Portal SIGA.<\/li>\n\n\n\n<li><strong>Na segunda matr\u00edcula<\/strong>, os discentes de mestrado&nbsp;tamb\u00e9m<strong>&nbsp;<\/strong>dever\u00e3o enviar por e-mail projeto de pesquisa a ser executado, assinado pelo orientador. Caso isto n\u00e3o aconte\u00e7a, a matr\u00edcula solicitada pelo SIGA n\u00e3o ser\u00e1 efetivada.&nbsp; &nbsp;&nbsp;<\/li>\n\n\n\n<li><strong>O cancelamento<\/strong> <strong>da matr\u00edcula<\/strong> dever\u00e1 ser solicitado via SIGA, atentar-se aos prazos estipulados.<\/li>\n<\/ul>\n\n\n\n<h4 class=\"wp-block-heading\"><span style=\"color: #000000\">ALUNOS EXTERNOS<\/span><\/h4>\n\n\n\n<p>As solicita\u00e7\u00f5es de Matr\u00edculas em disciplinas do PIPE para a comunidade externa (discentes externos) dever\u00e3o ser encaminhadas para o e-mail (<a href=\"https:\/\/www.eletrica.ufpr.br\/webmail\/src\/compose.php?send_to=pipe%40ufpr.br\">pipe@ufpr.br<\/a>), at\u00e9&nbsp; 23h:59min do dia 06\/03\/2026. Toda a documenta\u00e7\u00e3o requerida, juntamente com o&nbsp;<strong><a href=\"https:\/\/tecnologia.ufpr.br\/pipe\/wp-content\/uploads\/sites\/2\/2025\/03\/disciplina-isolada.doc\" target=\"_blank\" rel=\"noreferrer noopener\">formul\u00e1rio pr\u00f3prio<\/a><\/strong>,deve ser enviada em formato PDF (documentos assinados, escaneados em formato PDF).<\/p>\n\n\n\n<p>Disciplinas ofertadas para o 1\u00ba semestre de 2026 (dispon\u00edveis no SIGA) s\u00e3o as seguintes:<\/p>\n\n\n\n<p><strong><a href=\"https:\/\/tecnologia.ufpr.br\/pipe\/2026\/02\/02\/abertas-as-inscricoes-para-as-disciplinas-do-primeiro-semestre-2026\/\" target=\"_blank\" rel=\"noreferrer noopener\">Disciplinas 1\u00ba semestre 2026<\/a><\/strong><\/p>\n","protected":false},"excerpt":{"rendered":"<p>OFERTA DE DISCIPLINAS&nbsp;PRIMEIRO SEMESTRE DE 2026 Previs\u00e3o para in\u00edcio das aulas: 09 de MAR\u00c7O de 2026. Exceto&nbsp;as&nbsp;disciplinas&nbsp;que marcar &nbsp;inicio&nbsp;diferenciado. DISCENTES REGULARES DO PROGRAMA ( mestrado [&hellip;]<\/p>\n","protected":false},"author":1000,"featured_media":0,"parent":0,"menu_order":0,"comment_status":"closed","ping_status":"closed","template":"","meta":{"footnotes":""},"_links":{"self":[{"href":"https:\/\/tecnologia.ufpr.br\/pipe\/wp-json\/wp\/v2\/pages\/50"}],"collection":[{"href":"https:\/\/tecnologia.ufpr.br\/pipe\/wp-json\/wp\/v2\/pages"}],"about":[{"href":"https:\/\/tecnologia.ufpr.br\/pipe\/wp-json\/wp\/v2\/types\/page"}],"author":[{"embeddable":true,"href":"https:\/\/tecnologia.ufpr.br\/pipe\/wp-json\/wp\/v2\/users\/1000"}],"replies":[{"embeddable":true,"href":"https:\/\/tecnologia.ufpr.br\/pipe\/wp-json\/wp\/v2\/comments?post=50"}],"version-history":[{"count":221,"href":"https:\/\/tecnologia.ufpr.br\/pipe\/wp-json\/wp\/v2\/pages\/50\/revisions"}],"predecessor-version":[{"id":9587,"href":"https:\/\/tecnologia.ufpr.br\/pipe\/wp-json\/wp\/v2\/pages\/50\/revisions\/9587"}],"wp:attachment":[{"href":"https:\/\/tecnologia.ufpr.br\/pipe\/wp-json\/wp\/v2\/media?parent=50"}],"curies":[{"name":"wp","href":"https:\/\/api.w.org\/{rel}","templated":true}]}}