{"id":48,"date":"2016-03-10T18:18:27","date_gmt":"2016-03-10T18:18:27","guid":{"rendered":"https:\/\/tecnologia.ufpr.br\/pipe\/?page_id=48"},"modified":"2023-04-27T16:00:05","modified_gmt":"2023-04-27T19:00:05","slug":"curriculo-do-programa","status":"publish","type":"page","link":"https:\/\/tecnologia.ufpr.br\/pipe\/curriculo-do-programa\/","title":{"rendered":"Curr\u00edculo do Programa"},"content":{"rendered":"<blockquote>\n<p class=\"style17\">O Curr\u00edculo do Programa de P\u00f3s-Gradua\u00e7\u00e3o em Engenharia e Ci\u00eancia dos Materiais \u00e9 constitu\u00eddo, a partir de 10 de maio de 2013, das seguintes disciplinas (com os novos c\u00f3digos ECMA atualizados pela PRPPG em 2018):<\/p>\n<p class=\"style23\">*** Clique sobre o nome da disciplina para visualizar a ementa ***<\/p>\n<p class=\"style24\" align=\"center\">DISCIPLINAS OBRIGAT\u00d3RIAS PARA O MESTRADO E DOUTORADO: ECMA7004 &#8211; ECMA7033 e ECMA7037<\/p>\n<table width=\"100%\" cellspacing=\"0\" cellpadding=\"4\">\n<tbody>\n<tr valign=\"top\">\n<td width=\"25%\"><strong>C\u00f3digo Atual<\/strong><\/td>\n<td width=\"25%\"><strong>Disciplina<\/strong><\/td>\n<td width=\"25%\"><strong>Carga Hor\u00e1ria Total<\/strong><\/td>\n<td width=\"25%\"><strong>Cr\u00e9ditos<\/strong><\/td>\n<\/tr>\n<tr valign=\"top\">\n<td width=\"25%\"><strong>ECMA7000<\/strong><\/td>\n<td width=\"25%\"><a href=\"https:\/\/tecnologia.ufpr.br\/pipe\/wp-content\/uploads\/sites\/2\/2018\/07\/ECMA7000_Analise_de_Materiais_Com_Raio_X.pdf\">An\u00e1lise de Materiais com Raio-X<\/a><\/td>\n<td width=\"25%\">\n<p align=\"center\">60<\/p>\n<\/td>\n<td width=\"25%\">\n<p align=\"center\">04<\/p>\n<\/td>\n<\/tr>\n<tr valign=\"top\">\n<td width=\"25%\"><\/td>\n<td width=\"25%\"><\/td>\n<td width=\"25%\"><\/td>\n<td width=\"25%\"><\/td>\n<\/tr>\n<tr valign=\"top\">\n<td width=\"25%\"><strong>ECMA7003<\/strong><\/td>\n<td width=\"25%\"><a href=\"https:\/\/tecnologia.ufpr.br\/pipe\/wp-content\/uploads\/sites\/2\/2018\/07\/ECMA7003_Caracterizacao_de_Dieletricos.pdf\">Caracteriza\u00e7\u00e3o de Diel\u00e9tricos<\/a><\/td>\n<td width=\"25%\">\n<p align=\"center\">60<\/p>\n<\/td>\n<td width=\"25%\">\n<p align=\"center\">04<\/p>\n<\/td>\n<\/tr>\n<tr valign=\"top\">\n<td width=\"25%\"><strong>ECMA7004<\/strong><\/td>\n<td width=\"25%\"><a href=\"https:\/\/tecnologia.ufpr.br\/pipe\/wp-content\/uploads\/sites\/2\/2018\/07\/ECMA7004_Ciencia_dos_Materiais.pdf\">Ci\u00eancia dos Materiais<\/a><\/td>\n<td width=\"25%\">\n<p align=\"center\">60<\/p>\n<\/td>\n<td width=\"25%\">\n<p align=\"center\">04<\/p>\n<\/td>\n<\/tr>\n<tr valign=\"top\">\n<td width=\"25%\"><\/td>\n<td width=\"25%\"><\/td>\n<td width=\"25%\"><\/td>\n<td width=\"25%\"><\/td>\n<\/tr>\n<tr valign=\"top\">\n<td width=\"25%\"><\/td>\n<td width=\"25%\"><\/td>\n<td width=\"25%\"><\/td>\n<td width=\"25%\"><\/td>\n<\/tr>\n<tr valign=\"top\">\n<td width=\"25%\"><strong>ECMA7014<\/strong><\/td>\n<td width=\"25%\"><a href=\"https:\/\/tecnologia.ufpr.br\/pipe\/wp-content\/uploads\/sites\/2\/2018\/07\/ECMA7014_Fisica_dos_Dieletricos.pdf\">F\u00edsica dos Diel\u00e9tricos<\/a><\/td>\n<td width=\"25%\">\n<p align=\"center\">60<\/p>\n<\/td>\n<td width=\"25%\">\n<p align=\"center\">04<\/p>\n<\/td>\n<\/tr>\n<tr valign=\"top\">\n<td width=\"25%\"><strong>ECMA7017<\/strong><\/td>\n<td width=\"25%\"><a href=\"https:\/\/tecnologia.ufpr.br\/pipe\/wp-content\/uploads\/sites\/2\/2018\/07\/ECMA7017_Metalurgia_do_Po.pdf\">Metalurgia do P\u00f3<\/a><\/td>\n<td width=\"25%\">\n<p align=\"center\">60<\/p>\n<\/td>\n<td width=\"25%\">\n<p align=\"center\">04<\/p>\n<\/td>\n<\/tr>\n<tr valign=\"top\">\n<td width=\"25%\"><strong>ECMA7019<\/strong><\/td>\n<td width=\"25%\"><a href=\"https:\/\/tecnologia.ufpr.br\/pipe\/wp-content\/uploads\/sites\/2\/2018\/07\/ECMA7019_MetalurgiaFisica.pdf\">Metalurgia F\u00edsica<\/a><\/td>\n<td width=\"25%\">\n<p align=\"center\">60<\/p>\n<\/td>\n<td width=\"25%\">\n<p align=\"center\">04<\/p>\n<\/td>\n<\/tr>\n<tr valign=\"top\">\n<td width=\"25%\"><strong>ECMA 7020<\/strong><\/td>\n<td width=\"25%\"><a href=\"https:\/\/tecnologia.ufpr.br\/pipe\/wp-content\/uploads\/sites\/2\/2018\/07\/ECMA7020_Metodos_Eletroquimicos.pdf\">M\u00e9todos Eletroqu\u00edmicos<\/a><\/td>\n<td width=\"25%\">\n<p align=\"center\">60<\/p>\n<\/td>\n<td width=\"25%\">\n<p align=\"center\">04<\/p>\n<\/td>\n<\/tr>\n<tr valign=\"top\">\n<td width=\"25%\"><strong>ECMA7022<\/strong><\/td>\n<td width=\"25%\"><a href=\"https:\/\/tecnologia.ufpr.br\/pipe\/wp-content\/uploads\/sites\/2\/2018\/07\/ECMA7022_Microscopia_em_Ciencia_dos_Materiais.pdf\">Microscopia em Ci\u00eancia dos Materiais<\/a><\/td>\n<td width=\"25%\">\n<p align=\"center\">60<\/p>\n<\/td>\n<td width=\"25%\">\n<p align=\"center\">04<\/p>\n<\/td>\n<\/tr>\n<tr valign=\"top\">\n<td width=\"25%\"><strong>ECMA7025<\/strong><\/td>\n<td width=\"25%\"><a href=\"https:\/\/tecnologia.ufpr.br\/pipe\/wp-content\/uploads\/sites\/2\/2018\/07\/ECMA7025_Polimeros.pdf\">Pol\u00edmeros<\/a><\/td>\n<td width=\"25%\">\n<p align=\"center\">60<\/p>\n<\/td>\n<td width=\"25%\">\n<p align=\"center\">04<\/p>\n<\/td>\n<\/tr>\n<tr valign=\"top\">\n<td width=\"25%\"><strong>ECMA7026<\/strong><\/td>\n<td width=\"25%\"><a href=\"https:\/\/tecnologia.ufpr.br\/pipe\/wp-content\/uploads\/sites\/2\/2018\/07\/ECMA7026_Pratica_de_Docencia_I.pdf\">Pr\u00e1tica de Doc\u00eancia I<\/a><\/td>\n<td width=\"25%\">\n<p align=\"center\">30<\/p>\n<\/td>\n<td width=\"25%\">\n<p align=\"center\">02<\/p>\n<\/td>\n<\/tr>\n<tr valign=\"top\">\n<td width=\"25%\"><strong>ECMA7027<\/strong><\/td>\n<td width=\"25%\"><a href=\"https:\/\/tecnologia.ufpr.br\/pipe\/wp-content\/uploads\/sites\/2\/2018\/07\/ECMA7027_Pratica_de_Docencia_II.pd\">Pr\u00e1tica de Doc\u00eancia II<\/a><\/td>\n<td width=\"25%\">\n<p align=\"center\">45<\/p>\n<\/td>\n<td width=\"25%\">\n<p align=\"center\">03<\/p>\n<\/td>\n<\/tr>\n<tr valign=\"top\">\n<td width=\"25%\"><strong>ECMA7028<\/strong><\/td>\n<td width=\"25%\"><a href=\"https:\/\/tecnologia.ufpr.br\/pipe\/wp-content\/uploads\/sites\/2\/2018\/07\/ECMA7028_Processamento_de_Materiais_por_Plasma.pdf\">Processamento de Materiais por Plasma<\/a><\/td>\n<td width=\"25%\">\n<p align=\"center\">60<\/p>\n<\/td>\n<td width=\"25%\">\n<p align=\"center\">04<\/p>\n<\/td>\n<\/tr>\n<tr valign=\"top\">\n<td width=\"25%\"><strong>ECMA7031<\/strong><\/td>\n<td width=\"25%\"><a href=\"https:\/\/tecnologia.ufpr.br\/pipe\/wp-content\/uploads\/sites\/2\/2018\/07\/ECMA7031_Radiacao_Termica.pdf\">Radia\u00e7\u00e3o T\u00e9rmica<\/a><\/td>\n<td width=\"25%\">\n<p align=\"center\">60<\/p>\n<\/td>\n<td width=\"25%\">\n<p align=\"center\">04<\/p>\n<\/td>\n<\/tr>\n<tr valign=\"top\">\n<td width=\"25%\"><strong>ECMA7033<\/strong><\/td>\n<td width=\"25%\"><a href=\"https:\/\/tecnologia.ufpr.br\/pipe\/wp-content\/uploads\/sites\/2\/2018\/07\/ECMA7033_Seminarios.pdf\">Semin\u00e1rios<\/a><\/td>\n<td width=\"25%\">\n<p align=\"center\">30<\/p>\n<\/td>\n<td width=\"25%\">\n<p align=\"center\">02<\/p>\n<\/td>\n<\/tr>\n<tr valign=\"top\">\n<td width=\"25%\"><strong>ECMA7034<\/strong><\/td>\n<td width=\"25%\"><a href=\"https:\/\/tecnologia.ufpr.br\/pipe\/wp-content\/uploads\/sites\/2\/2018\/07\/ECMA7034_Simulacao_e_Controle_de_Sistemas_Fisicos.pdf\">Simula\u00e7\u00e3o e Controle de Sistemas F\u00edsicos<\/a><\/td>\n<td width=\"25%\">\n<p align=\"center\">60<\/p>\n<\/td>\n<td width=\"25%\">\n<p align=\"center\">04<\/p>\n<\/td>\n<\/tr>\n<tr valign=\"top\">\n<td width=\"25%\"><strong>ECMA7036<\/strong><\/td>\n<td width=\"25%\"><a href=\"https:\/\/tecnologia.ufpr.br\/pipe\/wp-content\/uploads\/sites\/2\/2018\/07\/ECMA7036_Tecnologia_de_Filmes_Finos.pdf\">Tecnologia de Filmes Finos<\/a><\/td>\n<td width=\"25%\">\n<p align=\"center\">60<\/p>\n<\/td>\n<td width=\"25%\">\n<p align=\"center\">04<\/p>\n<\/td>\n<\/tr>\n<tr valign=\"top\">\n<td width=\"25%\"><strong>ECMA 7037<\/strong><\/td>\n<td width=\"25%\"><a href=\"https:\/\/tecnologia.ufpr.br\/pipe\/wp-content\/uploads\/sites\/2\/2018\/07\/ECMA7037_Termodinamica_dos_Materiais.pdf\">Termodin\u00e2mica de Materiais<\/a><\/td>\n<td width=\"25%\">\n<p align=\"center\">60<\/p>\n<\/td>\n<td width=\"25%\">\n<p align=\"center\">04<\/p>\n<\/td>\n<\/tr>\n<tr valign=\"top\">\n<td width=\"25%\"><strong>ECMA7039<\/strong><\/td>\n<td width=\"25%\"><a href=\"https:\/\/tecnologia.ufpr.br\/pipe\/wp-content\/uploads\/sites\/2\/2018\/07\/ECMA7039_Topicos_de_Instrumentacao_Cientifica.pdf\">T\u00f3picos de Instrumenta\u00e7\u00e3o Cient\u00edfica<\/a><\/td>\n<td width=\"25%\">\n<p align=\"center\">60<\/p>\n<\/td>\n<td width=\"25%\">\n<p align=\"center\">04<\/p>\n<\/td>\n<\/tr>\n<tr valign=\"top\">\n<td width=\"25%\"><strong>ECMA7040<\/strong><\/td>\n<td width=\"25%\"><a href=\"https:\/\/tecnologia.ufpr.br\/pipe\/wp-content\/uploads\/sites\/2\/2018\/07\/ECMA7040_Topicos_Especiais_em_Corrosao.pdf\">T\u00f3picos Especiais em Corros\u00e3o<\/a><\/td>\n<td width=\"25%\">\n<p align=\"center\">60<\/p>\n<\/td>\n<td width=\"25%\">\n<p align=\"center\">04<\/p>\n<\/td>\n<\/tr>\n<tr valign=\"top\">\n<td width=\"25%\" height=\"21\"><strong>ECMA7041<\/strong><\/td>\n<td width=\"25%\"><a href=\"https:\/\/tecnologia.ufpr.br\/pipe\/wp-content\/uploads\/sites\/2\/2018\/07\/ECMA7041_Topicos_Especiais_em_Engenharia_e_Ciencia_dos_Materiais_I.pdf\">T\u00f3picos Especiais em Engenharia e Ci\u00eancia dos Materiais I<\/a><\/td>\n<td width=\"25%\">\n<p align=\"center\">30<\/p>\n<\/td>\n<td width=\"25%\">\n<p align=\"center\">02<\/p>\n<\/td>\n<\/tr>\n<tr valign=\"top\">\n<td width=\"25%\" height=\"21\"><strong>ECMA7042<\/strong><\/td>\n<td width=\"25%\"><a href=\"https:\/\/tecnologia.ufpr.br\/pipe\/wp-content\/uploads\/sites\/2\/2018\/07\/ECMA7042_Topicos_Especiais_em_Engenharia_e_Ciencia_dos_Materiais_II.pdf\">T\u00f3picos Especiais em Engenharia e Ci\u00eancia dos Materiais II<\/a><\/td>\n<td width=\"25%\">\n<p align=\"center\">45<\/p>\n<\/td>\n<td width=\"25%\">\n<p align=\"center\">03<\/p>\n<\/td>\n<\/tr>\n<tr valign=\"top\">\n<td width=\"25%\" height=\"20\"><strong>ECMA7043<\/strong><\/td>\n<td width=\"25%\"><a href=\"https:\/\/tecnologia.ufpr.br\/pipe\/wp-content\/uploads\/sites\/2\/2018\/07\/ECMA7043_Topicos_Especiais_em_Engenharia_e_Ciencia_dos_Materiais_III.pdf\">T\u00f3picos Especiais em Engenharia e Ci\u00eancia dos Materiais III<\/a><\/td>\n<td width=\"25%\">60<\/td>\n<td width=\"25%\">04<\/td>\n<\/tr>\n<\/tbody>\n<\/table>\n<\/blockquote>\n<table style=\"height: 146px\" border=\"0\" width=\"547\" cellspacing=\"0\" cellpadding=\"0\" align=\"center\">\n<tbody>\n<tr valign=\"top\">\n<td valign=\"top\" width=\"10\" height=\"42\"><\/td>\n<td valign=\"top\" width=\"539\">Para acessar as Ementas das Disciplinas com os C\u00f3digos Antigos (TEM-XYZ) clique <a href=\"https:\/\/tecnologia.ufpr.br\/pipe\/curriculo-com-codigos-antigos\/\">AQUI<\/a>.<\/p>\n<hr \/>\n<p>Para obter ementas de disciplinas que n\u00e3o estejam dispon\u00edveis na lista acima, favor entrar em contato com a Ouvidoria do PIPE,<a href=\"http:\/\/www.pipe.ufpr.br\/ouvidoria.htm\"> clicando aqui<\/a>.<\/td>\n<\/tr>\n<\/tbody>\n<\/table>\n","protected":false},"excerpt":{"rendered":"<p>O Curr\u00edculo do Programa de P\u00f3s-Gradua\u00e7\u00e3o em Engenharia e Ci\u00eancia dos Materiais \u00e9 constitu\u00eddo, a partir de 10 de maio de 2013, das seguintes disciplinas [&hellip;]<\/p>\n","protected":false},"author":1,"featured_media":0,"parent":0,"menu_order":0,"comment_status":"closed","ping_status":"closed","template":"","meta":{"footnotes":""},"_links":{"self":[{"href":"https:\/\/tecnologia.ufpr.br\/pipe\/wp-json\/wp\/v2\/pages\/48"}],"collection":[{"href":"https:\/\/tecnologia.ufpr.br\/pipe\/wp-json\/wp\/v2\/pages"}],"about":[{"href":"https:\/\/tecnologia.ufpr.br\/pipe\/wp-json\/wp\/v2\/types\/page"}],"author":[{"embeddable":true,"href":"https:\/\/tecnologia.ufpr.br\/pipe\/wp-json\/wp\/v2\/users\/1"}],"replies":[{"embeddable":true,"href":"https:\/\/tecnologia.ufpr.br\/pipe\/wp-json\/wp\/v2\/comments?post=48"}],"version-history":[{"count":29,"href":"https:\/\/tecnologia.ufpr.br\/pipe\/wp-json\/wp\/v2\/pages\/48\/revisions"}],"predecessor-version":[{"id":8239,"href":"https:\/\/tecnologia.ufpr.br\/pipe\/wp-json\/wp\/v2\/pages\/48\/revisions\/8239"}],"wp:attachment":[{"href":"https:\/\/tecnologia.ufpr.br\/pipe\/wp-json\/wp\/v2\/media?parent=48"}],"curies":[{"name":"wp","href":"https:\/\/api.w.org\/{rel}","templated":true}]}}