{"id":46,"date":"2016-03-10T18:16:50","date_gmt":"2016-03-10T18:16:50","guid":{"rendered":"https:\/\/tecnologia.ufpr.br\/pipe\/?page_id=46"},"modified":"2025-12-15T10:01:16","modified_gmt":"2025-12-15T13:01:16","slug":"processo-seletivo-doutorado","status":"publish","type":"page","link":"https:\/\/tecnologia.ufpr.br\/pipe\/processo-seletivo-doutorado\/","title":{"rendered":"Doutorado"},"content":{"rendered":"<p style=\"text-align: center\"><strong><span style=\"color: #000000\">INSCRI\u00c7\u00d5ES PARA O PROCESSO SELETIVO\u00a0DE DOUTORADO (Fluxo cont\u00ednuo)<\/span><\/strong><\/p>\n<p style=\"text-align: justify\">As inscri\u00e7\u00f5es para o doutorado ocorrem em regime de fluxo cont\u00ednuo <em>(ingresso oficial no in\u00edcio de cada semestre letivo, de acordo com o Regimento do Programa).<\/em><\/p>\n<p style=\"text-align: justify\">O candidato deve entrar em contato com um docente credenciado no PIPE e escrever Projeto de Tese em conjunto com seu poss\u00edvel orientador, de acordo com o ROTEIRO\u00a0estabelecido nas normas do programa.\u00a0<\/p>\n<p style=\"text-align: justify\"><strong>A inscri\u00e7\u00e3o \u00e9 exclusivamente online, por meio do link para ficha de inscri\u00e7\u00e3o abaixo.<\/strong><\/p>\n<p style=\"text-align: justify\">OBS.: A atribui\u00e7\u00e3o de bolsas de estudos ser\u00e1 realizada atrav\u00e9s de processo seletivo interno espec\u00edfico destinado aos candidatos selecionados que demonstrarem interesse nas mesmas, por comiss\u00e3o e Edital pr\u00f3prios para este fim.<\/p>\n<table border=\"1\" width=\"487\" cellspacing=\"0\" cellpadding=\"0\" align=\"center\">\n<tbody>\n<tr>\n<td bgcolor=\"#FF6666\" width=\"483\" height=\"34\">\u00a0<\/td>\n<\/tr>\n<tr>\n<td class=\"style21\" height=\"46\">\u00a0<\/td>\n<\/tr>\n<tr>\n<td height=\"46\">\n<p class=\"style31\" align=\"left\"><span class=\"style17\">Normas que regem o Processo Seletivo para ingresso no Doutorado<\/span><\/p>\n<p align=\"left\"><a href=\"https:\/\/tecnologia.ufpr.br\/pipe\/wp-content\/uploads\/sites\/2\/2025\/11\/edital-09-selecao-doutorado.pdf\" target=\"_blank\" rel=\"noopener\">Edital n\u00ba 09\/2025 PIPE<\/a><\/p>\n<p align=\"left\"><a href=\"https:\/\/tecnologia.ufpr.br\/pipe\/wp-content\/uploads\/sites\/2\/2025\/12\/tabela-pontuacao-doutorado-atualizada.pdf\" target=\"_blank\" rel=\"noopener\">Errata anexo I: Tabela de avalia\u00e7\u00e3o de curr\u00edculo a ser utilizada nesta sele\u00e7\u00e3o<\/a><\/p>\n<p align=\"left\"><a href=\"https:\/\/siga.ufpr.br\/siga\/visitante\/processoseletivo\/index.jsp?sequencial=5110\" target=\"_blank\" rel=\"noopener\">Ficha de inscri\u00e7\u00e3o<\/a><\/p>\n<p align=\"left\"><a href=\"https:\/\/tecnologia.ufpr.br\/pipe\/wp-content\/uploads\/sites\/2\/2025\/08\/modelos_termos-de-autodeclaracao_res022025-cepe_280725.docx\" target=\"_blank\" rel=\"noopener\">Modelos dos Termos de autodeclara\u00e7\u00e3o<\/a><\/p>\n<p align=\"left\"><a href=\"https:\/\/soc.ufpr.br\/wp-content\/uploads\/2025\/03\/RESOLUCAO-No-02-25-CEPE.pdf\" target=\"_blank\" rel=\"noopener\">Resolu\u00e7\u00e3o 02\/2025 &#8211; CEPE<\/a><\/p>\n<p align=\"left\"><a href=\"https:\/\/tecnologia.ufpr.br\/pipe\/wp-content\/uploads\/sites\/2\/2023\/11\/modelo-proj-dout-pipe-ufpr.docx\">Roteiro para redigir Projeto de Doutorado<\/a><\/p>\n<div align=\"left\">\u00a0<\/div>\n<div align=\"left\"><a href=\"https:\/\/tecnologia.ufpr.br\/pipe\/wp-content\/uploads\/sites\/2\/2018\/11\/Carta_de_Intencao_Orientador-Modelo-.doc\" target=\"_blank\" rel=\"noopener noreferrer\">Modelo de Carta de Aceite de Orienta\u00e7\u00e3o<\/a><\/div>\n<\/td>\n<\/tr>\n<tr>\n<td height=\"46\"><a href=\"https:\/\/tecnologia.ufpr.br\/pipe\/wp-content\/uploads\/sites\/2\/2019\/10\/REGIMENTO_PIPE_2019_Colegiado.pdf\">Regimento do PIPE<\/a><\/td>\n<\/tr>\n<tr>\n<td height=\"46\">\n<div align=\"left\">\u00a0<\/div>\n<div align=\"left\">\u00a0<\/div>\n<\/td>\n<\/tr>\n<tr>\n<td height=\"46\">\u00a0<\/td>\n<\/tr>\n<tr>\n<td height=\"46\">\u00a0<\/td>\n<\/tr>\n<\/tbody>\n<\/table>\n\n\n<p><\/p>\n","protected":false},"excerpt":{"rendered":"<p>INSCRI\u00c7\u00d5ES PARA O PROCESSO SELETIVO\u00a0DE DOUTORADO (Fluxo cont\u00ednuo) As inscri\u00e7\u00f5es para o doutorado ocorrem em regime de fluxo cont\u00ednuo (ingresso oficial no in\u00edcio de cada [&hellip;]<\/p>\n","protected":false},"author":1,"featured_media":0,"parent":0,"menu_order":0,"comment_status":"closed","ping_status":"closed","template":"","meta":{"footnotes":""},"_links":{"self":[{"href":"https:\/\/tecnologia.ufpr.br\/pipe\/wp-json\/wp\/v2\/pages\/46"}],"collection":[{"href":"https:\/\/tecnologia.ufpr.br\/pipe\/wp-json\/wp\/v2\/pages"}],"about":[{"href":"https:\/\/tecnologia.ufpr.br\/pipe\/wp-json\/wp\/v2\/types\/page"}],"author":[{"embeddable":true,"href":"https:\/\/tecnologia.ufpr.br\/pipe\/wp-json\/wp\/v2\/users\/1"}],"replies":[{"embeddable":true,"href":"https:\/\/tecnologia.ufpr.br\/pipe\/wp-json\/wp\/v2\/comments?post=46"}],"version-history":[{"count":76,"href":"https:\/\/tecnologia.ufpr.br\/pipe\/wp-json\/wp\/v2\/pages\/46\/revisions"}],"predecessor-version":[{"id":9542,"href":"https:\/\/tecnologia.ufpr.br\/pipe\/wp-json\/wp\/v2\/pages\/46\/revisions\/9542"}],"wp:attachment":[{"href":"https:\/\/tecnologia.ufpr.br\/pipe\/wp-json\/wp\/v2\/media?parent=46"}],"curies":[{"name":"wp","href":"https:\/\/api.w.org\/{rel}","templated":true}]}}