{"id":413,"date":"2015-05-26T17:45:02","date_gmt":"2015-05-26T17:45:02","guid":{"rendered":"https:\/\/tecnologia.ufpr.br\/?page_id=24"},"modified":"2015-05-26T17:45:02","modified_gmt":"2015-05-26T17:45:02","slug":"setor","status":"publish","type":"page","link":"https:\/\/tecnologia.ufpr.br\/pipe\/setor\/","title":{"rendered":"Setor"},"content":{"rendered":"<p>O Setor de Tecnologia \u00e9 o segundo maior da Universidade Federal do Paran\u00e1 em n\u00famero de cursos, 8 cursos de gradua\u00e7\u00e3o: Arquitetura e Urbanismo, as Engenharias Ambiental, de Bioprocessos e Biotecnologia, Civil, El\u00e9trica, Mec\u00e2nica, Qu\u00edmica e Produ\u00e7\u00e3o. Esse Setor garante a plena forma\u00e7\u00e3o profissional de seus 2.713 alunos e a base necess\u00e1ria para prosseguirem em seus estudos de aperfei\u00e7oamento de alto n\u00edvel. Al\u00e9m dos cursos de gradua\u00e7\u00e3o, o Setor oferece 12\u00a0cursos de\u00a0P\u00f3s-gradua\u00e7\u00e3o stricto sensu. Para realiza\u00e7\u00e3o de aulas pr\u00e1ticas e desenvolvimento de projetos de pesquisa, o Setor de Tecnologia tem vinculado \u00e0 sua estrutura 5 \u00d3rg\u00e3os Auxiliares, entre Centros de Pesquisas e Laborat\u00f3rios.<\/p>\n<p>&nbsp;<\/p>\n<table border=\"1\" align=\"center\">\n<tbody>\n<tr align=\"center\">\n<td align=\"center\"><\/td>\n<\/tr>\n<tr align=\"center\">\n<td align=\"left\"><span style=\"font-family: Verdana, Arial, Helvetica, sans-serif\"><b>Setor de Tecnologia da UFPR<\/b><br \/>\nInforma\u00e7\u00f5es para correspond\u00eancia:<br \/>\n<\/span><\/p>\n<hr \/>\n<p><span style=\"font-family: Verdana, Arial, Helvetica, sans-serif\">Centro Polit\u00e9cnico &#8211; Edif\u00edcio de Administra\u00e7\u00e3o, 2\u00ba Andar<br \/>\nAvenida Coronel Francisco Her\u00e1clito dos Santos, n\u00ba 100, Jardim das Am\u00e9ricas<br \/>\nCuritiba &#8211; PR<br \/>\nCEP: 81530-000<\/span><\/p>\n<hr \/>\n<p><span style=\"font-family: Verdana, Arial, Helvetica, sans-serif\">Caixa Postal: 19011<br \/>\nCEP: 81531-980<br \/>\nCuritiba &#8211; PR<br \/>\n<\/span><\/p>\n<hr \/>\n<p><span style=\"font-family: Verdana, Arial, Helvetica, sans-serif\">CNPJ (UFPR): 75.095.679\/0001-49<\/span><\/td>\n<\/tr>\n<\/tbody>\n<\/table>\n","protected":false},"excerpt":{"rendered":"<p>O Setor de Tecnologia \u00e9 o segundo maior da Universidade Federal do Paran\u00e1 em n\u00famero de cursos, 8 cursos de gradua\u00e7\u00e3o: Arquitetura e Urbanismo, as [&hellip;]<\/p>\n","protected":false},"author":1,"featured_media":0,"parent":0,"menu_order":0,"comment_status":"closed","ping_status":"closed","template":"","meta":{"footnotes":""},"_links":{"self":[{"href":"https:\/\/tecnologia.ufpr.br\/pipe\/wp-json\/wp\/v2\/pages\/413"}],"collection":[{"href":"https:\/\/tecnologia.ufpr.br\/pipe\/wp-json\/wp\/v2\/pages"}],"about":[{"href":"https:\/\/tecnologia.ufpr.br\/pipe\/wp-json\/wp\/v2\/types\/page"}],"author":[{"embeddable":true,"href":"https:\/\/tecnologia.ufpr.br\/pipe\/wp-json\/wp\/v2\/users\/1"}],"replies":[{"embeddable":true,"href":"https:\/\/tecnologia.ufpr.br\/pipe\/wp-json\/wp\/v2\/comments?post=413"}],"version-history":[{"count":0,"href":"https:\/\/tecnologia.ufpr.br\/pipe\/wp-json\/wp\/v2\/pages\/413\/revisions"}],"wp:attachment":[{"href":"https:\/\/tecnologia.ufpr.br\/pipe\/wp-json\/wp\/v2\/media?parent=413"}],"curies":[{"name":"wp","href":"https:\/\/api.w.org\/{rel}","templated":true}]}}