{"id":4,"date":"2016-03-09T17:03:59","date_gmt":"2016-03-09T17:03:59","guid":{"rendered":"https:\/\/tecnologia.ufpr.br\/pipe\/?page_id=4"},"modified":"2019-10-16T11:15:33","modified_gmt":"2019-10-16T14:15:33","slug":"quem-somos","status":"publish","type":"page","link":"https:\/\/tecnologia.ufpr.br\/pipe\/quem-somos\/","title":{"rendered":"Sobre o PIPE"},"content":{"rendered":"<p style=\"text-align: justify\">O Programa de P\u00f3s-Gradua\u00e7\u00e3o em Engenharia e Ci\u00eancia dos Materiais da <a href=\"http:\/\/www.ufpr.brufpr\/\" target=\"_blank\" rel=\"noopener\">Universidade Federal do Paran\u00e1 (UFPR)<\/a>, mais conhecido pelo acr\u00f4nimo PIPE, \u00e9 um programa multidisciplinar que confere em seus cursos os graus de Mestre e Doutor em Engenharia e Ci\u00eancia dos Materiais. Para obter o grau de Mestre requer-se um m\u00e1ximo de 2 anos de estudos e a reda\u00e7\u00e3o e defesa de uma disserta\u00e7\u00e3o. O grau de Doutor pode ser obtido em um m\u00e1ximo de 4 anos e o desenvolvimento de uma tese.<\/p>\n<p style=\"text-align: justify\">O PIPE \u00e9 capaz de promover colabora\u00e7\u00f5es entre diferentes \u00e1reas, sobretudo a F\u00edsica, a Qu\u00edmica e as Engenharias, utilizando uma abordagem multidisciplinar para alcan\u00e7ar o avan\u00e7o da Ci\u00eancia e Tecnologia na \u00e1rea de Materiais. Por esta raz\u00e3o, o PIPE est\u00e1 enquadrado \u00e1rea de Materiais no QUALIS da CAPES.<\/p>\n<p style=\"text-align: justify\">Para enfrentar as demandas e desafios da ind\u00fastria moderna, o PIPE oferece programas de ensino e pesquisa que acompanham as tend\u00eancias mais atuais em Materiais novos e avan\u00e7ados, assim como metodologia de opera\u00e7\u00e3o, s\u00edntese e design de Materiais.<\/p>\n<p style=\"text-align: justify\">Atualmente o programa tem uma \u00fanica \u00e1rea de concentra\u00e7\u00e3o, a Engenharia e Ci\u00eancia dos Materiais, dividida em 5 <a href=\"https:\/\/tecnologia.ufpr.br\/pipe\/linhas-de-pesquisa\/\" target=\"_blank\" rel=\"noopener\">linhas de pesquisa <\/a>principais:<\/p>\n<ol>\n<li><strong>Energias renov\u00e1veis e n\u00e3o renov\u00e1veis:\u00a0<\/strong>Desenvolvimento de Materiais para diferentes setores de energia, com foco em c\u00e9lulas de combust\u00edvel, baterias, componentes e processos diversos do setor de petr\u00f3leo e biodiesel e ainda em materiais que visam o aproveitamento da energia solar e biomassa. Rela\u00e7\u00e3o entre os diferentes processos de gera\u00e7\u00e3o de energia e os materiais que permitem atender as exig\u00eancias de cada processo.<\/li>\n<li><strong>Biomateriais: biocompatibilidade e aplica\u00e7\u00f5es:\u00a0<\/strong>Estudo e desenvolvimento de biomateriais e suas aplica\u00e7\u00f5es na \u00e1rea biom\u00e9dica, desde a prepara\u00e7\u00e3o do biomaterial, tratamento superficial, ensaios de biocompatibilidade e resposta bioativa, incluindo a an\u00e1lise do processo de osseointegra\u00e7\u00e3o. An\u00e1lise da resposta biol\u00f3gica em testes in vitro e in vivo. Inclui a an\u00e1lise de aplica\u00e7\u00f5es biom\u00e9dicas, passando pelo uso de metais, materiais cer\u00e2micos, comp\u00f3sitos e pol\u00edmeros at\u00e9 como materiais nanoestruturados em biologia e medicina. Procura-se estudar as propriedades f\u00edsicas, mec\u00e2nicas e de rea\u00e7\u00f5es qu\u00edmicas na intera\u00e7\u00e3o com organismos e tecidos org\u00e2nicos.<\/li>\n<li><strong>Materiais de Engenharia: \u00a0<\/strong>Estudo e desenvolvimento de materiais met\u00e1licos, cer\u00e2micos, polim\u00e9ricos e comp\u00f3sitos visando aplica\u00e7\u00f5es nas mais diversas \u00e1reas da engenharia, como engenharia mec\u00e2nica, el\u00e9trica, qu\u00edmica e ambiental, passando pelo processamento e caracteriza\u00e7\u00e3o f\u00edsica e qu\u00edmica dos materiais, como envelhecimento, degrada\u00e7\u00e3o, propriedades mec\u00e2nicas, el\u00e9tricas, magn\u00e9ticas, \u00f3pticas e t\u00e9rmicas, qu\u00edmicas, morfol\u00f3gicas e estruturais.<\/li>\n<li><strong>Simula\u00e7\u00e3o e modelagem de materiais:\u00a0<\/strong>Utiliza\u00e7\u00e3o de modelos te\u00f3ricos de primeiros princ\u00edpios ou fenomenol\u00f3gicos e m\u00e9todos computacionais na simula\u00e7\u00e3o e otimiza\u00e7\u00e3o de sistemas f\u00edsicos de interesse, indo desde a modelagem de materiais nanoestruturados at\u00e9 equipamentos e processos na \u00e1rea de petr\u00f3leo e biorreatores, buscando relacionar resultados experimentais com modelos \u00fateis na descri\u00e7\u00e3o de propriedades f\u00edsicas e qu\u00edmicas de materiais, sistemas e dispositivos.<\/li>\n<li><strong>Tecnologia de superf\u00edcies, filmes e interfaces:\u00a0<\/strong>Esta linha de pesquisa visa a produ\u00e7\u00e3o experimental e caracteriza\u00e7\u00e3o de propriedades f\u00edsicas e qu\u00edmicas de superf\u00edcies e filmes finos com potenciais aplica\u00e7\u00f5es em engenharia, bem como, o estudo da intera\u00e7\u00e3o entre materiais e efeitos interfaciais. Os estudos te\u00f3rico-experimentais buscam compreender os efeitos de dimensionalidade e estrutura nas propriedades f\u00edsicas e qu\u00edmicas de filmes e superf\u00edcies, passando pela an\u00e1lise de desempenho, estabilidade, propriedades mec\u00e2nicas, el\u00e9tricas, magn\u00e9ticas e \u00f3pticas.<\/li>\n<\/ol>\n<h2><strong>\u00a0<\/strong><strong>OBJETIVOS DO PROGRAMA PIPE<\/strong><\/h2>\n<ul>\n<li style=\"list-style-type: none\">\n<ul>\n<li style=\"text-align: justify\">Forma\u00e7\u00e3o de Recursos Humanos de excel\u00eancia, nos n\u00edveis de Mestrado e Doutorado, bem como acolhendo jovens p\u00f3s-doutorandos, para atuar em universidade e empresas na \u00e1rea de Engenharia e Ci\u00eancia dos Materiais, como professors e pesquisadores;<\/li>\n<\/ul>\n<\/li>\n<\/ul>\n<ul>\n<li style=\"text-align: justify\">Avan\u00e7ar o conhecimento de ponta na \u00e1rea da Ci\u00eancia dos Materiais e suas aplica\u00e7\u00f5es, o que pode ser medido atrav\u00e9s dos altos \u00edndices de produ\u00e7\u00e3o cient\u00edfica de qualidade em peri\u00f3dicos de alto fator de impacto, bem como atrav\u00e9s do dep\u00f3sito de patentes. Dessa forma busca tamb\u00e9m aproximar o conhecimento cient\u00edfico desenvolvido ao setor produtivo.<\/li>\n<\/ul>\n<h2><strong>PERFIL DO EGRESSO<\/strong><\/h2>\n<p style=\"text-align: justify\">Os Mestres e Doutores egressos do PIPE devem ser capazes de atuar como professores, cientistas e cidad\u00e3os capacitados na tarefa de disseminar a Ci\u00eancia. O egresso do programa \u00e9 um profissional competitivo com potencial para atua\u00e7\u00e3o em:<\/p>\n<ul>\n<li style=\"list-style-type: none\">\n<ul>\n<li style=\"text-align: justify\">Atividades de ensino<\/li>\n<\/ul>\n<\/li>\n<\/ul>\n<ul>\n<li style=\"list-style-type: none\">\n<ul>\n<li style=\"text-align: justify\">Desenvolvimento de pesquisa cient\u00edfica com car\u00e1cter fundamental ou aplicada<\/li>\n<\/ul>\n<\/li>\n<\/ul>\n<ul>\n<li style=\"list-style-type: none\">\n<ul>\n<li style=\"text-align: justify\">Desenvolvimento de pesquisa com base tecnol\u00f3gica em centros de Pesquisa ou laborat\u00f3rios do setor produtivo<\/li>\n<\/ul>\n<\/li>\n<\/ul>\n<ul>\n<li style=\"list-style-type: none\">\n<ul>\n<li style=\"text-align: justify\">Coordena\u00e7\u00e3o de projetos de pesquisa<\/li>\n<\/ul>\n<\/li>\n<\/ul>\n<ul>\n<li style=\"list-style-type: none\">\n<ul>\n<li style=\"text-align: justify\">Coordena\u00e7\u00e3o de atividade de inova\u00e7\u00e3o tecnol\u00f3gica<\/li>\n<\/ul>\n<\/li>\n<\/ul>\n<ul>\n<li style=\"list-style-type: none\">\n<ul>\n<li style=\"text-align: justify\">Coordenar atividade de transfer\u00eancia de tecnologia<\/li>\n<\/ul>\n<\/li>\n<\/ul>\n<ul>\n<li style=\"text-align: justify\">Atividades de gest\u00e3o cientifica<\/li>\n<\/ul>\n<p style=\"text-align: justify\">Pensando na miss\u00e3o do PIPE e seus principais objetivos para alcan\u00e7ar a forma\u00e7\u00e3o de Recursos Humanos com o perfil de egresso acima descrito, a estrutura curricular do PIPE exige que Mestres e Doutores realizem tr\u00eas disciplinas obrigat\u00f3rias, que visam al\u00e9m do nivelamento do corpo discente e prepara\u00e7\u00e3o para a realiza\u00e7\u00e3o de pesquisas em n\u00edvel de Mestrado e Doutorado, dar o conhecimento geral necess\u00e1ria na \u00e1rea de Engenharia e Ci\u00eancia dos Materiais para a forma\u00e7\u00e3o de futuros professores e pesquisadores, sendo elas: i) Ci\u00eancia dos Materiais, que traz uma abordagem ampla para o problema das propriedades f\u00edsico-qu\u00edmicas dos materiais, partindo da estrutura at\u00f4mico-molecular, passando pela estrutura cristalina e chegando \u00e0s aplica\u00e7\u00f5es, atrav\u00e9s de uma bibliografia atual, nos moldes do livro-texto de W. D. Callister, Jr. John Wiley &amp; Sons, 1997 Engineering Materials 1: An Introduction to Their properties and Applications; ii) Termodin\u00e2mica dos Materiais, que aborda sob o prisma da Ci\u00eancia dos Materiais, os principais conceitos e leis da Termodin\u00e2mica, com \u00eanfase \u00e0s transforma\u00e7\u00f5es de fase e cin\u00e9tica das rea\u00e7\u00f5es, utilizando livros-texto aos moldes de Hudson, J. B., Thermodynamics of Materials: A Classical and Statistical Synthesis, John Wiley &amp; Sons, 1996; iii) Semin\u00e1rios, que visa a prepara\u00e7\u00e3o do discente para os desafios da realiza\u00e7\u00e3o tanto das apresenta\u00e7\u00f5es de defesas de projeto, qualifica\u00e7\u00e3o, disserta\u00e7\u00e3o e tese, quanto para a prepara\u00e7\u00e3o de aulas e outras atividades de contato com o p\u00fablico inerentes \u00e0s atividades de doc\u00eancia e pesquisa.\u00a0\u00a0 J\u00e1 as disciplinas denominadas optativas foram direcionadas \u00e0s linhas de pesquisa e correspondentes projetos estruturantes do programa permitindo um ensino did\u00e1tico avan\u00e7ado e maior contribui\u00e7\u00e3o\/ embasamento. Desta forma, respeitando a multidisciplinaridade que caracteriza o programa e com foco em seus projetos estruturantes, foram retiradas disciplinas de menor abrang\u00eancia, pouco exploradas e que se mostravam desnecess\u00e1rias para o desenvolvimento das atividades de pesquisa no \u00e2mbito do programa de PG em Engenharia e Ci\u00eancia dos Materiais. \u00a0\u00a0Al\u00e9m da necessidade de realiza\u00e7\u00e3o de 18 cr\u00e9ditos para o n\u00edvel de Mestrado e 36 para o n\u00edvel de Doutorado, para a obten\u00e7\u00e3o do grau de Doutor ou Mestre requer-se a defesa de tese de Doutorado ou disserta\u00e7\u00e3o de Mestrado, respectivamente, perante uma banca examinadora composta por pesquisadores Doutores com vasta experi\u00eancia cient\u00edfica na \u00e1rea de Materiais ap\u00f3s \u00a0O grau de Doutor exige ainda a publica\u00e7\u00e3o de um artigo cient\u00edfico em peri\u00f3dico indexado ou o dep\u00f3sito de uma patente, e a submiss\u00e3o de um Segundo artigo. No caso do Mestrado, \u00e9 exigida a submiss\u00e3o de artigo cient\u00edfico em peri\u00f3dico indexado ou dep\u00f3sito de uma patente. Os estudantes do PIPE devem possuir um orientador de tese ou disserta\u00e7\u00e3o ao longo do desenvolvimento de seus trabalhos.<\/p>\n","protected":false},"excerpt":{"rendered":"<p>O Programa de P\u00f3s-Gradua\u00e7\u00e3o em Engenharia e Ci\u00eancia dos Materiais da Universidade Federal do Paran\u00e1 (UFPR), mais conhecido pelo acr\u00f4nimo PIPE, \u00e9 um programa multidisciplinar [&hellip;]<\/p>\n","protected":false},"author":1,"featured_media":0,"parent":0,"menu_order":0,"comment_status":"closed","ping_status":"closed","template":"","meta":{"footnotes":""},"_links":{"self":[{"href":"https:\/\/tecnologia.ufpr.br\/pipe\/wp-json\/wp\/v2\/pages\/4"}],"collection":[{"href":"https:\/\/tecnologia.ufpr.br\/pipe\/wp-json\/wp\/v2\/pages"}],"about":[{"href":"https:\/\/tecnologia.ufpr.br\/pipe\/wp-json\/wp\/v2\/types\/page"}],"author":[{"embeddable":true,"href":"https:\/\/tecnologia.ufpr.br\/pipe\/wp-json\/wp\/v2\/users\/1"}],"replies":[{"embeddable":true,"href":"https:\/\/tecnologia.ufpr.br\/pipe\/wp-json\/wp\/v2\/comments?post=4"}],"version-history":[{"count":48,"href":"https:\/\/tecnologia.ufpr.br\/pipe\/wp-json\/wp\/v2\/pages\/4\/revisions"}],"predecessor-version":[{"id":6514,"href":"https:\/\/tecnologia.ufpr.br\/pipe\/wp-json\/wp\/v2\/pages\/4\/revisions\/6514"}],"wp:attachment":[{"href":"https:\/\/tecnologia.ufpr.br\/pipe\/wp-json\/wp\/v2\/media?parent=4"}],"curies":[{"name":"wp","href":"https:\/\/api.w.org\/{rel}","templated":true}]}}