{"id":34,"date":"2016-03-10T18:09:30","date_gmt":"2016-03-10T18:09:30","guid":{"rendered":"https:\/\/tecnologia.ufpr.br\/pipe\/?page_id=34"},"modified":"2025-08-21T15:24:58","modified_gmt":"2025-08-21T18:24:58","slug":"docentes","status":"publish","type":"page","link":"https:\/\/tecnologia.ufpr.br\/pipe\/docentes\/","title":{"rendered":"Docentes"},"content":{"rendered":"\n<div class=\"wp-block-columns is-layout-flex wp-container-core-columns-is-layout-1 wp-block-columns-is-layout-flex\">\n<div class=\"wp-block-column is-layout-flow wp-block-column-is-layout-flow\"><\/div>\n\n\n\n<div class=\"wp-block-column is-layout-flow wp-block-column-is-layout-flow\"><\/div>\n\n\n\n<div class=\"wp-block-column is-layout-flow wp-block-column-is-layout-flow\"><\/div>\n<\/div>\n\n\n\n<figure class=\"wp-block-table\"><table><tbody><tr><td class=\"has-text-align-center\" data-align=\"center\"><br><strong><br>NOME DO DOCENTE<\/strong><br><br><\/td><td class=\"has-text-align-center\" data-align=\"center\"><br><strong>E-MAIL<\/strong><\/td><td class=\"has-text-align-center\" data-align=\"center\"><br><strong>LOTA\u00c7\u00c3O<\/strong><\/td><\/tr><tr><td class=\"has-text-align-center\" data-align=\"center\"><br><a href=\"https:\/\/tecnologia.ufpr.br\/pipe\/prof-ana-sofia-c-m-d-oliveira\/\" target=\"_blank\" rel=\"noreferrer noopener\">Ana Sofia Climaco Monteiro de Oliveira<\/a><\/td><td class=\"has-text-align-center\" data-align=\"center\"><br>sofmat@ufpr.br<\/td><td class=\"has-text-align-center\" data-align=\"center\"><br><br>Eng. Mec\u00e2nica<br><br><\/td><\/tr><tr><td class=\"has-text-align-center\" data-align=\"center\"><br><a href=\"https:\/\/tecnologia.ufpr.br\/pipe\/prof-andre-bellin-mariano\/\" target=\"_blank\" rel=\"noreferrer noopener\">Andr\u00e9 Bellin Mariano<\/a><\/td><td class=\"has-text-align-center\" data-align=\"center\"><br>andrebmariano@gmail.com<\/td><td class=\"has-text-align-center\" data-align=\"center\"><br>Eng. El\u00e9trica<\/td><\/tr><tr><td class=\"has-text-align-center\" data-align=\"center\"><br><a href=\"https:\/\/tecnologia.ufpr.br\/pipe\/prof-andrey-pereira-acosta\/\">Andrey Pereira Acosta<\/a><\/td><td class=\"has-text-align-center\" data-align=\"center\"><br>andreysvp@gmail.com<\/td><td class=\"has-text-align-center\" data-align=\"center\"><br>Engenharia e Tecnologia Florestal<\/td><\/tr><tr><td class=\"has-text-align-center\" data-align=\"center\"><a href=\"https:\/\/tecnologia.ufpr.br\/pipe\/prof-camilla-karla-brites-queiroz-martins-de-oliveira\/\"><br>Camilla Karla Brites Queiroz Martins de Oliveira<\/a><\/td><td class=\"has-text-align-center\" data-align=\"center\">camilla@fisica.ufpr.br<\/td><td class=\"has-text-align-center\" data-align=\"center\">F\u00edsica<\/td><\/tr><tr><td class=\"has-text-align-center\" data-align=\"center\"><a href=\"https:\/\/tecnologia.ufpr.br\/pipe\/prof-carlos-itsuo-yamamoto\/\" target=\"_blank\" rel=\"noreferrer noopener\"><br>Carlos Itsuo Yamamoto<\/a><\/td><td class=\"has-text-align-center\" data-align=\"center\">ciyama@ufpr.br<\/td><td class=\"has-text-align-center\" data-align=\"center\">Eng. Qu\u00edmica<\/td><\/tr><tr><td class=\"has-text-align-center\" data-align=\"center\"><a href=\"https:\/\/tecnologia.ufpr.br\/pipe\/prof-carlos-mauricio-lepienski\/\" target=\"_blank\" rel=\"noreferrer noopener\">Carlos Mauricio Lepienski<\/a><\/td><td class=\"has-text-align-center\" data-align=\"center\"><br>lepiensm@fisica.ufpr.br<\/td><td class=\"has-text-align-center\" data-align=\"center\">Aposentado<\/td><\/tr><tr><td class=\"has-text-align-center\" data-align=\"center\"><a href=\"https:\/\/tecnologia.ufpr.br\/pipe\/prof-cesar-augusto-dartora\/\" target=\"_blank\" rel=\"noreferrer noopener\">C\u00e9sar Augusto Dartora<\/a><\/td><td class=\"has-text-align-center\" data-align=\"center\">cadartora@eletrica.ufpr.br<\/td><td class=\"has-text-align-center\" data-align=\"center\">Eng. El\u00e9trica<\/td><\/tr><tr><td class=\"has-text-align-center\" data-align=\"center\"><a href=\"https:\/\/tecnologia.ufpr.br\/pipe\/christian-wittee-lopes\/\" target=\"_blank\" rel=\"noreferrer noopener\">Christian Wittee Lopes<\/a><\/td><td class=\"has-text-align-center\" data-align=\"center\">christianwittee@ufpr.br<\/td><td class=\"has-text-align-center\" data-align=\"center\">Eng. Qu\u00edmica<\/td><\/tr><tr><td class=\"has-text-align-center\" data-align=\"center\"><a href=\"https:\/\/tecnologia.ufpr.br\/pipe\/prof-claudia-eliana-b-marino\/\" target=\"_blank\" rel=\"noreferrer noopener\">Cl\u00e1udia Eliana Bruno Marino<\/a><\/td><td class=\"has-text-align-center\" data-align=\"center\">claudiamarino@ufpr.br<\/td><td class=\"has-text-align-center\" data-align=\"center\">Eng. Mec\u00e2nica<\/td><\/tr><tr><td class=\"has-text-align-center\" data-align=\"center\"><a href=\"https:\/\/tecnologia.ufpr.br\/pipe\/prof-cicero-naves-de-avila-neto\/\"><br>Cicero Naves de \u00c1vila Neto<\/a><\/td><td class=\"has-text-align-center\" data-align=\"center\">avilaneto@ufpr.br<\/td><td class=\"has-text-align-center\" data-align=\"center\">Eng. Qu\u00edmica<\/td><\/tr><tr><td class=\"has-text-align-center\" data-align=\"center\"><a href=\"https:\/\/tecnologia.ufpr.br\/pipe\/prof-daniel-eiras\/\">Daniel Eiras<\/a><\/td><td class=\"has-text-align-center\" data-align=\"center\">eiras@ufpr.br<\/td><td class=\"has-text-align-center\" data-align=\"center\">Eng. Qu\u00edmica<\/td><\/tr><tr><td class=\"has-text-align-center\" data-align=\"center\"><a href=\"https:\/\/tecnologia.ufpr.br\/pipe\/prof-dante-homero-mosca\/\" target=\"_blank\" rel=\"noreferrer noopener\"><br>Dante Homero Mosca Junior<\/a><\/td><td class=\"has-text-align-center\" data-align=\"center\">mosca@fisica.ufpr.br<\/td><td class=\"has-text-align-center\" data-align=\"center\">F\u00edsica<\/td><\/tr><tr><td class=\"has-text-align-center\" data-align=\"center\"><a href=\"https:\/\/tecnologia.ufpr.br\/pipe\/prof-evaldo-ribeiro\/\" target=\"_blank\" rel=\"noreferrer noopener\">Evaldo Ribeiro<\/a><\/td><td class=\"has-text-align-center\" data-align=\"center\">evaldo@fisica.ufpr.br<\/td><td class=\"has-text-align-center\" data-align=\"center\"><br>F\u00edsica<\/td><\/tr><tr><td class=\"has-text-align-center\" data-align=\"center\"><a href=\"https:\/\/tecnologia.ufpr.br\/pipe\/prof-fabiano-yokaichiya\/\"><br>Fabiano Yokaichiya<\/a><\/td><td class=\"has-text-align-center\" data-align=\"center\">fabiano.yokaichiya@gmail.com<\/td><td class=\"has-text-align-center\" data-align=\"center\">F\u00edsica<\/td><\/tr><tr><td class=\"has-text-align-center\" data-align=\"center\"><a href=\"https:\/\/tecnologia.ufpr.br\/pipe\/prof-fernando-wypych\/\" target=\"_blank\" rel=\"noreferrer noopener\">Fernando Wypych<\/a><\/td><td class=\"has-text-align-center\" data-align=\"center\">wypych@ufpr.br<\/td><td class=\"has-text-align-center\" data-align=\"center\">Aposentado<\/td><\/tr><tr><td class=\"has-text-align-center\" data-align=\"center\"><a href=\"https:\/\/tecnologia.ufpr.br\/pipe\/prof-francine-bertella\/\" target=\"_blank\" rel=\"noreferrer noopener\">Francine Bertella<\/a><\/td><td class=\"has-text-align-center\" data-align=\"center\">francinebertella@gmail.com<\/td><td class=\"has-text-align-center\" data-align=\"center\">Eng. Qu\u00edmica<\/td><\/tr><tr><td class=\"has-text-align-center\" data-align=\"center\"><a href=\"https:\/\/tecnologia.ufpr.br\/pipe\/prof-graciela-ines-bolzon-de-muniz\/\" target=\"_blank\" rel=\"noreferrer noopener\">Graciela Ines Bolzon de Muniz<\/a><\/td><td class=\"has-text-align-center\" data-align=\"center\">graciela.ufpr@gmail.com<\/td><td class=\"has-text-align-center\" data-align=\"center\">Engenharia e Tecnologia Florestal<\/td><\/tr><tr><td class=\"has-text-align-center\" data-align=\"center\"><a href=\"https:\/\/tecnologia.ufpr.br\/pipe\/?page_id=840&amp;preview=true\" target=\"_blank\" rel=\"noreferrer noopener\"><br>GuintherKellermann<\/a><\/td><td class=\"has-text-align-center\" data-align=\"center\">keller@fisica.ufpr.br<\/td><td class=\"has-text-align-center\" data-align=\"center\">F\u00edsica<\/td><\/tr><tr><td class=\"has-text-align-center\" data-align=\"center\"><a href=\"https:\/\/tecnologia.ufpr.br\/pipe\/prof-haroldo-de-araujo-ponte\/\" target=\"_blank\" rel=\"noreferrer noopener\">Haroldo de Ara\u00fajo Ponte<\/a><\/td><td class=\"has-text-align-center\" data-align=\"center\">hponte@ufpr.br<\/td><td class=\"has-text-align-center\" data-align=\"center\">Eng. Qu\u00edmica<\/td><\/tr><tr><td class=\"has-text-align-center\" data-align=\"center\"><a href=\"https:\/\/tecnologia.ufpr.br\/pipe\/prof-itamar-tomio-neckel\/\" target=\"_blank\" rel=\"noreferrer noopener\">Itamar Tomio Neckel<\/a><\/td><td class=\"has-text-align-center\" data-align=\"center\">itamar.neckel@lnls.br<\/td><td class=\"has-text-align-center\" data-align=\"center\">CNPEM<\/td><\/tr><tr><td class=\"has-text-align-center\" data-align=\"center\"><a href=\"https:\/\/tecnologia.ufpr.br\/pipe\/prof-jose-pedro-mansueto-serbena\/\"><br>Jos\u00e9 Pedro Mansueto Serbena<\/a><\/td><td class=\"has-text-align-center\" data-align=\"center\">serbena@fisica.ufpr.br<\/td><td class=\"has-text-align-center\" data-align=\"center\">F\u00edsica<\/td><\/tr><tr><td class=\"has-text-align-center\" data-align=\"center\"><a href=\"https:\/\/tecnologia.ufpr.br\/pipe\/prof-jose-viriato-coelho-vargas\/\" target=\"_blank\" rel=\"noreferrer noopener\">Jos\u00e9 Viriato Coelho Vargas<\/a><\/td><td class=\"has-text-align-center\" data-align=\"center\">viriato@ufpr.br<\/td><td class=\"has-text-align-center\" data-align=\"center\">Eng. Mec\u00e2nica<\/td><\/tr><tr><td class=\"has-text-align-center\" data-align=\"center\"><a href=\"https:\/\/tecnologia.ufpr.br\/pipe\/juliana-zarpellon\/\">Juliana Zarpellon<\/a><\/td><td class=\"has-text-align-center\" data-align=\"center\">juliana.zarpellon@ufpr.br<\/td><td class=\"has-text-align-center\" data-align=\"center\">F\u00edsica<\/td><\/tr><tr><td class=\"has-text-align-center\" data-align=\"center\"><a href=\"https:\/\/tecnologia.ufpr.br\/pipe\/prof-keli-fabiana-seidel\/\" target=\"_blank\" rel=\"noreferrer noopener\">Keli Fabiana Seidel<\/a><\/td><td class=\"has-text-align-center\" data-align=\"center\">keliseidel@utfpr.edu.br<\/td><td class=\"has-text-align-center\" data-align=\"center\">Utfpr<\/td><\/tr><tr><td class=\"has-text-align-center\" data-align=\"center\"><a href=\"https:\/\/tecnologia.ufpr.br\/pipe\/prof-kleber-franke-portella\/\" target=\"_blank\" rel=\"noreferrer noopener\">Kleber Franke Portella<\/a><\/td><td class=\"has-text-align-center\" data-align=\"center\">portella@lactec.org.br<\/td><td class=\"has-text-align-center\" data-align=\"center\">Lactec<\/td><\/tr><tr><td class=\"has-text-align-center\" data-align=\"center\"><a href=\"https:\/\/tecnologia.ufpr.br\/pipe\/prof-lucimara-stolz-roman\/\" target=\"_blank\" rel=\"noreferrer noopener\">Lucimara Stolz Roman<\/a><\/td><td class=\"has-text-align-center\" data-align=\"center\">lsroman@fisica.ufpr.br<\/td><td class=\"has-text-align-center\" data-align=\"center\">F\u00edsica<\/td><\/tr><tr><td class=\"has-text-align-center\" data-align=\"center\"><a href=\"https:\/\/tecnologia.ufpr.br\/pipe\/prof-marcela-mohallem-oliveira\/\" target=\"_blank\" rel=\"noreferrer noopener\">Marcela Mohallem Oliveira<\/a><\/td><td class=\"has-text-align-center\" data-align=\"center\">marcelam@utfpr.edu.br<\/td><td class=\"has-text-align-center\" data-align=\"center\">Utfpr<\/td><\/tr><tr><td class=\"has-text-align-center\" data-align=\"center\"><a href=\"https:\/\/tecnologia.ufpr.br\/pipe\/prof-mayara-elita-braz-carneiro\/\" target=\"_blank\" rel=\"noreferrer noopener\">Mayara Elita Braz Carneiro<\/a><\/td><td class=\"has-text-align-center\" data-align=\"center\">mayaraelita@ufpr.br<\/td><td class=\"has-text-align-center\" data-align=\"center\">Engenharia e Tecnologia Florestal<\/td><\/tr><tr><td class=\"has-text-align-center\" data-align=\"center\"><a href=\"https:\/\/tecnologia.ufpr.br\/pipe\/prof-ney-pereira-mattoso-filho\/\" target=\"_blank\" rel=\"noreferrer noopener\">Ney Pereira Mattoso Filho<\/a><\/td><td class=\"has-text-align-center\" data-align=\"center\">mattoso@fisica.ufpr.br<\/td><td class=\"has-text-align-center\" data-align=\"center\">F\u00edsica<\/td><\/tr><tr><td class=\"has-text-align-center\" data-align=\"center\"><a href=\"https:\/\/tecnologia.ufpr.br\/pipe\/pedro-henrique-gonzalez-de-cadematori\/\"><br>Pedro Henrique Gonzalez de Cademartori<\/a><\/td><td class=\"has-text-align-center\" data-align=\"center\">pedrocademartori@gmail.com<\/td><td class=\"has-text-align-center\" data-align=\"center\">Engenharia e Tecnologia Florestal<\/td><\/tr><tr><td class=\"has-text-align-center\" data-align=\"center\"><a href=\"https:\/\/tecnologia.ufpr.br\/pipe\/prof-rilton-aves-de-freitas\/\"><br>Rilton Alves de Freitas<\/a><\/td><td class=\"has-text-align-center\" data-align=\"center\">rilton@ufpr.br<\/td><td class=\"has-text-align-center\" data-align=\"center\">Qu\u00edmica<\/td><\/tr><tr><td class=\"has-text-align-center\" data-align=\"center\"><a href=\"https:\/\/tecnologia.ufpr.br\/pipe\/prof-silvio-francisco-brunatto\/\" target=\"_blank\" rel=\"noreferrer noopener\">Silvio Francisco Brunatto<\/a><\/td><td class=\"has-text-align-center\" data-align=\"center\">brunatto@ufpr.br<\/td><td class=\"has-text-align-center\" data-align=\"center\">Eng. Mec\u00e2nica<\/td><\/tr><tr><td class=\"has-text-align-center\" data-align=\"center\"><a href=\"https:\/\/tecnologia.ufpr.br\/pipe\/profa-shirley-nakagaki\/\" target=\"_blank\" rel=\"noreferrer noopener\">Shirley Nakagaki<\/a><\/td><td class=\"has-text-align-center\" data-align=\"center\"><br>shirleyn@ufpr.br<\/td><td class=\"has-text-align-center\" data-align=\"center\">Qu\u00edmica<\/td><\/tr><tr><td class=\"has-text-align-center\" data-align=\"center\"><a href=\"https:\/\/tecnologia.ufpr.br\/pipe\/prof-washington-l-e-magalhaes\/\" target=\"_blank\" rel=\"noreferrer noopener\"><br>Washington Luiz Esteves Magalh\u00e3es<\/a><\/td><td class=\"has-text-align-center\" data-align=\"center\"><br>washington.magalhaes@embrapa.br<\/td><td class=\"has-text-align-center\" data-align=\"center\"><br>EMBRAPA<\/td><\/tr><\/tbody><\/table><\/figure>\n\n\n\n<p><\/p>\n\n\n\n<div class=\"wp-block-columns is-layout-flex wp-container-core-columns-is-layout-2 wp-block-columns-is-layout-flex\">\n<div class=\"wp-block-column is-layout-flow wp-block-column-is-layout-flow\" style=\"flex-basis:100%\">\n<figure class=\"wp-block-table\"><table><tbody><tr><td><strong><a href=\"http:\/\/www.prppg.ufpr.br\/site\/pipe\/docentes\/\">Mais  informa\u00e7\u00f5es do docente sobre seu cadastro no Programa, orienta\u00e7\u00e3o e Resumo Lattes<\/a><\/strong><\/td><\/tr><\/tbody><\/table><\/figure>\n<\/div>\n<\/div>\n\n\n\n<p><\/p>\n","protected":false},"excerpt":{"rendered":"<p>NOME DO DOCENTE E-MAIL LOTA\u00c7\u00c3O Ana Sofia Climaco Monteiro de Oliveira sofmat@ufpr.br Eng. Mec\u00e2nica Andr\u00e9 Bellin Mariano andrebmariano@gmail.com Eng. El\u00e9trica Andrey Pereira Acosta andreysvp@gmail.com Engenharia [&hellip;]<\/p>\n","protected":false},"author":1,"featured_media":0,"parent":0,"menu_order":0,"comment_status":"closed","ping_status":"closed","template":"","meta":{"footnotes":""},"_links":{"self":[{"href":"https:\/\/tecnologia.ufpr.br\/pipe\/wp-json\/wp\/v2\/pages\/34"}],"collection":[{"href":"https:\/\/tecnologia.ufpr.br\/pipe\/wp-json\/wp\/v2\/pages"}],"about":[{"href":"https:\/\/tecnologia.ufpr.br\/pipe\/wp-json\/wp\/v2\/types\/page"}],"author":[{"embeddable":true,"href":"https:\/\/tecnologia.ufpr.br\/pipe\/wp-json\/wp\/v2\/users\/1"}],"replies":[{"embeddable":true,"href":"https:\/\/tecnologia.ufpr.br\/pipe\/wp-json\/wp\/v2\/comments?post=34"}],"version-history":[{"count":166,"href":"https:\/\/tecnologia.ufpr.br\/pipe\/wp-json\/wp\/v2\/pages\/34\/revisions"}],"predecessor-version":[{"id":9354,"href":"https:\/\/tecnologia.ufpr.br\/pipe\/wp-json\/wp\/v2\/pages\/34\/revisions\/9354"}],"wp:attachment":[{"href":"https:\/\/tecnologia.ufpr.br\/pipe\/wp-json\/wp\/v2\/media?parent=34"}],"curies":[{"name":"wp","href":"https:\/\/api.w.org\/{rel}","templated":true}]}}