{"id":3340,"date":"2019-07-31T17:24:47","date_gmt":"2019-07-31T20:24:47","guid":{"rendered":"https:\/\/tecnologia.ufpr.br\/pipe\/?page_id=3340"},"modified":"2025-11-18T14:51:20","modified_gmt":"2025-11-18T17:51:20","slug":"pos-doutorado","status":"publish","type":"page","link":"https:\/\/tecnologia.ufpr.br\/pipe\/pos-doutorado\/","title":{"rendered":"P\u00f3s-Doutorado"},"content":{"rendered":"\n<p><strong>INSCRI\u00c7\u00d5ES PARA O PROCESSO SELETIVO&nbsp;DE P\u00d3S &#8211; DOUTORADO (Fluxo cont\u00ednuo)<\/strong><\/p>\n\n\n\n<p>As inscri\u00e7\u00f5es para a realiza\u00e7\u00e3o de pesquisas em regime de p\u00f3s-doutorado no PIPE ocorrem em regime de fluxo cont\u00ednuo<em>.<\/em><\/p>\n\n\n\n<p>O candidato deve entrar em contato com um docente credenciado no PIPE e escrever Projeto de Pesquisa em  comum acordo com o seu supervisor.<\/p>\n\n\n\n<p>&nbsp;A inscri\u00e7\u00e3o \u00e9 exclusivamente online, por meio do link para ficha de inscri\u00e7\u00e3o abaixo.<\/p>\n\n\n\n<p>OBS.: A atribui\u00e7\u00e3o de bolsas de estudos ser\u00e1 realizada atrav\u00e9s de processo seletivo interno espec\u00edfico, por comiss\u00e3o e Edital pr\u00f3prios para este fim, quando houver cota do PIPE dispon\u00edvel.<\/p>\n\n\n\n<figure class=\"wp-block-table\"><table><tbody><tr><td><\/td><\/tr><tr><td>Normas que regem o Processo Seletivo para ingresso no P\u00f3s- Doutorado <br><br><a href=\"https:\/\/tecnologia.ufpr.br\/pipe\/wp-content\/uploads\/sites\/2\/2025\/11\/edital-n10_pos_doc.pdf\" target=\"_blank\" rel=\"noreferrer noopener\">Edital n\u00ba 10\/2025<\/a><br><br><a href=\"https:\/\/soc.ufpr.br\/wp-content\/uploads\/2025\/03\/RESOLUCAO-No-02-25-CEPE.pdf\" target=\"_blank\" rel=\"noreferrer noopener\">Resolu\u00e7\u00e3o 02\/2025 &#8211; CEPE<\/a><br><br><a href=\"https:\/\/www.prppg.ufpr.br\/site\/wp-content\/uploads\/2025\/05\/modelos_termos-de-autodeclaracao_res022025-cepe_acoesafirmativas.docx\" target=\"_blank\" rel=\"noreferrer noopener\">Modelos dos Termos de autodeclara\u00e7\u00e3o<br><\/a><br><\/td><\/tr><tr><td><br><a href=\"https:\/\/siga.ufpr.br\/siga\/visitante\/processoseletivo\/index.jsp?sequencial=5111\" target=\"_blank\" rel=\"noreferrer noopener\">Ficha de inscri\u00e7\u00e3o <\/a> <\/td><\/tr><tr><td>  <br><a href=\"https:\/\/tecnologia.ufpr.br\/pipe\/wp-content\/uploads\/sites\/2\/2023\/10\/Carta_de_Intencao_supervisao-Modelo.doc\">Modelo de Carta de Aceite de Orienta\u00e7\u00e3o <\/a><\/td><\/tr><tr><td> &nbsp;  <br><a href=\"https:\/\/tecnologia.ufpr.br\/pipe\/wp-content\/uploads\/sites\/2\/2019\/10\/REGIMENTO_PIPE_2019_Colegiado.pdf\">Regimento do PIPE<\/a> <\/td><\/tr><tr><td><br><a href=\"https:\/\/tecnologia.ufpr.br\/pipe\/wp-content\/uploads\/sites\/2\/2023\/11\/MODELO_-Pos-doutorado_projeto.docx\" data-type=\"URL\" data-id=\"https:\/\/tecnologia.ufpr.br\/pipe\/wp-content\/uploads\/sites\/2\/2023\/11\/MODELO_-Pos-doutorado_projeto.docx\">Roteiro para redigir Projeto de P\u00f3s-Doutorado<\/a><\/td><\/tr><tr><td><br><\/td><\/tr><\/tbody><\/table><\/figure>\n","protected":false},"excerpt":{"rendered":"<p>INSCRI\u00c7\u00d5ES PARA O PROCESSO SELETIVO&nbsp;DE P\u00d3S &#8211; DOUTORADO (Fluxo cont\u00ednuo) As inscri\u00e7\u00f5es para a realiza\u00e7\u00e3o de pesquisas em regime de p\u00f3s-doutorado no PIPE ocorrem em [&hellip;]<\/p>\n","protected":false},"author":1000,"featured_media":0,"parent":0,"menu_order":0,"comment_status":"closed","ping_status":"closed","template":"","meta":{"footnotes":""},"_links":{"self":[{"href":"https:\/\/tecnologia.ufpr.br\/pipe\/wp-json\/wp\/v2\/pages\/3340"}],"collection":[{"href":"https:\/\/tecnologia.ufpr.br\/pipe\/wp-json\/wp\/v2\/pages"}],"about":[{"href":"https:\/\/tecnologia.ufpr.br\/pipe\/wp-json\/wp\/v2\/types\/page"}],"author":[{"embeddable":true,"href":"https:\/\/tecnologia.ufpr.br\/pipe\/wp-json\/wp\/v2\/users\/1000"}],"replies":[{"embeddable":true,"href":"https:\/\/tecnologia.ufpr.br\/pipe\/wp-json\/wp\/v2\/comments?post=3340"}],"version-history":[{"count":27,"href":"https:\/\/tecnologia.ufpr.br\/pipe\/wp-json\/wp\/v2\/pages\/3340\/revisions"}],"predecessor-version":[{"id":9486,"href":"https:\/\/tecnologia.ufpr.br\/pipe\/wp-json\/wp\/v2\/pages\/3340\/revisions\/9486"}],"wp:attachment":[{"href":"https:\/\/tecnologia.ufpr.br\/pipe\/wp-json\/wp\/v2\/media?parent=3340"}],"curies":[{"name":"wp","href":"https:\/\/api.w.org\/{rel}","templated":true}]}}