{"id":2872,"date":"2019-05-22T16:19:51","date_gmt":"2019-05-22T19:19:51","guid":{"rendered":"https:\/\/tecnologia.ufpr.br\/pipe\/?page_id=2872"},"modified":"2026-03-16T09:53:39","modified_gmt":"2026-03-16T12:53:39","slug":"calendario-academico","status":"publish","type":"page","link":"https:\/\/tecnologia.ufpr.br\/pipe\/calendario-academico\/","title":{"rendered":"Calend\u00e1rio Acad\u00eamico 2026"},"content":{"rendered":"\n<p><\/p>\n\n\n\n<p><strong>1\u00ba.\nSemestre<\/strong><\/p>\n\n\n\n<figure class=\"wp-block-table\"><table><tbody><tr><td>\n\t\t\t <strong>Data<\/strong>\n\t\t<\/td><td>\n\t\t\t<strong>Atividade<\/strong>\n\t\t<\/td><\/tr><tr><td><strong> 09\/03\/2026<\/strong><\/td><td>In\u00edcio das Aulas no PIPE 2026\/1<\/td><\/tr><tr><td><strong>03\/07\/2026<\/strong><\/td><td>\n\t\t\t\u00daltimo\n\t\t\tdia Letivo do 1\u00ba. Semestre\/PIPE\n\t\t<\/td><\/tr><tr><td><strong>01\/07 a 17\/07\/2026<\/strong><\/td><td>Per\u00edodo para Lan\u00e7amento das Notas 2026\/1<\/td><\/tr><tr><td><strong>01\/06 a 27\/06\/2026<\/strong><\/td><td>Per\u00edodo para os Docentes proporem disciplinas do 2\u00ba Semestre Letivo de 2026.<\/td><\/tr><\/tbody><\/table><\/figure>\n\n\n\n<p><strong>2\u00ba\nSemestre<\/strong><\/p>\n\n\n\n<figure class=\"wp-block-table\"><table><tbody><tr><td>\n\t\t\t<strong>Data<\/strong>\n\t\t<\/td><td>\n\t\t\t<strong>Atividade<\/strong>\n\t\t<\/td><\/tr><tr><td><strong>10\/08\/2026<\/strong><\/td><td><strong>In\u00edcio das Aulas no PIPE 2026\/2<\/strong><\/td><\/tr><tr><td><strong>04\/12\/2026<\/strong><\/td><td>\n\t\t\t<strong>\u00daltimo\n\t\t\tdia Letivo do 2\u00ba. Semestre\/PIPE<\/strong>\n\t\t<\/td><\/tr><tr><td><strong>24\/11  a<\/strong><br><strong> 18\/12\/2026<\/strong><\/td><td><strong>Per\u00edodo para Lan\u00e7amento das Notas 2026\/2 <\/strong><\/td><\/tr><tr><td><strong>13\/11  a <\/strong><br><strong>19\/12\/2026<\/strong><\/td><td><strong>Per\u00edodo para os Docentes proporem disciplinas do 1\u00ba Semestre Letivo de 2027.<\/strong><\/td><\/tr><tr><td><strong> 19\/11\/24  a <br>26\/01\/2025 <\/strong><br><\/td><td><strong>Previs\u00e3o:<\/strong> <strong>Per\u00edodo de Inscri\u00e7\u00f5es no Processo Seletivo de Mestrado Ingresso 2026\/1<\/strong><\/td><\/tr><tr><td><strong>27\/01  a <br>13\/02\/2026<\/strong><\/td><td>\n\t\t\t<strong>Realiza\u00e7\u00e3o\n\t\t\tdas Etapas do Processo Seletivo Mestrado<\/strong>\n\t\t<\/td><\/tr><tr><td><strong>18\/11\/2026<\/strong><\/td><td><strong>Lan\u00e7amento do Edital de Processo Seletivo para o Doutorado com Ingresso em 2026\/2027<\/strong><\/td><\/tr><\/tbody><\/table><\/figure>\n\n\n\n<p><strong>Reuni\u00f5es de Colegiado em 2026 \u2013 Sextas-Feiras 13:30 min<\/strong><\/p>\n\n\n\n<figure class=\"wp-block-table\"><table><tbody><tr><td>1<strong>\u00ba. Semestre<\/strong><\/td><td><strong>2\u00ba. Semestre<\/strong><\/td><\/tr><tr><\/tr><tr><\/tr><tr><\/tr><tr><\/tr><tr><\/tr><tr><\/tr><tr><\/tr><tr><\/tr><tr><\/tr><tr><td><strong>13\/03\/2026<\/strong><\/td><td><strong>07\/08\/2026<\/strong><\/td><\/tr><tr><\/tr><tr><\/tr><tr><\/tr><tr><\/tr><tr><\/tr><tr><\/tr><tr><\/tr><tr><\/tr><tr><\/tr><tr><td><strong>10\/04\/2026<\/strong><\/td><td><strong>04\/09\/2026<\/strong><\/td><\/tr><tr><\/tr><tr><\/tr><tr><\/tr><tr><\/tr><tr><\/tr><tr><\/tr><tr><\/tr><tr><\/tr><tr><\/tr><tr><td><strong>08\/05\/2026<\/strong><\/td><td><strong>02\/10\/2026<\/strong><\/td><\/tr><tr><\/tr><tr><\/tr><tr><\/tr><tr><\/tr><tr><\/tr><tr><\/tr><tr><\/tr><tr><\/tr><tr><\/tr><tr><td><strong>05\/06\/2026<\/strong><\/td><td><strong>06\/11\/2026<\/strong><\/td><\/tr><tr><\/tr><tr><\/tr><tr><\/tr><tr><\/tr><tr><\/tr><tr><\/tr><tr><\/tr><tr><\/tr><tr><\/tr><tr><td><strong>N\u00e3o haver\u00e1 reuni\u00e3o<\/strong><\/td><td><strong>04\/12\/2026<\/strong><\/td><\/tr><tr><\/tr><tr><\/tr><tr><\/tr><tr><\/tr><tr><\/tr><tr><\/tr><tr><\/tr><tr><\/tr><tr><\/tr><tr><td><br><\/td><td><br><\/td><\/tr><\/tbody><\/table><\/figure>\n\n\n\n<p><strong>Obs.: As datas dessas reuni\u00f5es poder\u00e3o ser alteradas de acordo com a conveni\u00eancia e\/ou necessidade.<\/strong><\/p>\n\n\n\n<p><a href=\"https:\/\/tecnologia.ufpr.br\/pipe\/atas-das-reunioes-do-colegiado\/\">Atas de Reuni\u00f5es clique aqui para acessar<\/a><\/p>\n","protected":false},"excerpt":{"rendered":"<p>1\u00ba. Semestre Data Atividade 09\/03\/2026 In\u00edcio das Aulas no PIPE 2026\/1 03\/07\/2026 \u00daltimo dia Letivo do 1\u00ba. Semestre\/PIPE 01\/07 a 17\/07\/2026 Per\u00edodo para Lan\u00e7amento das [&hellip;]<\/p>\n","protected":false},"author":1000,"featured_media":0,"parent":0,"menu_order":0,"comment_status":"closed","ping_status":"closed","template":"","meta":{"footnotes":""},"_links":{"self":[{"href":"https:\/\/tecnologia.ufpr.br\/pipe\/wp-json\/wp\/v2\/pages\/2872"}],"collection":[{"href":"https:\/\/tecnologia.ufpr.br\/pipe\/wp-json\/wp\/v2\/pages"}],"about":[{"href":"https:\/\/tecnologia.ufpr.br\/pipe\/wp-json\/wp\/v2\/types\/page"}],"author":[{"embeddable":true,"href":"https:\/\/tecnologia.ufpr.br\/pipe\/wp-json\/wp\/v2\/users\/1000"}],"replies":[{"embeddable":true,"href":"https:\/\/tecnologia.ufpr.br\/pipe\/wp-json\/wp\/v2\/comments?post=2872"}],"version-history":[{"count":26,"href":"https:\/\/tecnologia.ufpr.br\/pipe\/wp-json\/wp\/v2\/pages\/2872\/revisions"}],"predecessor-version":[{"id":9675,"href":"https:\/\/tecnologia.ufpr.br\/pipe\/wp-json\/wp\/v2\/pages\/2872\/revisions\/9675"}],"wp:attachment":[{"href":"https:\/\/tecnologia.ufpr.br\/pipe\/wp-json\/wp\/v2\/media?parent=2872"}],"curies":[{"name":"wp","href":"https:\/\/api.w.org\/{rel}","templated":true}]}}