{"id":2559,"date":"2018-12-05T13:53:18","date_gmt":"2018-12-05T16:53:18","guid":{"rendered":"https:\/\/tecnologia.ufpr.br\/pipe\/?page_id=2559"},"modified":"2024-07-11T14:25:52","modified_gmt":"2024-07-11T17:25:52","slug":"instrucoes-para-solicitacao-de-bancas-examinadoras","status":"publish","type":"page","link":"https:\/\/tecnologia.ufpr.br\/pipe\/instrucoes-para-solicitacao-de-bancas-examinadoras\/","title":{"rendered":"Instru\u00e7\u00f5es para solicita\u00e7\u00e3o de bancas examinadoras"},"content":{"rendered":"<div>\u00a0<\/div>\n<div>Excetuando-se a Solicita\u00e7\u00e3o de Banca de Defesa de Projeto (que n\u00e3o est\u00e1 implementada no SIGA), as bancas devem ser todas solicitadas exclusivamente atrav\u00e9s da Plataforma SIGA, sem a necessidade do preenchimento adicional do Formul\u00e1rio de Solicita\u00e7\u00e3o que utilizamos ao longo do tempo.<\/div>\n<div>\u00a0<\/div>\n<div>\u00a0<\/div>\n<div><a href=\"https:\/\/tecnologia.ufpr.br\/pipe\/wp-content\/uploads\/sites\/2\/2019\/07\/instru\u00e7\u00f5es.pdf\">Instru\u00e7\u00f5es para a solicita\u00e7\u00e3o de bancas:\u00a0<\/a><\/div>\n<div>\u00a0<\/div>\n<div><a href=\"https:\/\/tecnologia.ufpr.br\/agendas-dos-auditorios\/\" target=\"_blank\" rel=\"noopener\">Audit\u00f3rios\/Agenda<\/a><\/div>\n<div>\u00a0<\/div>\n<div><a href=\"https:\/\/tecnologia.ufpr.br\/pipe\/wp-content\/uploads\/sites\/2\/2024\/07\/cronograma-de-defesas.pdf\" target=\"_blank\" rel=\"noopener\">Cronograma dos prazos a serem cumpridos para o Mestrado e Doutorado:<\/a><\/div>\n<div>\u00a0<\/div>\n\n\n<p><a href=\"https:\/\/tecnologia.ufpr.br\/pipe\/wp-content\/uploads\/sites\/2\/2020\/11\/Normas-internas-Projeto-de-Doutorado.pdf\">Modelo Projeto de Doutorado<\/a><\/p>\n\n\n\n<p><a href=\"https:\/\/tecnologia.ufpr.br\/pipe\/wp-content\/uploads\/sites\/2\/2023\/03\/Modelo-projeto-de-Mestrado.odt\">Projeto de Pesquisa de Mestrado &#8211; Modelo referente a entrega prevista para a segunda matr\u00edcula<\/a><\/p>\n","protected":false},"excerpt":{"rendered":"<p>\u00a0 Excetuando-se a Solicita\u00e7\u00e3o de Banca de Defesa de Projeto (que n\u00e3o est\u00e1 implementada no SIGA), as bancas devem ser todas solicitadas exclusivamente atrav\u00e9s da [&hellip;]<\/p>\n","protected":false},"author":1000,"featured_media":0,"parent":0,"menu_order":0,"comment_status":"closed","ping_status":"closed","template":"","meta":{"footnotes":""},"_links":{"self":[{"href":"https:\/\/tecnologia.ufpr.br\/pipe\/wp-json\/wp\/v2\/pages\/2559"}],"collection":[{"href":"https:\/\/tecnologia.ufpr.br\/pipe\/wp-json\/wp\/v2\/pages"}],"about":[{"href":"https:\/\/tecnologia.ufpr.br\/pipe\/wp-json\/wp\/v2\/types\/page"}],"author":[{"embeddable":true,"href":"https:\/\/tecnologia.ufpr.br\/pipe\/wp-json\/wp\/v2\/users\/1000"}],"replies":[{"embeddable":true,"href":"https:\/\/tecnologia.ufpr.br\/pipe\/wp-json\/wp\/v2\/comments?post=2559"}],"version-history":[{"count":14,"href":"https:\/\/tecnologia.ufpr.br\/pipe\/wp-json\/wp\/v2\/pages\/2559\/revisions"}],"predecessor-version":[{"id":8788,"href":"https:\/\/tecnologia.ufpr.br\/pipe\/wp-json\/wp\/v2\/pages\/2559\/revisions\/8788"}],"wp:attachment":[{"href":"https:\/\/tecnologia.ufpr.br\/pipe\/wp-json\/wp\/v2\/media?parent=2559"}],"curies":[{"name":"wp","href":"https:\/\/api.w.org\/{rel}","templated":true}]}}