{"id":2433,"date":"2018-07-27T17:13:03","date_gmt":"2018-07-27T20:13:03","guid":{"rendered":"https:\/\/tecnologia.ufpr.br\/pipe\/?page_id=2433"},"modified":"2023-03-24T15:33:15","modified_gmt":"2023-03-24T18:33:15","slug":"curriculo-com-codigos-antigos","status":"publish","type":"page","link":"https:\/\/tecnologia.ufpr.br\/pipe\/curriculo-com-codigos-antigos\/","title":{"rendered":"Curr\u00edculo do PIPE com C\u00f3digos Antigos (TEM-XYZ)"},"content":{"rendered":"<p>Clique no nome da disciplina para obter as Ementas das Disciplinas do Curr\u00edculo do PIPE\u00a0 com os c\u00f3digos antigos <strong>(utilizados na forma TEM-XYZ de\u00a0 Maio\/2013 a Dezembro\/2017 e modificados em 2018 pela PRPPG para ECMA &#8211; XYZW<\/strong>).<\/p>\n<table border=\"1\" width=\"485\" cellspacing=\"0\" cellpadding=\"0\" align=\"center\">\n<tbody>\n<tr bgcolor=\"#4F81BD\">\n<td bgcolor=\"#006699\" width=\"63\">\n<div class=\"style22\" align=\"center\">C\u00f3dgo<\/div>\n<\/td>\n<td bgcolor=\"#006699\" width=\"252\">\n<div class=\"style22\" align=\"center\">Disciplina<\/div>\n<\/td>\n<td bgcolor=\"#006699\" width=\"95\">\n<p class=\"style22\" align=\"center\">Carga hor\u00e1ria<\/p>\n<\/td>\n<td bgcolor=\"#006699\" width=\"65\">\n<p class=\"style22\" align=\"center\">Cr\u00e9ditos<\/p>\n<\/td>\n<\/tr>\n<tr>\n<td valign=\"top\">TEM 700<\/td>\n<td valign=\"top\">\n<p align=\"left\"><a href=\"http:\/\/www.pipe.ufpr.br\/Ementas\/TEM-700.pdf\">Ci\u00eancia dos materiais<\/a><\/p>\n<\/td>\n<td valign=\"top\">\n<p align=\"center\">60<\/p>\n<\/td>\n<td valign=\"top\">\n<p align=\"center\">04<\/p>\n<\/td>\n<\/tr>\n<tr>\n<td valign=\"top\">TEM 701<\/td>\n<td valign=\"top\">\n<p align=\"left\"><a href=\"http:\/\/www.pipe.ufpr.br\/Ementas\/TEM-701.pdf\">Termodin\u00e2mica dos materiais<\/a><\/p>\n<\/td>\n<td valign=\"top\">\n<p align=\"center\">60<\/p>\n<\/td>\n<td valign=\"top\">\n<p align=\"center\">04<\/p>\n<\/td>\n<\/tr>\n<tr>\n<td valign=\"top\">TEM 702<\/td>\n<td valign=\"top\">\n<p align=\"left\"><a href=\"http:\/\/www.pipe.ufpr.br\/Ementas\/TEM-702.pdf\">Semin\u00e1rios<\/a><\/p>\n<\/td>\n<td valign=\"top\">\n<p align=\"center\">30<\/p>\n<\/td>\n<td valign=\"top\">\n<p align=\"center\">02<\/p>\n<\/td>\n<\/tr>\n<tr>\n<td valign=\"top\">TEM 703<\/td>\n<td valign=\"top\">\n<p align=\"left\"><a href=\"http:\/\/www.pipe.ufpr.br\/Ementas\/TEM-703.pdf\">Metalurgia f\u00edsica<\/a><\/p>\n<\/td>\n<td valign=\"top\">\n<p align=\"center\">60<\/p>\n<\/td>\n<td valign=\"top\">\n<p align=\"center\">04<\/p>\n<\/td>\n<\/tr>\n<tr>\n<td valign=\"top\"><\/td>\n<td valign=\"top\"><\/td>\n<td valign=\"top\"><\/td>\n<td valign=\"top\"><\/td>\n<\/tr>\n<tr>\n<td valign=\"top\"><\/td>\n<td valign=\"top\"><\/td>\n<td valign=\"top\"><\/td>\n<td valign=\"top\"><\/td>\n<\/tr>\n<tr>\n<td valign=\"top\">TEM 706<\/td>\n<td valign=\"top\">\n<p align=\"left\"><a href=\"http:\/\/www.pipe.ufpr.br\/Ementas\/TEM-706.pdf\">Metalurgia do p\u00f3<\/a><\/p>\n<\/td>\n<td valign=\"top\">\n<p align=\"center\">60<\/p>\n<\/td>\n<td valign=\"top\">\n<p align=\"center\">04<\/p>\n<\/td>\n<\/tr>\n<tr>\n<td valign=\"top\"><\/td>\n<td valign=\"top\"><\/td>\n<td valign=\"top\"><\/td>\n<td valign=\"top\"><\/td>\n<\/tr>\n<tr>\n<td valign=\"top\">TEM 708<\/td>\n<td valign=\"top\">\n<p align=\"left\"><a href=\"http:\/\/www.pipe.ufpr.br\/Ementas\/TEM-708.pdf\">Pol\u00edmeros<\/a><\/p>\n<\/td>\n<td valign=\"top\">\n<p align=\"center\">60<\/p>\n<\/td>\n<td valign=\"top\">\n<p align=\"center\">04<\/p>\n<\/td>\n<\/tr>\n<tr>\n<td valign=\"top\">TEM 709<\/td>\n<td valign=\"top\">\n<p align=\"left\"><a href=\"http:\/\/www.pipe.ufpr.br\/Ementas\/TEM-709.pdf\">Tecnologia de filmes finos<\/a><\/p>\n<\/td>\n<td valign=\"top\">\n<p align=\"center\">60<\/p>\n<\/td>\n<td valign=\"top\">\n<p align=\"center\">04<\/p>\n<\/td>\n<\/tr>\n<tr>\n<td valign=\"top\"><\/td>\n<td valign=\"top\"><\/td>\n<td valign=\"top\"><\/td>\n<td valign=\"top\"><\/td>\n<\/tr>\n<tr>\n<td valign=\"top\">TEM 711<\/td>\n<td valign=\"top\">\n<p align=\"left\"><a href=\"http:\/\/www.pipe.ufpr.br\/Ementas\/TEM-711.pdf\">Simula\u00e7\u00e3o e controle de sistemas f\u00edsicos<\/a><\/p>\n<\/td>\n<td valign=\"top\">\n<p align=\"center\">60<\/p>\n<\/td>\n<td valign=\"top\">\n<p align=\"center\">04<\/p>\n<\/td>\n<\/tr>\n<tr>\n<td valign=\"top\"><\/td>\n<td valign=\"top\"><\/td>\n<td valign=\"top\"><\/td>\n<td valign=\"top\"><\/td>\n<\/tr>\n<tr>\n<td valign=\"top\"><\/td>\n<td valign=\"top\"><\/td>\n<td valign=\"top\"><\/td>\n<td valign=\"top\"><\/td>\n<\/tr>\n<tr>\n<td valign=\"top\"><\/td>\n<td valign=\"top\"><\/td>\n<td valign=\"top\"><\/td>\n<td valign=\"top\"><\/td>\n<\/tr>\n<tr>\n<td valign=\"top\"><\/td>\n<td valign=\"top\"><\/td>\n<td valign=\"top\"><\/td>\n<td valign=\"top\"><\/td>\n<\/tr>\n<tr>\n<td valign=\"top\">TEM 716<\/td>\n<td valign=\"top\">\n<p align=\"left\"><a href=\"http:\/\/www.pipe.ufpr.br\/Ementas\/TEM-716.pdf\">Aspers\u00e3o t\u00e9rmica<\/a><\/p>\n<\/td>\n<td valign=\"top\">\n<p align=\"center\">60<\/p>\n<\/td>\n<td valign=\"top\">\n<p align=\"center\">04<\/p>\n<\/td>\n<\/tr>\n<tr>\n<td valign=\"top\"><\/td>\n<td valign=\"top\"><\/td>\n<td valign=\"top\"><\/td>\n<td valign=\"top\"><\/td>\n<\/tr>\n<tr>\n<td valign=\"top\">TEM 718<\/td>\n<td valign=\"top\">\n<p align=\"left\"><a href=\"http:\/\/www.pipe.ufpr.br\/Ementas\/TEM-718.pdf\">T\u00f3picos especiais em corros\u00e3o<\/a><\/p>\n<\/td>\n<td valign=\"top\">\n<p align=\"center\">60<\/p>\n<\/td>\n<td valign=\"top\">\n<p align=\"center\">04<\/p>\n<\/td>\n<\/tr>\n<tr>\n<td valign=\"top\"><\/td>\n<td valign=\"top\"><\/td>\n<td valign=\"top\"><\/td>\n<td valign=\"top\"><\/td>\n<\/tr>\n<tr>\n<td valign=\"top\"><\/td>\n<td valign=\"top\"><\/td>\n<td valign=\"top\"><\/td>\n<td valign=\"top\"><\/td>\n<\/tr>\n<tr>\n<td valign=\"top\"><\/td>\n<td valign=\"top\"><\/td>\n<td valign=\"top\"><\/td>\n<td valign=\"top\"><\/td>\n<\/tr>\n<tr>\n<td valign=\"top\">TEM 722<\/td>\n<td valign=\"top\">\n<p align=\"left\"><a href=\"http:\/\/www.pipe.ufpr.br\/Ementas\/TEM-722.pdf\">Radia\u00e7\u00e3o t\u00e9rmica<\/a><\/p>\n<\/td>\n<td valign=\"top\">\n<p align=\"center\">60<\/p>\n<\/td>\n<td valign=\"top\">\n<p align=\"center\">04<\/p>\n<\/td>\n<\/tr>\n<tr>\n<td valign=\"top\"><\/td>\n<td valign=\"top\"><\/td>\n<td valign=\"top\"><\/td>\n<td valign=\"top\"><\/td>\n<\/tr>\n<tr>\n<td valign=\"top\">TEM 724<\/td>\n<td valign=\"top\">\n<p align=\"left\"><a href=\"http:\/\/www.pipe.ufpr.br\/Ementas\/TEM-724.pdf\">Processamento de materiais por plasma<\/a><\/p>\n<\/td>\n<td valign=\"top\">\n<p align=\"center\">60<\/p>\n<\/td>\n<td valign=\"top\">\n<p align=\"center\">04<\/p>\n<\/td>\n<\/tr>\n<tr>\n<td valign=\"top\"><\/td>\n<td valign=\"top\"><\/td>\n<td valign=\"top\"><\/td>\n<td valign=\"top\"><\/td>\n<\/tr>\n<tr>\n<td valign=\"top\">TEM 726<\/td>\n<td valign=\"top\">\n<p align=\"left\"><a href=\"http:\/\/www.pipe.ufpr.br\/Ementas\/TEM-726.pdf\">Caracteriza\u00e7\u00e3o de diel\u00e9tricos<\/a><\/p>\n<\/td>\n<td valign=\"top\">\n<p align=\"center\">30<\/p>\n<\/td>\n<td valign=\"top\">\n<p align=\"center\">02<\/p>\n<\/td>\n<\/tr>\n<tr>\n<td valign=\"top\" width=\"63\">TEM 727<\/td>\n<td valign=\"top\" width=\"252\">\n<p align=\"left\"><a href=\"http:\/\/www.pipe.ufpr.br\/Ementas\/TEM-727.pdf\">F\u00edsica de diel\u00e9tricos<\/a><\/p>\n<\/td>\n<td valign=\"top\" width=\"95\">\n<p align=\"center\">60<\/p>\n<\/td>\n<td valign=\"top\" width=\"65\">\n<p align=\"center\">04<\/p>\n<\/td>\n<\/tr>\n<tr>\n<td valign=\"top\" width=\"63\"><\/td>\n<td valign=\"top\" width=\"252\"><\/td>\n<td valign=\"top\" width=\"95\"><\/td>\n<td valign=\"top\" width=\"65\"><\/td>\n<\/tr>\n<tr>\n<td valign=\"top\" width=\"63\"><\/td>\n<td valign=\"top\" width=\"252\"><\/td>\n<td valign=\"top\" width=\"95\"><\/td>\n<td valign=\"top\" width=\"65\"><\/td>\n<\/tr>\n<tr>\n<td valign=\"top\" width=\"63\">TEM 730<\/td>\n<td valign=\"top\" width=\"252\">\n<p align=\"left\"><a href=\"http:\/\/www.pipe.ufpr.br\/Ementas\/TEM-730.pdf\">Microscopia em ci\u00eancia dos materiais<\/a><\/p>\n<\/td>\n<td valign=\"top\" width=\"95\">\n<p align=\"center\">60<\/p>\n<\/td>\n<td valign=\"top\" width=\"65\">\n<p align=\"center\">04<\/p>\n<\/td>\n<\/tr>\n<tr>\n<td valign=\"top\" width=\"63\">TEM 731<\/td>\n<td valign=\"top\" width=\"252\">\n<p align=\"left\"><a href=\"http:\/\/www.pipe.ufpr.br\/Ementas\/TEM-731.pdf\">T\u00f3picos de instrumenta\u00e7\u00e3o cient\u00edfica<\/a><\/p>\n<\/td>\n<td valign=\"top\" width=\"95\">\n<p align=\"center\">60<\/p>\n<\/td>\n<td valign=\"top\" width=\"65\">\n<p align=\"center\">04<\/p>\n<\/td>\n<\/tr>\n<tr>\n<td valign=\"top\" width=\"63\">TEM 732<\/td>\n<td valign=\"top\" width=\"252\">\n<p align=\"left\"><a href=\"http:\/\/www.pipe.ufpr.br\/Ementas\/TEM-732.pdf\">An\u00e1lise de materiais com raio-X<\/a><\/p>\n<\/td>\n<td valign=\"top\" width=\"95\">\n<p align=\"center\">60<\/p>\n<\/td>\n<td valign=\"top\" width=\"65\">\n<p align=\"center\">04<\/p>\n<\/td>\n<\/tr>\n<tr>\n<td valign=\"top\"><\/td>\n<td valign=\"top\"><\/td>\n<td valign=\"top\"><\/td>\n<td valign=\"top\"><\/td>\n<\/tr>\n<tr>\n<td valign=\"top\"><\/td>\n<td valign=\"top\"><\/td>\n<td valign=\"top\"><\/td>\n<td valign=\"top\"><\/td>\n<\/tr>\n<tr>\n<td valign=\"top\">TEM 735<\/td>\n<td valign=\"top\">\n<p align=\"left\"><a href=\"http:\/\/www.pipe.ufpr.br\/Ementas\/TEM-735.pdf\">M\u00e9todos eletroqu\u00edmicos<\/a><\/p>\n<\/td>\n<td valign=\"top\">\n<p align=\"center\">60<\/p>\n<\/td>\n<td valign=\"top\">\n<p align=\"center\">04<\/p>\n<\/td>\n<\/tr>\n<tr>\n<td valign=\"top\" width=\"63\"><\/td>\n<td valign=\"top\" width=\"252\"><\/td>\n<td valign=\"top\" width=\"95\"><\/td>\n<td valign=\"top\" width=\"65\"><\/td>\n<\/tr>\n<tr>\n<td valign=\"top\" width=\"63\"><\/td>\n<td valign=\"top\" width=\"252\"><\/td>\n<td valign=\"top\" width=\"95\"><\/td>\n<td valign=\"top\" width=\"65\"><\/td>\n<\/tr>\n<tr>\n<td valign=\"top\">TEM 738<\/td>\n<td valign=\"top\">\n<p align=\"left\"><a href=\"http:\/\/www.pipe.ufpr.br\/Ementas\/TEM-738.pdf\">T\u00f3picos especiais em engenharia e ci\u00eancia dos materiais I<\/a><\/p>\n<\/td>\n<td valign=\"top\">\n<p align=\"center\">30<\/p>\n<\/td>\n<td valign=\"top\">\n<p align=\"center\">02<\/p>\n<\/td>\n<\/tr>\n<tr>\n<td valign=\"top\">TEM 739<\/td>\n<td valign=\"top\">\n<p align=\"left\"><a href=\"http:\/\/www.pipe.ufpr.br\/Ementas\/TEM-739.pdf\">T\u00f3picos especiais em engenharia e ci\u00eancia dos materiais I<\/a>I<\/p>\n<\/td>\n<td valign=\"top\">\n<p align=\"center\">45<\/p>\n<\/td>\n<td valign=\"top\">\n<p align=\"center\">03<\/p>\n<\/td>\n<\/tr>\n<tr>\n<td valign=\"top\" width=\"63\">TEM 740<\/td>\n<td valign=\"top\" width=\"252\">\n<p align=\"left\"><a href=\"http:\/\/www.pipe.ufpr.br\/Ementas\/TEM-740.pdf\">T\u00f3picos especiais em engenharia e ci\u00eancia dos materiais I<\/a>II<\/p>\n<\/td>\n<td valign=\"top\" width=\"95\">\n<p align=\"center\">60<\/p>\n<\/td>\n<td valign=\"top\" width=\"65\">\n<p align=\"center\">04<\/p>\n<\/td>\n<\/tr>\n<tr>\n<td valign=\"top\" width=\"63\"><\/td>\n<td valign=\"top\" width=\"252\"><\/td>\n<td valign=\"top\" width=\"95\"><\/td>\n<td valign=\"top\" width=\"65\"><\/td>\n<\/tr>\n<tr>\n<td valign=\"top\" width=\"63\">TEM 742<\/td>\n<td valign=\"top\" width=\"252\">\n<p align=\"left\"><a href=\"http:\/\/www.pipe.ufpr.br\/Ementas\/TEM-742.pdf\">Pr\u00e1ticas de doc\u00eancia I<\/a><\/p>\n<\/td>\n<td valign=\"top\" width=\"95\">\n<p align=\"center\">30<\/p>\n<\/td>\n<td valign=\"top\" width=\"65\">\n<p align=\"center\">02<\/p>\n<\/td>\n<\/tr>\n<tr>\n<td valign=\"top\" width=\"63\">TEM 743<\/td>\n<td valign=\"top\" width=\"252\">\n<p align=\"left\"><a href=\"http:\/\/www.pipe.ufpr.br\/Ementas\/TEM-743.pdf\">Pr\u00e1ticas de doc\u00eancia II<\/a><\/p>\n<\/td>\n<td valign=\"top\" width=\"95\">\n<p align=\"center\">45<\/p>\n<\/td>\n<td valign=\"top\" width=\"65\">\n<p align=\"center\">03<\/p>\n<\/td>\n<\/tr>\n<tr>\n<td valign=\"top\"><\/td>\n<td valign=\"top\"><\/td>\n<td valign=\"top\"><\/td>\n<td valign=\"top\"><\/td>\n<\/tr>\n<tr>\n<td valign=\"top\" width=\"63\"><\/td>\n<td valign=\"top\" width=\"252\"><\/td>\n<td valign=\"top\" width=\"95\"><\/td>\n<td valign=\"top\" width=\"65\"><\/td>\n<\/tr>\n<\/tbody>\n<\/table>\n<p><a href=\"https:\/\/tecnologia.ufpr.br\/pipe\/curriculo-do-programa\/ \u200e\">Voltar para o Curr\u00edculo Atual do Programa &#8211; C\u00f3digos ECMA<\/a><\/p>\n","protected":false},"excerpt":{"rendered":"<p>Clique no nome da disciplina para obter as Ementas das Disciplinas do Curr\u00edculo do PIPE\u00a0 com os c\u00f3digos antigos (utilizados na forma TEM-XYZ de\u00a0 Maio\/2013 [&hellip;]<\/p>\n","protected":false},"author":1000,"featured_media":0,"parent":0,"menu_order":0,"comment_status":"closed","ping_status":"closed","template":"","meta":{"footnotes":""},"_links":{"self":[{"href":"https:\/\/tecnologia.ufpr.br\/pipe\/wp-json\/wp\/v2\/pages\/2433"}],"collection":[{"href":"https:\/\/tecnologia.ufpr.br\/pipe\/wp-json\/wp\/v2\/pages"}],"about":[{"href":"https:\/\/tecnologia.ufpr.br\/pipe\/wp-json\/wp\/v2\/types\/page"}],"author":[{"embeddable":true,"href":"https:\/\/tecnologia.ufpr.br\/pipe\/wp-json\/wp\/v2\/users\/1000"}],"replies":[{"embeddable":true,"href":"https:\/\/tecnologia.ufpr.br\/pipe\/wp-json\/wp\/v2\/comments?post=2433"}],"version-history":[{"count":13,"href":"https:\/\/tecnologia.ufpr.br\/pipe\/wp-json\/wp\/v2\/pages\/2433\/revisions"}],"predecessor-version":[{"id":8208,"href":"https:\/\/tecnologia.ufpr.br\/pipe\/wp-json\/wp\/v2\/pages\/2433\/revisions\/8208"}],"wp:attachment":[{"href":"https:\/\/tecnologia.ufpr.br\/pipe\/wp-json\/wp\/v2\/media?parent=2433"}],"curies":[{"name":"wp","href":"https:\/\/api.w.org\/{rel}","templated":true}]}}