{"id":2119,"date":"2023-10-31T08:16:58","date_gmt":"2023-10-31T11:16:58","guid":{"rendered":"https:\/\/tecnologia.ufpr.br\/pipe\/?page_id=2119"},"modified":"2023-11-13T09:05:55","modified_gmt":"2023-11-13T12:05:55","slug":"bolsa-mai-dai-cnpq","status":"publish","type":"page","link":"https:\/\/tecnologia.ufpr.br\/pipe\/bolsa-mai-dai-cnpq\/","title":{"rendered":"Bolsa MAI\/DAI CNPq"},"content":{"rendered":"<p>Processo Seletivo Especial Mestrado MAI\/DAI CNPq :\u00a0<\/p>\n<p><a href=\"https:\/\/tecnologia.ufpr.br\/pipe\/wp-content\/uploads\/sites\/2\/2023\/11\/Edital__Selecao_Especial-MAI_DAI.pdf\">Edital Especial MAI\/DAI CNP 002\/2023 &#8211; PIPE\u00a0<\/a><\/p>\n<p><a href=\"https:\/\/siga.ufpr.br\/siga\/visitante\/processoseletivo\/index.jsp?sequencial=3892\">formul\u00e1rio de inscri\u00e7\u00e3o<\/a><\/p>\n<p><a href=\"https:\/\/tecnologia.ufpr.br\/pipe\/wp-content\/uploads\/sites\/2\/2023\/11\/Homologacao-das-inscricoes-MAI-DAI.pdf\">Homologa\u00e7\u00e3o das inscri\u00e7\u00f5es<\/a><\/p>\n<p><a href=\"https:\/\/tecnologia.ufpr.br\/pipe\/wp-content\/uploads\/sites\/2\/2023\/11\/entrevista.pdf\">Agenda de entrevistas<\/a><\/p>\n<p><a href=\"https:\/\/tecnologia.ufpr.br\/pipe\/wp-content\/uploads\/sites\/2\/2023\/11\/Resultado-Preliminar.pdf\">Resultado preliminar<\/a><\/p>\n<p><a href=\"https:\/\/tecnologia.ufpr.br\/pipe\/wp-content\/uploads\/sites\/2\/2023\/11\/Resultado-Final.pdf\">Resultado Final<\/a><\/p>\n<p><a href=\"https:\/\/tecnologia.ufpr.br\/pipe\/wp-content\/uploads\/sites\/2\/2018\/11\/Carta_de_Intencao_Orientador-Modelo-.doc\" target=\"_blank\" rel=\"noopener noreferrer\">Modelo de Carta de Inten\u00e7\u00e3o de Orienta\u00e7\u00e3o<\/a><\/p>\n<p>\u00a0<\/p>\n\n\n<p><\/p>\n","protected":false},"excerpt":{"rendered":"<p>Processo Seletivo Especial Mestrado MAI\/DAI CNPq :\u00a0 Edital Especial MAI\/DAI CNP 002\/2023 &#8211; PIPE\u00a0 formul\u00e1rio de inscri\u00e7\u00e3o Homologa\u00e7\u00e3o das inscri\u00e7\u00f5es Agenda de entrevistas Resultado preliminar [&hellip;]<\/p>\n","protected":false},"author":1000,"featured_media":0,"parent":0,"menu_order":0,"comment_status":"closed","ping_status":"closed","template":"","meta":{"footnotes":""},"_links":{"self":[{"href":"https:\/\/tecnologia.ufpr.br\/pipe\/wp-json\/wp\/v2\/pages\/2119"}],"collection":[{"href":"https:\/\/tecnologia.ufpr.br\/pipe\/wp-json\/wp\/v2\/pages"}],"about":[{"href":"https:\/\/tecnologia.ufpr.br\/pipe\/wp-json\/wp\/v2\/types\/page"}],"author":[{"embeddable":true,"href":"https:\/\/tecnologia.ufpr.br\/pipe\/wp-json\/wp\/v2\/users\/1000"}],"replies":[{"embeddable":true,"href":"https:\/\/tecnologia.ufpr.br\/pipe\/wp-json\/wp\/v2\/comments?post=2119"}],"version-history":[{"count":15,"href":"https:\/\/tecnologia.ufpr.br\/pipe\/wp-json\/wp\/v2\/pages\/2119\/revisions"}],"predecessor-version":[{"id":8476,"href":"https:\/\/tecnologia.ufpr.br\/pipe\/wp-json\/wp\/v2\/pages\/2119\/revisions\/8476"}],"wp:attachment":[{"href":"https:\/\/tecnologia.ufpr.br\/pipe\/wp-json\/wp\/v2\/media?parent=2119"}],"curies":[{"name":"wp","href":"https:\/\/api.w.org\/{rel}","templated":true}]}}