{"id":16,"date":"2016-03-09T17:14:31","date_gmt":"2016-03-09T17:14:31","guid":{"rendered":"https:\/\/tecnologia.ufpr.br\/pipe\/?page_id=16"},"modified":"2019-10-11T08:52:53","modified_gmt":"2019-10-11T11:52:53","slug":"parcerias","status":"publish","type":"page","link":"https:\/\/tecnologia.ufpr.br\/pipe\/parcerias\/","title":{"rendered":"Parcerias"},"content":{"rendered":"<p align=\"justify\">\n<p align=\"justify\">O Programa de P\u00f3s-Gradua\u00e7\u00e3o em Engenharia e Ci\u00eancia dos Materiais conta com o apoio de uma grande comunidade de parceiros. Al\u00e9m dos Departamentos e Laborat\u00f3rios da UFPR, que fornecem a estrutura f\u00edsica para as a\u00e7\u00f5es de ensino e pesquisa, institui\u00e7\u00f5es p\u00fablicas e privadas financiam bolsas e projetos.<\/p>\n<h2 align=\"justify\"><strong>INSTITUCIONAL<\/strong><\/h2>\n<p class=\"style26\">Departamento de Engenharia El\u00e9trica da UFPR &#8211; <a href=\"http:\/\/www.eletrica.ufpr.br\/ufpr2\/\" target=\"_blank\" rel=\"noopener\">www.eletrica.ufpr.br<\/a><\/p>\n<p class=\"style26\">Departamento de Engenharia Mec\u00e2nica da UFPR &#8211; <a href=\"http:\/\/demec.ufpr.br\/\" target=\"_blank\" rel=\"noopener\">www.demec.ufpr.br<\/a><\/p>\n<p class=\"style26\">Departamento de Engenharia Qu\u00edmica da UFPR &#8211; <a href=\"http:\/\/www.engquim.ufpr.br\/\" target=\"_blank\" rel=\"noopener\">www.engquim.ufpr.br<\/a><\/p>\n<p class=\"style26\">Departamento de F\u00edsica da UFPR &#8211; <a href=\"http:\/\/fisica.ufpr.br\/\" target=\"_blank\" rel=\"noopener\">fisica.ufpr.br<\/a><\/p>\n<p class=\"style26\">Departamento de Qu\u00edmica da UFPR &#8211; <a href=\"http:\/\/www.quimica.ufpr.br\/dqui\/\" target=\"_blank\" rel=\"noopener\">www.quimica.ufpr.br<\/a><\/p>\n<p>FUNPAR Funda\u00e7\u00e3o da Universidade Federal do Paran\u00e1 &#8211;<a href=\"http:\/\/funpar.ufpr.br:8088\/funpar\/\" target=\"_blank\" rel=\"noopener\">www.funpar.ufpr.br<\/a><\/p>\n<p>PRPPG &#8211; Pr\u00f3-Reitoria de Pesquisa e P\u00f3s-Gradua\u00e7\u00e3o da UFPR &#8211;<a href=\"http:\/\/www.prppg.ufpr.br\/\" target=\"_blank\" rel=\"noopener\">www.prppg.ufpr.br<\/a><\/p>\n<p>PRH-24 Programa Interdisciplinar em Engenharia de Petr\u00f3leo e G\u00e1s Natural da UFPR &#8211; <a href=\"http:\/\/www.prh24.ufpr.br\/\" target=\"_blank\" rel=\"noopener\">www.prh24.ufpr.br<\/a><\/p>\n<p class=\"style26\">Setor de Ci\u00eancias Exatas da UFPR &#8211; <a href=\"http:\/\/www.exatas.ufpr.br\/index.html\" target=\"_blank\" rel=\"noopener\">www.exatas.ufpr.br<\/a><\/p>\n<p class=\"style26\">Setor de Tecnologia da UFPR &#8211; <a href=\"https:\/\/tecnologia.ufpr.br\/\" target=\"_blank\" rel=\"noopener\">tecnologia.ufpr.br<\/a><\/p>\n<p class=\"style26\">UFPR &#8211; Universidade Federal do Paran\u00e1 &#8211; <a href=\"http:\/\/www.ufpr.br\/\" target=\"_blank\" rel=\"noopener\">www.ufpr.br<\/a><\/p>\n<h2 class=\"style26\"><strong>LABORAT\u00d3RIOS<\/strong><\/h2>\n<p class=\"style26\">LABATS\/UFPR Laborat\u00f3rio de aspers\u00e3o t\u00e9rmica e Soldagens Especiais &#8211;<a href=\"http:\/\/demec.ufpr.br\/laboratorios\/labats\/index.htm\" target=\"_blank\" rel=\"noopener\">demec.ufpr.br\/laboratorios\/labats<\/a><\/p>\n<p class=\"style26\">LACAUT\/UFPR Laborat\u00f3rio de Combust\u00edveis Automotivos &#8211;<a href=\"http:\/\/www.lacaut.ufpr.br\/\">www.lacaut.ufpr.br<\/a><\/p>\n<p class=\"style26\">LamaBio\/UFPR Laborat\u00f3rio de Materiais Biocompat\u00edveis &#8211;<a href=\"http:\/\/www.gea.ufpr.br\/lamabio\/index.php\">www.gea.ufpr.br\/lamabio<\/a><\/p>\n<p class=\"style26\">LEA\/UFPR Laborat\u00f3rio de Eletroqu\u00edmica Aplicada &#8211; <a href=\"http:\/\/www.gea.ufpr.br\/leanovo\/index.php\">www.gea.ufpr.br\/lea<\/a><\/p>\n<p class=\"style26\">LESC\/UFPR Laborat\u00f3rio de Eletroqu\u00edmica de Superf\u00edcie e Corros\u00e3o &#8211;<a href=\"http:\/\/www.gea.ufpr.br\/lescnovo\/index.php\">www.gea.ufpr.br\/lesc<\/a><\/p>\n<p class=\"style26\">Laborat\u00f3rio de Engenharia de Superf\u00edcies &#8211;<a href=\"http:\/\/demec.ufpr.br\/pesquisas\/superficie\/\">demec.ufpr.br\/pesquisas\/superficie<\/a><\/p>\n<p class=\"style26\">LTA\/UFPR Laborat\u00f3rio de Tecnologia Ambiental &#8211; <a href=\"http:\/\/www.gea.ufpr.br\/ltanovo\/index.php\">www.gea.ufpr.br\/lta<\/a><\/p>\n<p class=\"style26\">NPDEAS\/UFPR N\u00facleo de Pesquisa e Desenvolvimento de Eneria Autossustent\u00e1vel<\/p>\n<p class=\"style26\">PDA\/UFPR Laborat\u00f3rio de Pesquisas e Desenvolvimento Ambiental, Industrial e em Qualidade &#8211; <a href=\"http:\/\/www.pda.ufpr.br\/\">www.pda.ufpr.br<\/a><\/p>\n<h2 class=\"style26\"><strong>AG\u00caNCIAS FEDERAIS<\/strong><\/h2>\n<p class=\"style26\">ANP Ag\u00eancia Nacional de Petr\u00f3leo, G\u00e1s Natural e Biocombust\u00edveis &#8211;<a href=\"http:\/\/www.anp.gov.br\/\" target=\"_blank\" rel=\"noopener\">www.anp.gov.br<\/a><\/p>\n<p class=\"style26\">CAPES Coordena\u00e7\u00e3o de Aperfei\u00e7oamento de Pessoal de N\u00edvel Superior &#8211;<a href=\"http:\/\/www.capes.gov.br\/\" target=\"_blank\" rel=\"noopener\">www.capes.gov.br<\/a><\/p>\n<p class=\"style26\">CNPq Conselho Nacional de Desenvolvimento Cient\u00edfico e Tecnol\u00f3gico &#8211;<a href=\"http:\/\/www.cnpq.br\/\" target=\"_blank\" rel=\"noopener\">www.cnpq.br<\/a><\/p>\n<h2><strong><strong>EMPRESAS<\/strong><\/strong><\/h2>\n<p class=\"style26\">COPEL Companhia Paranaense de Energia &#8211; <a href=\"http:\/\/www.copel.com\/hpcopel\/root\/index.jsp\" target=\"_blank\" rel=\"noopener\">www.copel.com<\/a><\/p>\n<p class=\"style26\">Funda\u00e7\u00e3o Arauc\u00e1ria &#8211; <a href=\"http:\/\/www.fundacaoaraucaria.org.br\/\" target=\"_blank\" rel=\"noopener\">www.fundacaoaraucaria.org.br<\/a><\/p>\n<p class=\"style26\">Grupo Votorantim &#8211; <a href=\"http:\/\/www.votorantim.com.br\/pt-BR\/Paginas\/Home.aspx\" target=\"_blank\" rel=\"noopener\">www.votorantim.com.br<\/a><\/p>\n<p class=\"style26\">LACTEC &#8211; Instituto de Tecnologia para o Desenvolvimento &#8211;<a href=\"http:\/\/www.lactec.org.br\/pt\/\" target=\"_blank\" rel=\"noopener\">www.lactec.org.br<\/a><\/p>\n<p class=\"style26\">Nilko Metalurgia Ltda. &#8211; <a href=\"http:\/\/www.nilko.com.br\/padrao.php?id_conteudo=19\" target=\"_blank\" rel=\"noopener\">www.nilko.com.br<\/a><\/p>\n<p class=\"style26\">Ourofino Agroneg\u00f3cio &#8211; <a href=\"http:\/\/ourofino.com\/\" target=\"_blank\" rel=\"noopener\">www.ourofino.com<\/a><\/p>\n<p class=\"style26\">RETESP Ind\u00fastria de Vedantes Ltda. &#8211; <a href=\"http:\/\/www.retesp.com.br\/index2.php?pag=principal\" target=\"_blank\" rel=\"noopener\">www.retesp.com.br<\/a><\/p>\n<p>WEG Energia, Automa\u00e7\u00e3o e Tintas &#8211; <a href=\"http:\/\/www.weg.net\/br\" target=\"_blank\" rel=\"noopener\">www.weg.net<\/a><\/p>\n","protected":false},"excerpt":{"rendered":"<p>O Programa de P\u00f3s-Gradua\u00e7\u00e3o em Engenharia e Ci\u00eancia dos Materiais conta com o apoio de uma grande comunidade de parceiros. Al\u00e9m dos Departamentos e Laborat\u00f3rios [&hellip;]<\/p>\n","protected":false},"author":1,"featured_media":0,"parent":0,"menu_order":0,"comment_status":"closed","ping_status":"closed","template":"","meta":{"footnotes":""},"_links":{"self":[{"href":"https:\/\/tecnologia.ufpr.br\/pipe\/wp-json\/wp\/v2\/pages\/16"}],"collection":[{"href":"https:\/\/tecnologia.ufpr.br\/pipe\/wp-json\/wp\/v2\/pages"}],"about":[{"href":"https:\/\/tecnologia.ufpr.br\/pipe\/wp-json\/wp\/v2\/types\/page"}],"author":[{"embeddable":true,"href":"https:\/\/tecnologia.ufpr.br\/pipe\/wp-json\/wp\/v2\/users\/1"}],"replies":[{"embeddable":true,"href":"https:\/\/tecnologia.ufpr.br\/pipe\/wp-json\/wp\/v2\/comments?post=16"}],"version-history":[{"count":12,"href":"https:\/\/tecnologia.ufpr.br\/pipe\/wp-json\/wp\/v2\/pages\/16\/revisions"}],"predecessor-version":[{"id":6436,"href":"https:\/\/tecnologia.ufpr.br\/pipe\/wp-json\/wp\/v2\/pages\/16\/revisions\/6436"}],"wp:attachment":[{"href":"https:\/\/tecnologia.ufpr.br\/pipe\/wp-json\/wp\/v2\/media?parent=16"}],"curies":[{"name":"wp","href":"https:\/\/api.w.org\/{rel}","templated":true}]}}