{"id":1538,"date":"2017-04-17T13:38:25","date_gmt":"2017-04-17T16:38:25","guid":{"rendered":"https:\/\/tecnologia.ufpr.br\/pipe\/?page_id=1538"},"modified":"2026-02-03T10:21:48","modified_gmt":"2026-02-03T13:21:48","slug":"bolsa-pnpd","status":"publish","type":"page","link":"https:\/\/tecnologia.ufpr.br\/pipe\/bolsa-pnpd\/","title":{"rendered":"Bolsa PDSE"},"content":{"rendered":"<p>Inscri\u00e7\u00f5es para o Processo de Sele\u00e7\u00e3o de bolsista do Programa Institucional\u00a0 de Doutorado Sandu\u00edche no Exterior (PDSE) da Capes (disponibilidade da bolsa depender\u00e1 da CAPES).<\/p>\n<p>As inscri\u00e7\u00f5es devem ser realizadas atrav\u00e9s do e-mail <span style=\"color: #0000ff\">pipe@ufpr.br:<\/span><\/p>\n<p><strong>Informa\u00e7\u00f5es<span style=\"color: #000000\"> detalhadas<\/span> est\u00e3o contidas no edital que pode ser acessado clicando no link abaixo:<\/strong><\/p>\n<p><span style=\"color: #0000ff\"><a href=\"https:\/\/tecnologia.ufpr.br\/pipe\/wp-content\/uploads\/sites\/2\/2025\/08\/edital-05-para-vaga-de-bolsa-pdse-2025-2.pdf\" target=\"_blank\" rel=\"noopener\"><span style=\"color: #0000ff\">Edital\u00a0 05\/2025\/PIPE<\/span><\/a>&#8211;<\/span> primeira chamada &#8211; JANEIRO\/FEVEREIRO\/2026 &#8211; <span style=\"color: #ff0000\">Edital finalizado<\/span><\/p>\n<p><a href=\"https:\/\/tecnologia.ufpr.br\/pipe\/wp-content\/uploads\/sites\/2\/2025\/09\/resultado-preliminar.pdf\" target=\"_blank\" rel=\"noopener\"><span style=\"color: #0000ff\">Resultado Preliminar<\/span><\/a><\/p>\n<p><span style=\"color: #0000ff\"><a style=\"color: #0000ff\" href=\"https:\/\/tecnologia.ufpr.br\/pipe\/wp-content\/uploads\/sites\/2\/2025\/09\/resultado_final_pdse.pdf\" target=\"_blank\" rel=\"noopener\">Resultado Final<\/a><\/span><\/p>\n<p><span style=\"color: #0000ff\"><span style=\"color: #0000ff\">Edital<\/span>\u00a0 <span style=\"color: #0000ff\">09\/2025\/PIPE<\/span>&#8211;<\/span> segunda\u00a0 chamada &#8211; SETEMBRO\/OUTUBRO\/2026 &#8211; <span style=\"color: #ff0000\">CANCELADO<\/span><\/p>\n<p><a href=\"https:\/\/tecnologia.ufpr.br\/pipe\/wp-content\/uploads\/sites\/2\/2025\/12\/extrato-de-ata-do-cancelamento.pdf\" target=\"_blank\" rel=\"noopener\">Ata do cancelamento<\/a><\/p>\n<p><a href=\"https:\/\/tecnologia.ufpr.br\/pipe\/wp-content\/uploads\/sites\/2\/2025\/12\/edital-12-para-vaga-de-bolsa-pdse-2025-2.pdf\" target=\"_blank\" rel=\"noopener\"><span style=\"color: #0000ff\">Edital\u00a0 12\/2025\/PIPE-<\/span> segunda\u00a0 chamada &#8211; SETEMBRO\/OUTUBRO\/2026<\/a><\/p>\n<p><a href=\"https:\/\/tecnologia.ufpr.br\/pipe\/wp-content\/uploads\/sites\/2\/2025\/12\/banca-de-avaliacao.pdf\" target=\"_blank\" rel=\"noopener\">Banca de avalia\u00e7\u00e3o<\/a><\/p>\n\n\n<div class=\"wp-block-group\"><div class=\"wp-block-group__inner-container is-layout-constrained wp-block-group-is-layout-constrained\">\n<p><a href=\"https:\/\/tecnologia.ufpr.br\/pipe\/wp-content\/uploads\/sites\/2\/2025\/12\/resultado_preliminar_edital_12_2025_.pdf\" target=\"_blank\" rel=\"noreferrer noopener\">Resultado Preliminar<\/a><\/p>\n<\/div><\/div>\n\n\n\n<p><a href=\"https:\/\/tecnologia.ufpr.br\/pipe\/wp-content\/uploads\/sites\/2\/2025\/12\/resultado-final.pdf\" target=\"_blank\" rel=\"noreferrer noopener\">Resultado Final<\/a><\/p>\n\n\n\n<p><\/p>\n\n\n\n<p><\/p>\n","protected":false},"excerpt":{"rendered":"<p>Inscri\u00e7\u00f5es para o Processo de Sele\u00e7\u00e3o de bolsista do Programa Institucional\u00a0 de Doutorado Sandu\u00edche no Exterior (PDSE) da Capes (disponibilidade da bolsa depender\u00e1 da CAPES). [&hellip;]<\/p>\n","protected":false},"author":1000,"featured_media":0,"parent":0,"menu_order":0,"comment_status":"closed","ping_status":"closed","template":"","meta":{"footnotes":""},"_links":{"self":[{"href":"https:\/\/tecnologia.ufpr.br\/pipe\/wp-json\/wp\/v2\/pages\/1538"}],"collection":[{"href":"https:\/\/tecnologia.ufpr.br\/pipe\/wp-json\/wp\/v2\/pages"}],"about":[{"href":"https:\/\/tecnologia.ufpr.br\/pipe\/wp-json\/wp\/v2\/types\/page"}],"author":[{"embeddable":true,"href":"https:\/\/tecnologia.ufpr.br\/pipe\/wp-json\/wp\/v2\/users\/1000"}],"replies":[{"embeddable":true,"href":"https:\/\/tecnologia.ufpr.br\/pipe\/wp-json\/wp\/v2\/comments?post=1538"}],"version-history":[{"count":58,"href":"https:\/\/tecnologia.ufpr.br\/pipe\/wp-json\/wp\/v2\/pages\/1538\/revisions"}],"predecessor-version":[{"id":9598,"href":"https:\/\/tecnologia.ufpr.br\/pipe\/wp-json\/wp\/v2\/pages\/1538\/revisions\/9598"}],"wp:attachment":[{"href":"https:\/\/tecnologia.ufpr.br\/pipe\/wp-json\/wp\/v2\/media?parent=1538"}],"curies":[{"name":"wp","href":"https:\/\/api.w.org\/{rel}","templated":true}]}}