{"id":1522,"date":"2017-04-12T16:21:24","date_gmt":"2017-04-12T19:21:24","guid":{"rendered":"https:\/\/tecnologia.ufpr.br\/pipe\/?page_id=1522"},"modified":"2023-12-21T09:33:06","modified_gmt":"2023-12-21T12:33:06","slug":"information","status":"publish","type":"page","link":"https:\/\/tecnologia.ufpr.br\/pipe\/information\/","title":{"rendered":"Informa\u00e7\u00f5es"},"content":{"rendered":"<p class=\"style16\">\u00a0<strong>Programas de Concess\u00e3o de Bolsas<\/strong><\/p>\n<p style=\"text-align: justify\">O\u00a0PIPE mant\u00e9m um programa de apoio aos estudantes de mestrado com bolsas de estudo de mestrado e doutorado. As fontes de financiamento dessas bolsas provem de \u00f3rg\u00e3os de fomento \u00e0 pesquisa e forma\u00e7\u00e3o de recursos humanos de p\u00f3s-gradua\u00e7\u00e3o do governo federal (CAPES e CNPq), estadual (Funda\u00e7\u00e3o Arauc\u00e1ria) e centros de pesquisa (LACTEC, TECPAR, FIOCRUZ), al\u00e9m de empresas privadas, no caso de projetos espec\u00edficos. Alunos bolsistas devem ter dedica\u00e7\u00e3o em tempo integral \u00e0s atividades de pesquisa, sendo excepcionalmente permitida a atividades did\u00e1ticas (ver legisla\u00e7\u00e3o e normas internas).<\/p>\n<p style=\"text-align: justify\">As bolsas CAPES e CNPq exigem o cadastramento anual e possuem as seguintes exig\u00eancias:<\/p>\n<p style=\"text-align: justify\">\u2022Bolsistas de Mestrado: Devem realizar uma vez durante o curso de Mestrado a disciplina ECMA 7026 &#8211; Pr\u00e1tica de Doc\u00eancia I.<\/p>\n<p style=\"text-align: justify\">\u2022Bolsistas de Doutorado: devem realizar uma vez durante o curso de Doutorado a disciplina ECMA 7026 &#8211; Pr\u00e1tica de Doc\u00eancia I e ECMA 7027 &#8211; Pr\u00e1tica de Doc\u00eancia II.<\/p>\n<p style=\"text-align: justify\">\n","protected":false},"excerpt":{"rendered":"<p>\u00a0Programas de Concess\u00e3o de Bolsas O\u00a0PIPE mant\u00e9m um programa de apoio aos estudantes de mestrado com bolsas de estudo de mestrado e doutorado. As fontes [&hellip;]<\/p>\n","protected":false},"author":1000,"featured_media":0,"parent":0,"menu_order":0,"comment_status":"closed","ping_status":"closed","template":"","meta":{"footnotes":""},"_links":{"self":[{"href":"https:\/\/tecnologia.ufpr.br\/pipe\/wp-json\/wp\/v2\/pages\/1522"}],"collection":[{"href":"https:\/\/tecnologia.ufpr.br\/pipe\/wp-json\/wp\/v2\/pages"}],"about":[{"href":"https:\/\/tecnologia.ufpr.br\/pipe\/wp-json\/wp\/v2\/types\/page"}],"author":[{"embeddable":true,"href":"https:\/\/tecnologia.ufpr.br\/pipe\/wp-json\/wp\/v2\/users\/1000"}],"replies":[{"embeddable":true,"href":"https:\/\/tecnologia.ufpr.br\/pipe\/wp-json\/wp\/v2\/comments?post=1522"}],"version-history":[{"count":13,"href":"https:\/\/tecnologia.ufpr.br\/pipe\/wp-json\/wp\/v2\/pages\/1522\/revisions"}],"predecessor-version":[{"id":8564,"href":"https:\/\/tecnologia.ufpr.br\/pipe\/wp-json\/wp\/v2\/pages\/1522\/revisions\/8564"}],"wp:attachment":[{"href":"https:\/\/tecnologia.ufpr.br\/pipe\/wp-json\/wp\/v2\/media?parent=1522"}],"curies":[{"name":"wp","href":"https:\/\/api.w.org\/{rel}","templated":true}]}}