{"id":12,"date":"2016-03-09T17:11:27","date_gmt":"2016-03-09T17:11:27","guid":{"rendered":"https:\/\/tecnologia.ufpr.br\/pipe\/?page_id=12"},"modified":"2025-09-02T14:29:47","modified_gmt":"2025-09-02T17:29:47","slug":"linhas-de-pesquisa","status":"publish","type":"page","link":"https:\/\/tecnologia.ufpr.br\/pipe\/linhas-de-pesquisa\/","title":{"rendered":"Linhas de Pesquisa"},"content":{"rendered":"<h2><b>\u00c1rea de Concentra\u00e7\u00e3o:<\/b><\/h2>\n<ul>\n<li>Engenharia e Ci\u00eancia dos Materiais<\/li>\n<\/ul>\n<ol>\n<li>\n<p align=\"justify\"><span style=\"font-family: Arial, serif\"><span style=\"font-size: medium\">Define-se <\/span><\/span><span style=\"font-family: Arial, serif\"><span style=\"font-size: medium\"><u><b>Engenharia e Ci\u00eancia dos Materiais<\/b><\/u><\/span><\/span><span style=\"font-family: Arial, serif\"><span style=\"font-size: medium\"> como a \u00e1rea cujo objetivo \u00e9 o desenvolvimento de pesquisa b\u00e1sica e aplicada voltada para o estudo, desenvolvimento, aprimoramento e aplica\u00e7\u00e3o de materiais, e\/ou processos de modifica\u00e7\u00e3o e conforma\u00e7\u00e3o de materiais com foco no estudo e <\/span><\/span><span style=\"font-family: Arial, serif\"><span style=\"font-size: medium\"><u><b>entendimento da correla\u00e7\u00e3o processamento\/estrutura\/propriedades<\/b><\/u><\/span><\/span><span style=\"font-family: Arial, serif\"><span style=\"font-size: medium\"> de materiais.<\/span><\/span><\/p>\n<\/li>\n<\/ol>\n<ol start=\"2\">\n<li>\n<p align=\"justify\"><span style=\"font-family: Arial, serif\"><span style=\"font-size: medium\">Define-se como processo, qualquer forma de processamento de materiais que vise modificar a morfologia, estrutura qu\u00edmica, estrutura cristalina ou forma de um material com objetivo de obter propriedades f\u00edsico-qu\u00edmicas espec\u00edficas e diferentes das propriedades do material original.<\/span><\/span><\/p>\n<\/li>\n<\/ol>\n<h3><strong>Linhas de Pesquisa:<\/strong><\/h3>\n<ul>\n<li>Biomateriais: Biocompatibilidade e Aplica\u00e7\u00f5es<\/li>\n<li>Energias Renov\u00e1veis e N\u00e3o Renov\u00e1veis<\/li>\n<li>Materiais de Engenharia<\/li>\n<li>Simula\u00e7\u00e3o e Modelagem de Materiais<\/li>\n<li>Tecnologia de Superf\u00edcies, Filmes e Interfaces<\/li>\n<\/ul>\n<p><strong>Maiores detalhes das linhas de pesquisa podem ser visualizadas abaixo.<\/strong><\/p>\n<p><strong>Biomateriais: Biocompatibilidade e Aplica\u00e7\u00f5es<\/strong><\/p>\n<p align=\"justify\"><span style=\"color: #000000\"><span style=\"font-family: Arial, serif\"><span style=\"font-size: medium\">Estudo e desenvolvimento de biomateriais, <\/span><\/span><\/span><span style=\"font-family: Arial, serif\"><span style=\"font-size: medium\">com foco na <\/span><\/span><span style=\"font-family: Arial, serif\"><span style=\"font-size: medium\"><u><b>correla\u00e7\u00e3o processamento\/estrutura\/propriedades<\/b><\/u><\/span><\/span><span style=\"font-family: Arial, serif\"><span style=\"font-size: medium\">,<\/span><\/span><span style=\"color: #000000\"><span style=\"font-family: Arial, serif\"><span style=\"font-size: medium\"> e suas aplica\u00e7\u00f5es na \u00e1rea biom\u00e9dica, desde a prepara\u00e7\u00e3o do biomaterial, tratamento superficial, ensaios de biocompatibilidade e resposta bioativa, incluindo a an\u00e1lise do processo de osseointegra\u00e7\u00e3o. Procura-se estudar as propriedades f\u00edsicas, mec\u00e2nicas e rea\u00e7\u00f5es qu\u00edmicas na intera\u00e7\u00e3o com organismos e tecidos org\u00e2nicos An\u00e1lise da resposta biol\u00f3gica em testes in vitro e in vivo. Inclui a an\u00e1lise de aplica\u00e7\u00f5es biom\u00e9dicas, passando pelo uso de metais, materiais cer\u00e2micos, comp\u00f3sitos e pol\u00edmeros at\u00e9 como materiais nanoestruturados em biologia e medicina. <\/span><\/span><\/span><\/p>\n<p><b>Professores atuantes:<\/b><\/p>\n\n\n<figure class=\"wp-block-table\"><table><tbody><tr><td><a href=\"https:\/\/tecnologia.ufpr.br\/pipe\/prof-carlos-itsuo-yamamoto\/\" target=\"_blank\" rel=\"noreferrer noopener\">Carlos Itsuo Yamamoto<\/a><\/td><\/tr><tr><td><a href=\"https:\/\/tecnologia.ufpr.br\/pipe\/prof-carlos-mauricio-lepienski\/\" target=\"_blank\" rel=\"noreferrer noopener\">Carlos Mauricio Lepienski<\/a><\/td><\/tr><tr><td><a href=\"https:\/\/tecnologia.ufpr.br\/pipe\/prof-claudia-eliana-b-marino\/\" target=\"_blank\" rel=\"noreferrer noopener\">Claudia Eliana Marino Zarbin<\/a><\/td><\/tr><tr><td><a href=\"https:\/\/tecnologia.ufpr.br\/pipe\/prof-fabiano-yokaichiya\/\" target=\"_blank\" rel=\"noreferrer noopener\">Fabiano Yokaichiya<\/a><\/td><\/tr><tr><td><a href=\"https:\/\/tecnologia.ufpr.br\/pipe\/prof-fernando-wypych\/\" target=\"_blank\" rel=\"noreferrer noopener\">Fernando Wypych<\/a><\/td><\/tr><tr><td><a href=\"https:\/\/tecnologia.ufpr.br\/pipe\/prof-mayara-elita-braz-carneiro\/\" target=\"_blank\" rel=\"noreferrer noopener\">Mayara Elita Braz Carneiro<\/a><\/td><\/tr><tr><td><a href=\"https:\/\/tecnologia.ufpr.br\/pipe\/prof-ney-pereira-mattoso-filho\/\" target=\"_blank\" rel=\"noreferrer noopener\">Ney Pereira Mattoso Filho<\/a><\/td><\/tr><tr><td><a href=\"https:\/\/tecnologia.ufpr.br\/pipe\/prof-rilton-aves-de-freitas\/\" target=\"_blank\" rel=\"noreferrer noopener\">Rilton Alves de Freitas<\/a><\/td><\/tr><\/tbody><\/table><\/figure>\n\n\n\n<p><strong>Energias Renov\u00e1veis e N\u00e3o Renov\u00e1veis<\/strong><\/p>\n\n\n\n<p>Estudo da <strong>correla\u00e7\u00e3o processamento\/estrutura\/propriedades<\/strong>, e suas implica\u00e7\u00f5es nodesenvolvimento de materiais aplic\u00e1veis a sistemas de gera\u00e7\u00e3o de energia com foco em c\u00e9lulas de combust\u00edvel, baterias, materiais que visam o aproveitamento da energia solar, biomassa e derivados do petr\u00f3leo e g\u00e1s natural.<\/p>\n\n\n\n<p><strong>Professores atuantes:<\/strong><\/p>\n\n\n\n<figure class=\"wp-block-table\"><table><tbody><tr><td><a href=\"https:\/\/tecnologia.ufpr.br\/pipe\/prof-andre-bellin-mariano\/\" target=\"_blank\" rel=\"noreferrer noopener\">Andre Bellin Mariano<\/a><\/td><\/tr><tr><td><a href=\"https:\/\/tecnologia.ufpr.br\/pipe\/prof-carlos-itsuo-yamamoto\/\" target=\"_blank\" rel=\"noreferrer noopener\">Carlos Itsuo Yamamoto<\/a><\/td><\/tr><tr><td><a href=\"https:\/\/tecnologia.ufpr.br\/pipe\/prof-cicero-naves-de-avila-neto\/\">C\u00edcero Naves Avila Neto<\/a><\/td><\/tr><tr><td><a href=\"https:\/\/tecnologia.ufpr.br\/pipe\/christian-wittee-lopes\/\" target=\"_blank\" rel=\"noreferrer noopener\">Christian Wittee Lopes<\/a><\/td><\/tr><tr><td><a href=\"https:\/\/tecnologia.ufpr.br\/pipe\/prof-fernando-wypych\/\" target=\"_blank\" rel=\"noreferrer noopener\">Fernando Wypych<\/a><\/td><\/tr><tr><td><a href=\"https:\/\/tecnologia.ufpr.br\/pipe\/prof-francine-bertella\/\" target=\"_blank\" rel=\"noreferrer noopener\">Francine Bertella<\/a><\/td><\/tr><tr><td><a href=\"https:\/\/tecnologia.ufpr.br\/pipe\/prof-graciela-ines-bolzon-de-muniz\/\" target=\"_blank\" rel=\"noreferrer noopener\">Graciela Ines Bolzon de Muniz<\/a><\/td><\/tr><tr><td><a href=\"https:\/\/tecnologia.ufpr.br\/pipe\/prof-haroldo-de-araujo-ponte\/\" target=\"_blank\" rel=\"noreferrer noopener\">Haroldo de Araujo Ponte<\/a><\/td><\/tr><tr><td><a href=\"https:\/\/tecnologia.ufpr.br\/pipe\/prof-jose-viriato-coelho-vargas\/\" target=\"_blank\" rel=\"noreferrer noopener\">Jose Viriato Coelho Vargas<\/a><\/td><\/tr><tr><td><a href=\"https:\/\/tecnologia.ufpr.br\/pipe\/prof-leni-campos-akcelrud\/\" target=\"_blank\" rel=\"noreferrer noopener\">Leni Campos Akcelrud<\/a><\/td><\/tr><tr><td><a href=\"https:\/\/tecnologia.ufpr.br\/pipe\/prof-lucimara-stolz-roman\/\" target=\"_blank\" rel=\"noreferrer noopener\">Lucimara Stolz Roman<\/a><\/td><\/tr><tr><td><a href=\"https:\/\/tecnologia.ufpr.br\/pipe\/prof-marcela-mohallem-oliveira\/\">Marcela Mohallem Oliveira<\/a><\/td><\/tr><tr><td><a href=\"https:\/\/tecnologia.ufpr.br\/pipe\/pedro-henrique-gonzalez-de-cadematori\/\">Pedro Henrique Gonzalez de Cademartori<\/a><\/td><\/tr><\/tbody><\/table><\/figure>\n\n\n\n<p><strong>Materiais de Engenharia<\/strong><\/p>\n\n\n\n<p>Estudo da <strong>correla\u00e7\u00e3o processamento\/estrutura\/propriedades<\/strong> com foco no desenvolvimento de materiais de engenharia (met\u00e1licos, cer\u00e2micos, polim\u00e9ricos e comp\u00f3sitos) visando a solu\u00e7\u00e3o de problemas de engenharia relevantes ao desenvolvimento tecnol\u00f3gico e sustent\u00e1vel, nas mais diversas \u00e1reas e aplica\u00e7\u00f5es.<\/p>\n\n\n\n<p><strong>Professores atuantes:<\/strong><\/p>\n\n\n\n<figure class=\"wp-block-table\"><table><tbody><tr><td><a href=\"https:\/\/tecnologia.ufpr.br\/pipe\/prof-andrey-pereira-acosta\/\">Andrey Pereira Acosta<\/a><\/td><\/tr><tr><td><a href=\"https:\/\/tecnologia.ufpr.br\/pipe\/prof-carlos-itsuo-yamamoto\/\" target=\"_blank\" rel=\"noreferrer noopener\">Carlos Itsuo Yamamoto<\/a><\/td><\/tr><tr><td><a href=\"https:\/\/tecnologia.ufpr.br\/pipe\/prof-cesar-augusto-dartora\/\" target=\"_blank\" rel=\"noreferrer noopener\">C\u00e9sar Augusto Dartora<\/a><\/td><\/tr><tr><td><a href=\"https:\/\/tecnologia.ufpr.br\/pipe\/prof-cicero-naves-de-avila-neto\/\" target=\"_blank\" rel=\"noreferrer noopener\">Cicero Naves Avila Neto<\/a><\/td><\/tr><tr><td><a href=\"https:\/\/tecnologia.ufpr.br\/pipe\/prof-claudia-eliana-b-marino\/\" target=\"_blank\" rel=\"noreferrer noopener\">Claudia Eliana Bruno Marino<\/a><\/td><\/tr><tr><td><a href=\"https:\/\/tecnologia.ufpr.br\/pipe\/prof-daniel-eiras\/\">Daniel Eiras<\/a><\/td><\/tr><tr><td><a href=\"https:\/\/tecnologia.ufpr.br\/pipe\/prof-dante-homero-mosca\/\" target=\"_blank\" rel=\"noreferrer noopener\">Dante Homero Mosca Junior<\/a><\/td><\/tr><tr><td><a href=\"https:\/\/tecnologia.ufpr.br\/pipe\/prof-evaldo-ribeiro\/\" target=\"_blank\" rel=\"noreferrer noopener\">Evaldo Ribeiro<\/a><\/td><\/tr><tr><td><a href=\"https:\/\/tecnologia.ufpr.br\/pipe\/prof-fernando-wypych\/\" target=\"_blank\" rel=\"noreferrer noopener\">Fernando Wypych<\/a><\/td><\/tr><tr><td><a href=\"https:\/\/tecnologia.ufpr.br\/pipe\/prof-graciela-ines-bolzon-de-muniz\/\" target=\"_blank\" rel=\"noreferrer noopener\">Graciela Ines Bolzon de Muniz<\/a><\/td><\/tr><tr><td><a href=\"https:\/\/tecnologia.ufpr.br\/pipe\/prof-haroldo-de-araujo-ponte\/\" target=\"_blank\" rel=\"noreferrer noopener\">Haroldo de Ara\u00fajo Ponte<\/a><\/td><\/tr><tr><td><a href=\"https:\/\/tecnologia.ufpr.br\/pipe\/prof-jose-pedro-mansueto-serbena\/\">Jos\u00e9 Pedro Mansueto Serbena<\/a><\/td><\/tr><tr><td><a href=\"https:\/\/tecnologia.ufpr.br\/pipe\/prof-kleber-franke-portella\/\" target=\"_blank\" rel=\"noreferrer noopener\">Kleber Franke Portella<\/a><\/td><\/tr><tr><td><a href=\"https:\/\/tecnologia.ufpr.br\/pipe\/prof-leni-campos-akcelrud\/\" target=\"_blank\" rel=\"noreferrer noopener\">Leni Campos Akcelrud<\/a><\/td><\/tr><tr><td><a href=\"https:\/\/tecnologia.ufpr.br\/pipe\/prof-lucimara-stolz-roman\/\" target=\"_blank\" rel=\"noreferrer noopener\">Lucimara Stolz Roman<\/a><\/td><\/tr><tr><td><a href=\"https:\/\/tecnologia.ufpr.br\/pipe\/prof-mayara-elita-braz-carneiro\/\" target=\"_blank\" rel=\"noreferrer noopener\">Mayara Elita Braz Carneiro<\/a><\/td><\/tr><tr><td><a href=\"https:\/\/tecnologia.ufpr.br\/pipe\/pedro-henrique-gonzalez-de-cadematori\/\">Pedro Henrique Gonzalez de Cademartori<\/a><\/td><\/tr><tr><td><a href=\"https:\/\/tecnologia.ufpr.br\/pipe\/prof-silvio-francisco-brunatto\/\" target=\"_blank\" rel=\"noreferrer noopener\">Silvio Francisco Brunatto<\/a><\/td><\/tr><tr><td><a href=\"https:\/\/tecnologia.ufpr.br\/pipe\/prof-washington-l-e-magalhaes\/\" target=\"_blank\" rel=\"noreferrer noopener\">Washington Luiz Esteves Magalhaes<\/a><\/td><\/tr><\/tbody><\/table><\/figure>\n\n\n\n<p><strong>Simula\u00e7\u00e3o e Modelagem de Materiais<\/strong><\/p>\n\n\n\n<p>Utiliza\u00e7\u00e3o de modelos te\u00f3ricos de primeiros princ\u00edpios ou fenomenol\u00f3gicos e m\u00e9todos computacionais na simula\u00e7\u00e3o das propriedades de materiais, com foco <strong>na correla\u00e7\u00e3o  processamento\/estrutura\/propriedades<\/strong> buscando relacionar resultados experimentais com modelos \u00fateis na descri\u00e7\u00e3o de propriedades f\u00edsicas e qu\u00edmicas de materiais.<\/p>\n\n\n\n<p><strong>Professores atuantes:<\/strong><\/p>\n\n\n\n<figure class=\"wp-block-table\"><table><tbody><tr><td><a href=\"https:\/\/tecnologia.ufpr.br\/pipe\/prof-cesar-augusto-dartora\/\" target=\"_blank\" rel=\"noreferrer noopener\">C\u00e9sar Augusto Dartora<\/a><\/td><\/tr><tr><td><a href=\"https:\/\/tecnologia.ufpr.br\/pipe\/prof-jose-viriato-coelho-vargas\/\" target=\"_blank\" rel=\"noreferrer noopener\">Jose Viriato Coelho Vargas<\/a><\/td><\/tr><\/tbody><\/table><\/figure>\n\n\n\n<p><strong>Tecnologia de Superf\u00edcies, Filmes e Interfaces<\/strong><\/p>\n\n\n\n<p>Esta linha de pesquisa visa a produ\u00e7\u00e3o experimental e caracteriza\u00e7\u00e3o de propriedades f\u00edsicas e qu\u00edmicas de superf\u00edcies e filmes finos com potenciais aplica\u00e7\u00f5es em engenharia, bem como o estudo da intera\u00e7\u00e3o entre materiais e efeitos interfaciais. Os estudos te\u00f3rico-experimentais buscam compreender os efeitos de dimensionalidade e estrutura nas propriedades f\u00edsicas e qu\u00edmicas de filmes e superf\u00edcies, passando pela an\u00e1lise de desempenho, estabilidade, propriedades mec\u00e2nicas, el\u00e9tricas, magn\u00e9ticas e \u00f3pticas.<\/p>\n\n\n\n<p><strong>Professores atuantes:<\/strong><\/p>\n\n\n\n<figure class=\"wp-block-table\"><table><tbody><tr><td><a href=\"https:\/\/tecnologia.ufpr.br\/pipe\/prof-ana-sofia-c-m-d-oliveira\/\" target=\"_blank\" rel=\"noreferrer noopener\">Ana Sofia Climaco Monteiro D\u2019Oliveira<\/a><\/td><\/tr><tr><td><a href=\"https:\/\/tecnologia.ufpr.br\/pipe\/prof-carlos-mauricio-lepienski\/\" target=\"_blank\" rel=\"noreferrer noopener\">Carlos Mauricio Lepienski<\/a><\/td><\/tr><tr><td><a href=\"https:\/\/tecnologia.ufpr.br\/pipe\/christian-wittee-lopes\/\" target=\"_blank\" rel=\"noreferrer noopener\">Christian Wittee Lopes<\/a><\/td><\/tr><tr><td><a href=\"https:\/\/tecnologia.ufpr.br\/pipe\/prof-claudia-eliana-b-marino\/\" target=\"_blank\" rel=\"noreferrer noopener\">Claudia Eliana Marino Zarbin<\/a><\/td><\/tr><tr><td><a href=\"https:\/\/tecnologia.ufpr.br\/pipe\/prof-dante-homero-mosca\/\" target=\"_blank\" rel=\"noreferrer noopener\">Dante Homero Mosca Junior<\/a><\/td><\/tr><tr><td><a href=\"https:\/\/tecnologia.ufpr.br\/pipe\/prof-evaldo-ribeiro\/\" target=\"_blank\" rel=\"noreferrer noopener\">Evaldo Ribeiro<\/a><\/td><\/tr><tr><td><a href=\"https:\/\/tecnologia.ufpr.br\/pipe\/prof-fernando-wypych\/\" target=\"_blank\" rel=\"noreferrer noopener\">Fernando Wypych<\/a><\/td><\/tr><tr><td><a href=\"https:\/\/tecnologia.ufpr.br\/pipe\/prof-francine-bertella\/\" target=\"_blank\" rel=\"noreferrer noopener\">Francine Bertella<\/a><\/td><\/tr><tr><td><a href=\"https:\/\/tecnologia.ufpr.br\/pipe\/prof-guinther-kellermann\/\" target=\"_blank\" rel=\"noreferrer noopener\">Guinther Kellermann<\/a><\/td><\/tr><tr><td><a href=\"https:\/\/tecnologia.ufpr.br\/pipe\/prof-haroldo-de-araujo-ponte\/\" target=\"_blank\" rel=\"noreferrer noopener\">Haroldo de Araujo Ponte<\/a><\/td><\/tr><tr><td><a href=\"https:\/\/tecnologia.ufpr.br\/pipe\/prof-jose-pedro-mansueto-serbena\/\">Jos\u00e9 Pedro Mansueto Serbena<\/a><\/td><\/tr><tr><td><a href=\"https:\/\/tecnologia.ufpr.br\/pipe\/juliana-zarpellon\/\">Juliana Zarpellon<\/a><\/td><\/tr><tr><td><a href=\"https:\/\/tecnologia.ufpr.br\/pipe\/prof-marcela-mohallem-oliveira\/\">Marcela Mohallem Oliveira<\/a><\/td><\/tr><tr><td><a href=\"https:\/\/tecnologia.ufpr.br\/pipe\/prof-ney-pereira-mattoso-filho\/\" target=\"_blank\" rel=\"noreferrer noopener\">Ney Pereira Mattoso Filho<\/a><\/td><\/tr><tr><td><a href=\"https:\/\/tecnologia.ufpr.br\/pipe\/pedro-henrique-gonzalez-de-cadematori\/\">Pedro Henrique Gonzalez de Cademartori<\/a><\/td><\/tr><tr><td><a href=\"https:\/\/tecnologia.ufpr.br\/pipe\/prof-rilton-aves-de-freitas\/\" target=\"_blank\" rel=\"noreferrer noopener\">Rilton Alves de Freitas<\/a><\/td><\/tr><tr><td><a href=\"https:\/\/tecnologia.ufpr.br\/pipe\/prof-silvio-francisco-brunatto\/\" target=\"_blank\" rel=\"noreferrer noopener\">Silvio Francisco Brunatto<\/a><\/td><\/tr><\/tbody><\/table><\/figure>\n","protected":false},"excerpt":{"rendered":"<p>\u00c1rea de Concentra\u00e7\u00e3o: Engenharia e Ci\u00eancia dos Materiais Define-se Engenharia e Ci\u00eancia dos Materiais como a \u00e1rea cujo objetivo \u00e9 o desenvolvimento de pesquisa b\u00e1sica [&hellip;]<\/p>\n","protected":false},"author":1,"featured_media":0,"parent":0,"menu_order":0,"comment_status":"closed","ping_status":"closed","template":"","meta":{"footnotes":""},"_links":{"self":[{"href":"https:\/\/tecnologia.ufpr.br\/pipe\/wp-json\/wp\/v2\/pages\/12"}],"collection":[{"href":"https:\/\/tecnologia.ufpr.br\/pipe\/wp-json\/wp\/v2\/pages"}],"about":[{"href":"https:\/\/tecnologia.ufpr.br\/pipe\/wp-json\/wp\/v2\/types\/page"}],"author":[{"embeddable":true,"href":"https:\/\/tecnologia.ufpr.br\/pipe\/wp-json\/wp\/v2\/users\/1"}],"replies":[{"embeddable":true,"href":"https:\/\/tecnologia.ufpr.br\/pipe\/wp-json\/wp\/v2\/comments?post=12"}],"version-history":[{"count":67,"href":"https:\/\/tecnologia.ufpr.br\/pipe\/wp-json\/wp\/v2\/pages\/12\/revisions"}],"predecessor-version":[{"id":9375,"href":"https:\/\/tecnologia.ufpr.br\/pipe\/wp-json\/wp\/v2\/pages\/12\/revisions\/9375"}],"wp:attachment":[{"href":"https:\/\/tecnologia.ufpr.br\/pipe\/wp-json\/wp\/v2\/media?parent=12"}],"curies":[{"name":"wp","href":"https:\/\/api.w.org\/{rel}","templated":true}]}}