{"id":947,"date":"2017-08-31T19:19:09","date_gmt":"2017-08-31T19:19:09","guid":{"rendered":"https:\/\/tecnologia.ufpr.br\/lahurb\/?page_id=947"},"modified":"2017-10-12T21:08:05","modified_gmt":"2017-10-13T00:08:05","slug":"contato","status":"publish","type":"page","link":"https:\/\/tecnologia.ufpr.br\/lahurb\/contato\/","title":{"rendered":"Contato"},"content":{"rendered":"<p style=\"padding-left: 30px\"><strong>Universidade Federal do Paran\u00e1<\/strong><br \/>\nSetor de Tecnologia<br \/>\nCurso de Arquitetura e Urbanismo<\/p>\n<p style=\"padding-left: 30px\"><strong>LAHURB\/UFPR \u2013 Laborat\u00f3rio de Habita\u00e7\u00e3o e Urbanismo\u00a0<\/strong><br \/>\nFone: +55 (41) 3361-3702<br \/>\n<a href=\"https:\/\/www.google.com.br\/maps\/place\/UFPR+-+Centro+Polit%C3%A9cnico\/@-25.4510062,-49.2361513,17z\/data=!3m1!4b1!4m5!3m4!1s0x94dce516c63d49a9:0x1cc3045eeda88271!8m2!3d-25.4510062!4d-49.2339626\" target=\"_blank\" rel=\"noopener\">Centro Polit\u00e9cnico<\/a> &#8211; Jardim das Am\u00e9ricas<br \/>\nCuritiba (PR), Brasil<br \/>\nC<span style=\"color: #444444\">EP 81531-970<\/span><\/p>\n<p>&nbsp;<\/p>\n","protected":false},"excerpt":{"rendered":"<p>Universidade Federal do Paran\u00e1 Setor de Tecnologia Curso de Arquitetura e Urbanismo LAHURB\/UFPR \u2013 Laborat\u00f3rio de Habita\u00e7\u00e3o e Urbanismo\u00a0 Fone: +55 (41) 3361-3702 Centro Polit\u00e9cnico &#8211; Jardim das Am\u00e9ricas Curitiba (PR), Brasil CEP 81531-970 &nbsp;<\/p>\n","protected":false},"author":1047,"featured_media":0,"parent":0,"menu_order":0,"comment_status":"closed","ping_status":"closed","template":"","meta":{"footnotes":""},"_links":{"self":[{"href":"https:\/\/tecnologia.ufpr.br\/lahurb\/wp-json\/wp\/v2\/pages\/947"}],"collection":[{"href":"https:\/\/tecnologia.ufpr.br\/lahurb\/wp-json\/wp\/v2\/pages"}],"about":[{"href":"https:\/\/tecnologia.ufpr.br\/lahurb\/wp-json\/wp\/v2\/types\/page"}],"author":[{"embeddable":true,"href":"https:\/\/tecnologia.ufpr.br\/lahurb\/wp-json\/wp\/v2\/users\/1047"}],"replies":[{"embeddable":true,"href":"https:\/\/tecnologia.ufpr.br\/lahurb\/wp-json\/wp\/v2\/comments?post=947"}],"version-history":[{"count":5,"href":"https:\/\/tecnologia.ufpr.br\/lahurb\/wp-json\/wp\/v2\/pages\/947\/revisions"}],"predecessor-version":[{"id":1181,"href":"https:\/\/tecnologia.ufpr.br\/lahurb\/wp-json\/wp\/v2\/pages\/947\/revisions\/1181"}],"wp:attachment":[{"href":"https:\/\/tecnologia.ufpr.br\/lahurb\/wp-json\/wp\/v2\/media?parent=947"}],"curies":[{"name":"wp","href":"https:\/\/api.w.org\/{rel}","templated":true}]}}