{"id":943,"date":"2017-08-31T19:18:12","date_gmt":"2017-08-31T19:18:12","guid":{"rendered":"https:\/\/tecnologia.ufpr.br\/lahurb\/?page_id=943"},"modified":"2022-08-15T13:40:31","modified_gmt":"2022-08-15T16:40:31","slug":"publicacoes","status":"publish","type":"page","link":"https:\/\/tecnologia.ufpr.br\/lahurb\/publicacoes\/","title":{"rendered":"Publica\u00e7\u00f5es"},"content":{"rendered":"\n<div class=\"wp-block-group\"><div class=\"wp-block-group__inner-container is-layout-flow wp-block-group-is-layout-flow\">\n<h3>Artigos<\/h3>\n<hr \/>\n<p><strong><a href=\"https:\/\/tecnologia.ufpr.br\/lahurb\/2001-2\/\" target=\"_blank\" rel=\"noopener noreferrer\">2001<\/a><\/strong><\/p>\n<p><strong><a href=\"https:\/\/tecnologia.ufpr.br\/lahurb\/2007-2\/\" target=\"_blank\" rel=\"noopener noreferrer\">2007<\/a><\/strong><\/p>\n<p><strong><a href=\"https:\/\/tecnologia.ufpr.br\/lahurb\/2008-2\/\" target=\"_blank\" rel=\"noopener noreferrer\">2008<\/a><\/strong><\/p>\n<p><strong><a href=\"https:\/\/tecnologia.ufpr.br\/lahurb\/2009-3\/\">2009<\/a><\/strong><\/p>\n<p><a href=\"https:\/\/tecnologia.ufpr.br\/lahurb\/2012-3\/\"><strong>2012<\/strong><\/a><\/p>\n<p><a href=\"https:\/\/tecnologia.ufpr.br\/lahurb\/2014-3\/\"><strong>2014<\/strong><\/a><\/p>\n<p><strong><a href=\"https:\/\/tecnologia.ufpr.br\/lahurb\/2015-3\/\">2015<\/a><\/strong><\/p>\n<p><strong><a href=\"https:\/\/tecnologia.ufpr.br\/lahurb\/2016-3\/\">2016<\/a><\/strong><\/p>\n<p><a href=\"https:\/\/tecnologia.ufpr.br\/lahurb\/2017-3\/\"><strong>2017<\/strong><\/a><\/p>\n<p><a href=\"https:\/\/tecnologia.ufpr.br\/lahurb\/2018-3\/\"><strong>2018<\/strong><\/a><\/p>\n<p><strong><a href=\"https:\/\/tecnologia.ufpr.br\/lahurb\/2020-2\/\">2020<\/a><\/strong><\/p>\n<p><strong><a href=\"https:\/\/tecnologia.ufpr.br\/lahurb\/2022-2\/\">2021<\/a><\/strong><\/p>\n<p><strong><a href=\"https:\/\/tecnologia.ufpr.br\/lahurb\/2022-3\/\">2022<\/a><\/strong><\/p>\n<h3>\u00a0<\/h3>\n<h3>Livros<\/h3>\n<hr \/>\n<h4>Sete princ\u00edpios para um pr\u00f3ximo urbanismo<\/h4>\n<p>PEREIRA, G.; W\u00dcTRICH, F. (org.). Sete princ\u00edpios para um pr\u00f3ximo urbanismo. Curitiba: Setor de Tecnologia da UFPR, 2018.<br \/><a href=\"https:\/\/tecnologia.ufpr.br\/lahurb\/wp-content\/uploads\/sites\/31\/2017\/08\/7-principios-para-um-proximo-urbanismo.pdf\" target=\"_blank\" rel=\"noopener noreferrer\"><strong>Sete princ\u00edpios para um pr\u00f3ximo urbanismo<\/strong><\/a><\/p>\n<h4>Por Dentro da REURB<\/h4>\n<p>MAZIVIERO, M. C.; PEDROZO, A. ; JABUR, R. S. ; ANDREOLI, M. C. ; CESTARO, L. R. ; GREGORIO, M. N. C. ; NASCIMENTO, E. S. ; GORSDORF, L. . Por dentro da REURB &#8211; conhecendo os passos para a regulariza\u00e7\u00e3o fundi\u00e1ria e o reconhecimento do direito \u00e0 moradia. 1. ed. Curitiba: Formas de Habitar: Lahurb UFPR; Laba &#8211; Direito espa\u00e7o e pol\u00edtica; CCons: Centro de Estudos Constituc, 2020. v. 1. 35p . <a href=\"https:\/\/tecnologia.ufpr.br\/lahurb\/publicacoes\/cartilha-reurb-s-final-paginas-individuais\/\" rel=\"attachment wp-att-3384\">CARTILHA REURB S <\/a><\/p>\n<h4>Cadernos de Extens\u00e3o do Lahurb<\/h4>\n<p>SILVA, Madianita Nunes da (org). Cadernos de extens\u00e3o do Lahurb. A experi\u00eancia do Plano de Desenvolvimento Urbano Comunit\u00e1rio para o bairro Caximba &#8211; Curitiba, 2020. <a href=\"https:\/\/tecnologia.ufpr.br\/lahurb\/publicacoes\/caderno-pduc-v09-07-2020-para-isbn-ficha\/\" rel=\"attachment wp-att-3380\">caderno-pduc v09-07-2020\u00a0<\/a><\/p>\n<h4>Urbaniza\u00e7\u00e3o de favelas no Brasil: trajet\u00f3rias de pol\u00edticas municipais<\/h4>\n<p>NUNES DA SILVA, Madianita;\u00a0CARDOSO, A. L.\u00a0(Org.) ;\u00a0DENALDI, R.\u00a0(Org.) . Urbaniza\u00e7\u00e3o de favelas no Brasil: trajet\u00f3rias de pol\u00edticas municipais. 1. ed. Rio de Janeiro: Letra Capital, 2022. 398p .<\/p>\n<p><a href=\"https:\/\/drive.google.com\/file\/d\/1U4Yjr0KeBAC556iskt68vkpVE99YBbpc\/view\">https:\/\/drive.google.com\/file\/d\/1U4Yjr0KeBAC556iskt68vkpVE99YBbpc\/view<\/a><\/p>\n<h4>Cartografias da mem\u00f3ria da popula\u00e7\u00e3o negra e possibilidades para repensar as pr\u00e1ticas de registro e conserva\u00e7\u00e3o do patrim\u00f4nio moderno: roteiro linha preta<\/h4>\n<p>MAZIVIERO, M. C.; ALMEIDA, E. (Org.) ; IMBRONITO, M. I. (Org.) ; NASCIMENTO, G. M. (Org.) . Cartografias da mem\u00f3ria da popula\u00e7\u00e3o negra e possibilidades para repensar as pr\u00e1ticas de registro e conserva\u00e7\u00e3o do patrim\u00f4nio moderno: roteiro linha preta. In: Cole\u00e7\u00e3o Oficinas Culturais 7\u00ba Docomomo SP. 1. ed. S\u00c3O PAULO: 7\u00ba DOCOMOMO SP, 2020. v. 1. 63p .<\/p>\n<h4>Sustentabilidade urbana: processo espacial e socioambiental<\/h4>\n<p>Cristina ARAUJO-LIMA. Sustentabilidade urbana: processo espacial e socioambiental. 1. ed. Curitiba: UFPR &#8211; Setor de Tecnologia, 2020. v. 200. 422p .<\/p>\n<p><a href=\"https:\/\/tecnologia.ufpr.br\/lahurb\/publicacoes\/livro_sustentab_araujo-lima\/\" rel=\"attachment wp-att-3545\">LIVRO_Sustentab_ARAUJO-LIMA<\/a><\/p>\n<h4>Mobilidade urbana: Abordagem multidisciplinar<\/h4>\n<p>ARAUJO-LIMA, Cristina. Mobilidade Urbana: Abordagem Multidisciplinar. 1. ed. Curitiba &#8211; Paran\u00e1: Setor de Tecnologia da Universidade Federal do Paran\u00e1, 2019. v. 500. 335p .<\/p>\n<p><a href=\"https:\/\/tecnologia.ufpr.br\/lahurb\/publicacoes\/ebook_mobilidade-urbana_isbn_1docx\/\" rel=\"attachment wp-att-3546\">MOBILIDADE URBANA<\/a><\/p>\n<h3>Relat\u00f3rios de Pesquisa<\/h3>\n<hr \/>\n<h4><strong>Direito \u00e0 Cidade e Habita\u00e7\u00e3o: condicionantes institucionais e normativas para a implementa\u00e7\u00e3o de pol\u00edticas (programas e projetos) de urbaniza\u00e7\u00e3o de favelas &#8211; avalia\u00e7\u00e3o do ciclo recente.<\/strong><\/h4>\n<h5>Coordena\u00e7\u00e3o:\u00a0 Profa. Dra. Madianita Nunes da Silva (UFPR) e Prof. Dr. Adauto L\u00facio Cardoso (UFRJ).<\/h5>\n<p>A pesquisa tem como objetivo avaliar as condicionantes institucionais e normativas para a execu\u00e7\u00e3o de pol\u00edticas (programas e projetos) de urbaniza\u00e7\u00e3o de favelas no ciclo recente no Brasil, e \u00e9 desenvolvida no \u00e2mbito da rede nacional de pesquisa vinculada ao INCT Observat\u00f3rio das Metr\u00f3poles, Projeto \u201cAs Metr\u00f3poles e o Direito \u00e0 Cidade na Inflex\u00e3o da Ordem Urbana Brasileira\u201d, subprojeto \u201cDireito \u00e0 Cidade e Habita\u00e7\u00e3o. Os pesquisadores que participam da investiga\u00e7\u00e3o est\u00e3o vinculados \u00e0 oito universidades, Universidade Federal do Cear\u00e1 (UFC), Universidade Federal de Campina Grande (UFCG), Universidade Federal de Pernambuco (UFPE), Universidade Federal de Minas Gerais (UFMG), Universidade Federal do Rio de Janeiro (UFRJ), Universidade Federal do ABC (UFABC), Universidade Federal do Paran\u00e1 (UFPR), e Universidade Federal de Pelotas (UFPEL).\u00a0\u00a0<\/p>\n<p>Link para os relat\u00f3rios finais da pesquisa.<\/p>\n<p><a href=\"https:\/\/drive.google.com\/drive\/folders\/13DYDPzdAm22WOOGyCfOtQeK-Pi7MDExF?usp=sharing\">https:\/\/drive.google.com\/drive\/folders\/13DYDPzdAm22WOOGyCfOtQeK-Pi7MDExF?usp=sharing<\/a>\u00a0<\/p>\n<h6 style=\"padding-left: 60px\">\u00a0<\/h6>\n<p style=\"padding-left: 60px\">&#8211;<\/p>\n<\/div><\/div>\n\n\n\n<p><\/p>\n","protected":false},"excerpt":{"rendered":"<p>Artigos 2001 2007 2008 2009 2012 2014 2015 2016 2017 2018 2020 2021 2022 \u00a0 Livros Sete princ\u00edpios para um pr\u00f3ximo urbanismo PEREIRA, G.; W\u00dcTRICH, F. (org.). Sete princ\u00edpios para um pr\u00f3ximo urbanismo. Curitiba: Setor de Tecnologia da UFPR, 2018.Sete princ\u00edpios para um pr\u00f3ximo urbanismo Por Dentro da REURB MAZIVIERO, M. C.; PEDROZO, A. ; [&hellip;]<\/p>\n","protected":false},"author":1047,"featured_media":0,"parent":0,"menu_order":0,"comment_status":"closed","ping_status":"closed","template":"","meta":{"footnotes":""},"_links":{"self":[{"href":"https:\/\/tecnologia.ufpr.br\/lahurb\/wp-json\/wp\/v2\/pages\/943"}],"collection":[{"href":"https:\/\/tecnologia.ufpr.br\/lahurb\/wp-json\/wp\/v2\/pages"}],"about":[{"href":"https:\/\/tecnologia.ufpr.br\/lahurb\/wp-json\/wp\/v2\/types\/page"}],"author":[{"embeddable":true,"href":"https:\/\/tecnologia.ufpr.br\/lahurb\/wp-json\/wp\/v2\/users\/1047"}],"replies":[{"embeddable":true,"href":"https:\/\/tecnologia.ufpr.br\/lahurb\/wp-json\/wp\/v2\/comments?post=943"}],"version-history":[{"count":121,"href":"https:\/\/tecnologia.ufpr.br\/lahurb\/wp-json\/wp\/v2\/pages\/943\/revisions"}],"predecessor-version":[{"id":3547,"href":"https:\/\/tecnologia.ufpr.br\/lahurb\/wp-json\/wp\/v2\/pages\/943\/revisions\/3547"}],"wp:attachment":[{"href":"https:\/\/tecnologia.ufpr.br\/lahurb\/wp-json\/wp\/v2\/media?parent=943"}],"curies":[{"name":"wp","href":"https:\/\/api.w.org\/{rel}","templated":true}]}}