{"id":3519,"date":"2022-08-08T15:35:18","date_gmt":"2022-08-08T18:35:18","guid":{"rendered":"https:\/\/tecnologia.ufpr.br\/lahurb\/?page_id=3519"},"modified":"2022-08-08T15:38:07","modified_gmt":"2022-08-08T18:38:07","slug":"2022-3","status":"publish","type":"page","link":"https:\/\/tecnologia.ufpr.br\/lahurb\/2022-3\/","title":{"rendered":"2022"},"content":{"rendered":"\n<h4 class=\"wp-block-heading\"><strong>Cristina Ara\u00fajo de Lima<\/strong><\/h4>\n\n\n\n<p>FARIA, H. M. ;\u00a0ARAUJO-LIMA, Cristina\u00a0. Urban space living in a changing city: sidewalks of Curitiba \/ Espa\u00e7o urbano para viver numa cidade em mudan\u00e7a: cal\u00e7adas de Curitiba. Brazilian Journal of Development, v. 8, p. 28326-28340, 2022.<\/p>\n","protected":false},"excerpt":{"rendered":"<p>Cristina Ara\u00fajo de Lima FARIA, H. M. ;\u00a0ARAUJO-LIMA, Cristina\u00a0. Urban space living in a changing city: sidewalks of Curitiba \/ Espa\u00e7o urbano para viver numa cidade em mudan\u00e7a: cal\u00e7adas de Curitiba. Brazilian Journal of Development, v. 8, p. 28326-28340, 2022.<\/p>\n","protected":false},"author":1047,"featured_media":0,"parent":0,"menu_order":0,"comment_status":"closed","ping_status":"closed","template":"","meta":{"footnotes":""},"_links":{"self":[{"href":"https:\/\/tecnologia.ufpr.br\/lahurb\/wp-json\/wp\/v2\/pages\/3519"}],"collection":[{"href":"https:\/\/tecnologia.ufpr.br\/lahurb\/wp-json\/wp\/v2\/pages"}],"about":[{"href":"https:\/\/tecnologia.ufpr.br\/lahurb\/wp-json\/wp\/v2\/types\/page"}],"author":[{"embeddable":true,"href":"https:\/\/tecnologia.ufpr.br\/lahurb\/wp-json\/wp\/v2\/users\/1047"}],"replies":[{"embeddable":true,"href":"https:\/\/tecnologia.ufpr.br\/lahurb\/wp-json\/wp\/v2\/comments?post=3519"}],"version-history":[{"count":3,"href":"https:\/\/tecnologia.ufpr.br\/lahurb\/wp-json\/wp\/v2\/pages\/3519\/revisions"}],"predecessor-version":[{"id":3525,"href":"https:\/\/tecnologia.ufpr.br\/lahurb\/wp-json\/wp\/v2\/pages\/3519\/revisions\/3525"}],"wp:attachment":[{"href":"https:\/\/tecnologia.ufpr.br\/lahurb\/wp-json\/wp\/v2\/media?parent=3519"}],"curies":[{"name":"wp","href":"https:\/\/api.w.org\/{rel}","templated":true}]}}