{"id":3469,"date":"2022-08-08T14:10:58","date_gmt":"2022-08-08T17:10:58","guid":{"rendered":"https:\/\/tecnologia.ufpr.br\/lahurb\/?page_id=3469"},"modified":"2022-08-08T15:40:41","modified_gmt":"2022-08-08T18:40:41","slug":"2020-2","status":"publish","type":"page","link":"https:\/\/tecnologia.ufpr.br\/lahurb\/2020-2\/","title":{"rendered":"2020"},"content":{"rendered":"\n<h4 class=\"wp-block-heading\">Cristina Ara\u00fajo de Lima<\/h4>\n\n\n\n<p>FORTUNATO, RAFAELA ANTUNES ;\u00a0LIMA, CRISTINA ARA\u00daJO\u00a0; PRIORI, LIVIA . COVID-19 no Brasil: a evolu\u00e7\u00e3o da doen\u00e7a num cen\u00e1rio de desigualdades sociais. Middle Atlantic Review of Latin American Studies, v. 4, p. 26-30, 2020.<\/p>\n\n\n\n<p>MOTTA, A. C. S. ;\u00a0Cristina ARAUJO-LIMA\u00a0. CAMPUS UNIVERSIT\u00c1RIO E CIDADE: DISCUTINDO INTEGRA\u00c7\u00c3O E ACESSIBILIDADE EM CASOS DE UNIVERSIDADE BRASILEIRA E SUECA COM REPERCUSS\u00d5ES SOCIOESPACIAIS. Brazilian Journal of Development, v. 6, p. 103351\/745-103372, 2020.<\/p>\n\n\n\n<h4 class=\"wp-block-heading\">Madianita Nunes da Silva<\/h4>\n\n\n\n<p>L. S.&nbsp;. MORADIA COMO FUN\u00c7\u00c3O P\u00daBLICA DE INTERESSE COMUM: REFLEX\u00d5ES A PARTIR DA REALIDADE METROPOLITANA DE CURITIBA. BOLETIM DE GEOGRAFIA (UEM), v. 37, p. 51-70, 2020.<\/p>\n\n\n\n<h4 class=\"wp-block-heading\">Maria Carolina Maziviero<\/h4>\n\n\n\n<p>MAZIVIERO, M. C.; SANDLER, D. . A a\u00e7\u00e3o direta como mecanismo para enfrentamento da Gentrifica\u00e7\u00e3o: possibilidades e limites. ARQ.URB, v. 28, p. 175-199, 2020.<\/p>\n\n\n\n<p><\/p>\n","protected":false},"excerpt":{"rendered":"<p>Cristina Ara\u00fajo de Lima FORTUNATO, RAFAELA ANTUNES ;\u00a0LIMA, CRISTINA ARA\u00daJO\u00a0; PRIORI, LIVIA . COVID-19 no Brasil: a evolu\u00e7\u00e3o da doen\u00e7a num cen\u00e1rio de desigualdades sociais. Middle Atlantic Review of Latin American Studies, v. 4, p. 26-30, 2020. MOTTA, A. C. S. ;\u00a0Cristina ARAUJO-LIMA\u00a0. CAMPUS UNIVERSIT\u00c1RIO E CIDADE: DISCUTINDO INTEGRA\u00c7\u00c3O E ACESSIBILIDADE EM CASOS DE UNIVERSIDADE [&hellip;]<\/p>\n","protected":false},"author":1047,"featured_media":0,"parent":0,"menu_order":0,"comment_status":"closed","ping_status":"closed","template":"","meta":{"footnotes":""},"_links":{"self":[{"href":"https:\/\/tecnologia.ufpr.br\/lahurb\/wp-json\/wp\/v2\/pages\/3469"}],"collection":[{"href":"https:\/\/tecnologia.ufpr.br\/lahurb\/wp-json\/wp\/v2\/pages"}],"about":[{"href":"https:\/\/tecnologia.ufpr.br\/lahurb\/wp-json\/wp\/v2\/types\/page"}],"author":[{"embeddable":true,"href":"https:\/\/tecnologia.ufpr.br\/lahurb\/wp-json\/wp\/v2\/users\/1047"}],"replies":[{"embeddable":true,"href":"https:\/\/tecnologia.ufpr.br\/lahurb\/wp-json\/wp\/v2\/comments?post=3469"}],"version-history":[{"count":5,"href":"https:\/\/tecnologia.ufpr.br\/lahurb\/wp-json\/wp\/v2\/pages\/3469\/revisions"}],"predecessor-version":[{"id":3528,"href":"https:\/\/tecnologia.ufpr.br\/lahurb\/wp-json\/wp\/v2\/pages\/3469\/revisions\/3528"}],"wp:attachment":[{"href":"https:\/\/tecnologia.ufpr.br\/lahurb\/wp-json\/wp\/v2\/media?parent=3469"}],"curies":[{"name":"wp","href":"https:\/\/api.w.org\/{rel}","templated":true}]}}