{"id":3455,"date":"2022-08-08T14:00:44","date_gmt":"2022-08-08T17:00:44","guid":{"rendered":"https:\/\/tecnologia.ufpr.br\/lahurb\/?page_id=3455"},"modified":"2022-08-10T08:31:03","modified_gmt":"2022-08-10T11:31:03","slug":"2022-2","status":"publish","type":"page","link":"https:\/\/tecnologia.ufpr.br\/lahurb\/2022-2\/","title":{"rendered":"2021"},"content":{"rendered":"\n<h4 class=\"wp-block-heading\"><strong>Cristina Ara\u00fajo de Lima<\/strong><\/h4>\n\n\n\n<p>FORTUNATO, R. A.&nbsp;;&nbsp;ARAUJO-LIMA, Cristina&nbsp;; GONCALVES, L. P. . PROCESSOS URBANOS RELACIONADOS: PERIFERIZA\u00c7\u00c3O E PRODU\u00c7\u00c3O DE HABITA\u00c7\u00c3O SOCIAL NO N\u00daCLEO DA REGI\u00c3O METROPOLITANA DE CURITIBA PELO PROGRAMA MINHA CASA MINHA VIDA. DIREITO DA CIDADE, v. 13, p. 1239-1268, 2021.<\/p>\n\n\n\n<p>PAES, C. F. C. ;&nbsp;<strong>Cristina ARAUJO-LIMA<\/strong>&nbsp;; SANTOS, V. A. . A sustentabilidade dos sistemas de transporte p\u00fablico sob a \u00f3tica da forma urbana: um m\u00e9todo aplicado ao Eixo Anhanguera em Goi\u00e2nia &#8211; GO. PERI\u00d3DICO T\u00c9CNICO E CIENT\u00cdFICO CIDADES VERDES, v. 9, p. 106-124, 2021.<\/p>\n\n\n\n<h4 class=\"wp-block-heading\"><strong>Madianita Nunes da Silva<\/strong><\/h4>\n\n\n\n<p>NUNES DA SILVA, Madianita;&nbsp;SILVA, M. B. L.&nbsp;;&nbsp;VASCO, K. M. C. M.&nbsp;;&nbsp;FURLAN, D. L. S.&nbsp;;&nbsp;TEXEIRA, A. G.&nbsp;;&nbsp;CORREIA, A. D. A.&nbsp;. Interven\u00e7\u00e3o em favelas na d\u00e9cada de 1980 em Curitiba e a emerg\u00eancia de outro paradigma em est\u00e1gio embrion\u00e1rio. URBE. REVISTA BRASILEIRA DE GEST\u00c3O URBANA, v. 13, p. 1-14, 2021.<\/p>\n\n\n\n<h4 class=\"wp-block-heading\">Marcelo Caetano Andreoli<\/h4>\n\n\n\n<p>ULTRAMARI, C. ;&nbsp;ANDREOLI, M. C.&nbsp;. A favela brasileira sexagen\u00e1ria. REVISTA PRODU\u00c7\u00c3O E DESENVOLVIMENTO, v. 7, p. 1-10, 2021.<\/p>\n\n\n\n<h4 class=\"wp-block-heading\">Maria Carolina Maziviero<\/h4>\n\n\n\n<p>MAZIVIERO, M. C.; REYES, A. ; MCELROY, E. . Intensification of, and responses to, housing struggles in Brazil under the Covid-19 pandemic. Radical Housing Journal, v. 5, p. 1, 2021.<\/p>\n\n\n\n<p>JANKOWSKI, B. M. K. ;&nbsp;MAZIVIERO, M. C.&nbsp;. PLANOS E POL\u00cdTICAS URBANAS RELACIONADAS \u00c0 MOBILIDADE ATIVA EM CURITIBA: O potencial pouco explorado do bairro Centro [URBAN PLANS AND POLICIES RELATED TO ACTIVE MOBILITY IN CURITIBA: The underexplored potential of the neighborhood Centro].. Revistes UPC &#8211; UPC Commons, v. 12, p. 1-16, 2021.<\/p>\n\n\n\n<p>Link para acesso: https:\/\/upcommons.upc.edu\/bitstream\/handle\/2117\/336500\/9954-11097-1-SM.pdf?sequence=1&amp;isAllowed=y <\/p>\n","protected":false},"excerpt":{"rendered":"<p>Cristina Ara\u00fajo de Lima FORTUNATO, R. A.&nbsp;;&nbsp;ARAUJO-LIMA, Cristina&nbsp;; GONCALVES, L. P. . PROCESSOS URBANOS RELACIONADOS: PERIFERIZA\u00c7\u00c3O E PRODU\u00c7\u00c3O DE HABITA\u00c7\u00c3O SOCIAL NO N\u00daCLEO DA REGI\u00c3O METROPOLITANA DE CURITIBA PELO PROGRAMA MINHA CASA MINHA VIDA. DIREITO DA CIDADE, v. 13, p. 1239-1268, 2021. PAES, C. F. C. ;&nbsp;Cristina ARAUJO-LIMA&nbsp;; SANTOS, V. A. . A sustentabilidade dos [&hellip;]<\/p>\n","protected":false},"author":1047,"featured_media":0,"parent":0,"menu_order":0,"comment_status":"closed","ping_status":"closed","template":"","meta":{"footnotes":""},"_links":{"self":[{"href":"https:\/\/tecnologia.ufpr.br\/lahurb\/wp-json\/wp\/v2\/pages\/3455"}],"collection":[{"href":"https:\/\/tecnologia.ufpr.br\/lahurb\/wp-json\/wp\/v2\/pages"}],"about":[{"href":"https:\/\/tecnologia.ufpr.br\/lahurb\/wp-json\/wp\/v2\/types\/page"}],"author":[{"embeddable":true,"href":"https:\/\/tecnologia.ufpr.br\/lahurb\/wp-json\/wp\/v2\/users\/1047"}],"replies":[{"embeddable":true,"href":"https:\/\/tecnologia.ufpr.br\/lahurb\/wp-json\/wp\/v2\/comments?post=3455"}],"version-history":[{"count":14,"href":"https:\/\/tecnologia.ufpr.br\/lahurb\/wp-json\/wp\/v2\/pages\/3455\/revisions"}],"predecessor-version":[{"id":3543,"href":"https:\/\/tecnologia.ufpr.br\/lahurb\/wp-json\/wp\/v2\/pages\/3455\/revisions\/3543"}],"wp:attachment":[{"href":"https:\/\/tecnologia.ufpr.br\/lahurb\/wp-json\/wp\/v2\/media?parent=3455"}],"curies":[{"name":"wp","href":"https:\/\/api.w.org\/{rel}","templated":true}]}}