{"id":3323,"date":"2019-12-05T14:17:13","date_gmt":"2019-12-05T17:17:13","guid":{"rendered":"https:\/\/tecnologia.ufpr.br\/lahurb\/?page_id=3323"},"modified":"2019-12-05T16:07:01","modified_gmt":"2019-12-05T19:07:01","slug":"planejamento-urbano-e-regional-ll-2019","status":"publish","type":"page","link":"https:\/\/tecnologia.ufpr.br\/lahurb\/planejamento-urbano-e-regional-ll-2019\/","title":{"rendered":"Planejamento Urbano e Regional ll &#8211; 2019"},"content":{"rendered":"<p>Nesta atividade, os discentes deveriam propor um plano diretor para Curitiba e quais seriam as formas de divulga\u00e7\u00e3o desse.<\/p>\n<p>Fotos da proposta da equipe: Andressa Almeida, Brenda Mendes, Felipe Tibes, Ta\u00eds Sestrem, Juliana Shi.<\/p>\n<p><a href=\"https:\/\/tecnologia.ufpr.br\/lahurb\/?attachment_id=3331\" rel=\"attachment wp-att-3331\"><img loading=\"lazy\" decoding=\"async\" class=\"wp-image-3331 size-medium\" src=\"https:\/\/tecnologia.ufpr.br\/lahurb\/wp-content\/uploads\/sites\/31\/2019\/12\/image6-1-225x300.jpeg\" alt=\"\" width=\"225\" height=\"300\" srcset=\"https:\/\/tecnologia.ufpr.br\/lahurb\/wp-content\/uploads\/sites\/31\/2019\/12\/image6-1-225x300.jpeg 225w, https:\/\/tecnologia.ufpr.br\/lahurb\/wp-content\/uploads\/sites\/31\/2019\/12\/image6-1-768x1024.jpeg 768w, https:\/\/tecnologia.ufpr.br\/lahurb\/wp-content\/uploads\/sites\/31\/2019\/12\/image6-1-90x120.jpeg 90w\" sizes=\"(max-width: 225px) 100vw, 225px\" \/><\/a><\/p>\n<p><a href=\"https:\/\/tecnologia.ufpr.br\/lahurb\/?attachment_id=3333\" rel=\"attachment wp-att-3333\"><img loading=\"lazy\" decoding=\"async\" class=\"wp-image-3333 size-medium\" src=\"https:\/\/tecnologia.ufpr.br\/lahurb\/wp-content\/uploads\/sites\/31\/2019\/12\/image2-1-225x300.jpeg\" alt=\"\" width=\"225\" height=\"300\" srcset=\"https:\/\/tecnologia.ufpr.br\/lahurb\/wp-content\/uploads\/sites\/31\/2019\/12\/image2-1-225x300.jpeg 225w, https:\/\/tecnologia.ufpr.br\/lahurb\/wp-content\/uploads\/sites\/31\/2019\/12\/image2-1-768x1024.jpeg 768w, https:\/\/tecnologia.ufpr.br\/lahurb\/wp-content\/uploads\/sites\/31\/2019\/12\/image2-1-90x120.jpeg 90w\" sizes=\"(max-width: 225px) 100vw, 225px\" \/><\/a><\/p>\n<p><a href=\"https:\/\/tecnologia.ufpr.br\/lahurb\/?attachment_id=3330\" rel=\"attachment wp-att-3330\"><img loading=\"lazy\" decoding=\"async\" class=\"wp-image-3330 size-medium\" src=\"https:\/\/tecnologia.ufpr.br\/lahurb\/wp-content\/uploads\/sites\/31\/2019\/12\/image3-1-300x225.jpeg\" alt=\"\" width=\"300\" height=\"225\" srcset=\"https:\/\/tecnologia.ufpr.br\/lahurb\/wp-content\/uploads\/sites\/31\/2019\/12\/image3-1-300x225.jpeg 300w, https:\/\/tecnologia.ufpr.br\/lahurb\/wp-content\/uploads\/sites\/31\/2019\/12\/image3-1-768x576.jpeg 768w, https:\/\/tecnologia.ufpr.br\/lahurb\/wp-content\/uploads\/sites\/31\/2019\/12\/image3-1-1024x768.jpeg 1024w, https:\/\/tecnologia.ufpr.br\/lahurb\/wp-content\/uploads\/sites\/31\/2019\/12\/image3-1-160x120.jpeg 160w\" sizes=\"(max-width: 300px) 100vw, 300px\" \/><\/a><\/p>\n<p style=\"padding-left: 30px\"><a href=\"https:\/\/tecnologia.ufpr.br\/lahurb\/?attachment_id=3329\" rel=\"attachment wp-att-3329\"><img loading=\"lazy\" decoding=\"async\" class=\"wp-image-3329 size-medium aligncenter\" src=\"https:\/\/tecnologia.ufpr.br\/lahurb\/wp-content\/uploads\/sites\/31\/2019\/12\/image4-1-225x300.jpeg\" alt=\"\" width=\"225\" height=\"300\" srcset=\"https:\/\/tecnologia.ufpr.br\/lahurb\/wp-content\/uploads\/sites\/31\/2019\/12\/image4-1-225x300.jpeg 225w, https:\/\/tecnologia.ufpr.br\/lahurb\/wp-content\/uploads\/sites\/31\/2019\/12\/image4-1-768x1024.jpeg 768w, https:\/\/tecnologia.ufpr.br\/lahurb\/wp-content\/uploads\/sites\/31\/2019\/12\/image4-1-90x120.jpeg 90w\" sizes=\"(max-width: 225px) 100vw, 225px\" \/><\/a><\/p>\n","protected":false},"excerpt":{"rendered":"<p>Nesta atividade, os discentes deveriam propor um plano diretor para Curitiba e quais seriam as formas de divulga\u00e7\u00e3o desse. Fotos da proposta da equipe: Andressa Almeida, Brenda Mendes, Felipe Tibes, Ta\u00eds Sestrem, Juliana Shi.<\/p>\n","protected":false},"author":1047,"featured_media":0,"parent":0,"menu_order":0,"comment_status":"closed","ping_status":"closed","template":"","meta":{"footnotes":""},"_links":{"self":[{"href":"https:\/\/tecnologia.ufpr.br\/lahurb\/wp-json\/wp\/v2\/pages\/3323"}],"collection":[{"href":"https:\/\/tecnologia.ufpr.br\/lahurb\/wp-json\/wp\/v2\/pages"}],"about":[{"href":"https:\/\/tecnologia.ufpr.br\/lahurb\/wp-json\/wp\/v2\/types\/page"}],"author":[{"embeddable":true,"href":"https:\/\/tecnologia.ufpr.br\/lahurb\/wp-json\/wp\/v2\/users\/1047"}],"replies":[{"embeddable":true,"href":"https:\/\/tecnologia.ufpr.br\/lahurb\/wp-json\/wp\/v2\/comments?post=3323"}],"version-history":[{"count":7,"href":"https:\/\/tecnologia.ufpr.br\/lahurb\/wp-json\/wp\/v2\/pages\/3323\/revisions"}],"predecessor-version":[{"id":3349,"href":"https:\/\/tecnologia.ufpr.br\/lahurb\/wp-json\/wp\/v2\/pages\/3323\/revisions\/3349"}],"wp:attachment":[{"href":"https:\/\/tecnologia.ufpr.br\/lahurb\/wp-json\/wp\/v2\/media?parent=3323"}],"curies":[{"name":"wp","href":"https:\/\/api.w.org\/{rel}","templated":true}]}}