{"id":2860,"date":"2019-07-08T13:20:32","date_gmt":"2019-07-08T16:20:32","guid":{"rendered":"https:\/\/tecnologia.ufpr.br\/lahurb\/?page_id=2860"},"modified":"2019-07-08T13:20:32","modified_gmt":"2019-07-08T16:20:32","slug":"plano-de-expansao-urbana-e-integracao-com-a-universidade-federal-da-fronteira-sul-uffs","status":"publish","type":"page","link":"https:\/\/tecnologia.ufpr.br\/lahurb\/plano-de-expansao-urbana-e-integracao-com-a-universidade-federal-da-fronteira-sul-uffs\/","title":{"rendered":"Plano de expans\u00e3o urbana e integra\u00e7\u00e3o com a Universidade Federal da Fronteira Sul &#8211; UFFS"},"content":{"rendered":"\n<div class=\"wp-block-file\"><a href=\"https:\/\/tecnologia.ufpr.br\/lahurb\/wp-content\/uploads\/sites\/31\/2019\/07\/AmandaMOTTA_PRANCHA_01.pdf\" target=\"_blank\" rel=\"noreferrer noopener\">PRANCHA 01<\/a><\/div>\n\n\n\n<div class=\"wp-block-file\"><a href=\"https:\/\/tecnologia.ufpr.br\/lahurb\/wp-content\/uploads\/sites\/31\/2019\/07\/AmandaMOTTA_PRANCHA_02.pdf\" target=\"_blank\" rel=\"noreferrer noopener\">PRANCHA 02<\/a><\/div>\n\n\n\n<div class=\"wp-block-file\"><a href=\"https:\/\/tecnologia.ufpr.br\/lahurb\/wp-content\/uploads\/sites\/31\/2019\/07\/AmandaMOTTA_PRANCHA_03.pdf\" target=\"_blank\" rel=\"noreferrer noopener\">PRANCHA 03<\/a><\/div>\n\n\n\n<div class=\"wp-block-file\"><a href=\"https:\/\/tecnologia.ufpr.br\/lahurb\/wp-content\/uploads\/sites\/31\/2019\/07\/AmandaMOTTA_PRANCHA_04-1.pdf\" target=\"_blank\" rel=\"noreferrer noopener\">PRANCHA 04<\/a><\/div>\n\n\n\n<div class=\"wp-block-file\"><a href=\"https:\/\/tecnologia.ufpr.br\/lahurb\/wp-content\/uploads\/sites\/31\/2019\/07\/AmandaMOTTA_PRANCHA_05.pdf\" target=\"_blank\" rel=\"noreferrer noopener\">PRANCHA 05<\/a><\/div>\n\n\n\n<div class=\"wp-block-file\"><a href=\"https:\/\/tecnologia.ufpr.br\/lahurb\/wp-content\/uploads\/sites\/31\/2019\/07\/AmandaMOTTA_PRANCHA_06-1.pdf\" target=\"_blank\" rel=\"noreferrer noopener\">PRANCHA 06<\/a><\/div>\n","protected":false},"excerpt":{"rendered":"","protected":false},"author":1047,"featured_media":0,"parent":0,"menu_order":0,"comment_status":"closed","ping_status":"closed","template":"","meta":{"footnotes":""},"_links":{"self":[{"href":"https:\/\/tecnologia.ufpr.br\/lahurb\/wp-json\/wp\/v2\/pages\/2860"}],"collection":[{"href":"https:\/\/tecnologia.ufpr.br\/lahurb\/wp-json\/wp\/v2\/pages"}],"about":[{"href":"https:\/\/tecnologia.ufpr.br\/lahurb\/wp-json\/wp\/v2\/types\/page"}],"author":[{"embeddable":true,"href":"https:\/\/tecnologia.ufpr.br\/lahurb\/wp-json\/wp\/v2\/users\/1047"}],"replies":[{"embeddable":true,"href":"https:\/\/tecnologia.ufpr.br\/lahurb\/wp-json\/wp\/v2\/comments?post=2860"}],"version-history":[{"count":1,"href":"https:\/\/tecnologia.ufpr.br\/lahurb\/wp-json\/wp\/v2\/pages\/2860\/revisions"}],"predecessor-version":[{"id":2890,"href":"https:\/\/tecnologia.ufpr.br\/lahurb\/wp-json\/wp\/v2\/pages\/2860\/revisions\/2890"}],"wp:attachment":[{"href":"https:\/\/tecnologia.ufpr.br\/lahurb\/wp-json\/wp\/v2\/media?parent=2860"}],"curies":[{"name":"wp","href":"https:\/\/api.w.org\/{rel}","templated":true}]}}