{"id":2677,"date":"2019-07-03T12:57:19","date_gmt":"2019-07-03T15:57:19","guid":{"rendered":"https:\/\/tecnologia.ufpr.br\/lahurb\/?page_id=2677"},"modified":"2019-09-18T16:21:38","modified_gmt":"2019-09-18T19:21:38","slug":"2019-2","status":"publish","type":"page","link":"https:\/\/tecnologia.ufpr.br\/lahurb\/2019-2\/","title":{"rendered":"2019"},"content":{"rendered":"\n<p><a href=\"https:\/\/tecnologia.ufpr.br\/lahurb\/o-vazio-como-espaco-potencial-para-a-agricultura-urbana-possibilidades-em-curitiba-pr\/\">O Vazio como Espa\u00e7o Potencial para a Agricultura Urbana: Possibilidades em Curitiba &#8211; PR<\/a><\/p>\n\n\n\n<p><a href=\"https:\/\/tecnologia.ufpr.br\/lahurb\/drenagem-urbana-uma-alternativa-para-espacos-publicos-na-prevencao-de-inundacoes-em-joinville-sc\/\">Drenagem Urbana: Uma Alternativa para Espa\u00e7os P\u00fablicos na Preven\u00e7\u00e3o de Inunda\u00e7\u00f5es em Joinville, SC<\/a><\/p>\n","protected":false},"excerpt":{"rendered":"<p>O Vazio como Espa\u00e7o Potencial para a Agricultura Urbana: Possibilidades em Curitiba &#8211; PR Drenagem Urbana: Uma Alternativa para Espa\u00e7os P\u00fablicos na Preven\u00e7\u00e3o de Inunda\u00e7\u00f5es em Joinville, SC<\/p>\n","protected":false},"author":1047,"featured_media":0,"parent":0,"menu_order":0,"comment_status":"closed","ping_status":"closed","template":"","meta":{"footnotes":""},"_links":{"self":[{"href":"https:\/\/tecnologia.ufpr.br\/lahurb\/wp-json\/wp\/v2\/pages\/2677"}],"collection":[{"href":"https:\/\/tecnologia.ufpr.br\/lahurb\/wp-json\/wp\/v2\/pages"}],"about":[{"href":"https:\/\/tecnologia.ufpr.br\/lahurb\/wp-json\/wp\/v2\/types\/page"}],"author":[{"embeddable":true,"href":"https:\/\/tecnologia.ufpr.br\/lahurb\/wp-json\/wp\/v2\/users\/1047"}],"replies":[{"embeddable":true,"href":"https:\/\/tecnologia.ufpr.br\/lahurb\/wp-json\/wp\/v2\/comments?post=2677"}],"version-history":[{"count":12,"href":"https:\/\/tecnologia.ufpr.br\/lahurb\/wp-json\/wp\/v2\/pages\/2677\/revisions"}],"predecessor-version":[{"id":3253,"href":"https:\/\/tecnologia.ufpr.br\/lahurb\/wp-json\/wp\/v2\/pages\/2677\/revisions\/3253"}],"wp:attachment":[{"href":"https:\/\/tecnologia.ufpr.br\/lahurb\/wp-json\/wp\/v2\/media?parent=2677"}],"curies":[{"name":"wp","href":"https:\/\/api.w.org\/{rel}","templated":true}]}}