{"id":2515,"date":"2019-06-25T00:29:17","date_gmt":"2019-06-25T03:29:17","guid":{"rendered":"https:\/\/tecnologia.ufpr.br\/lahurb\/?page_id=2515"},"modified":"2019-07-08T13:25:07","modified_gmt":"2019-07-08T16:25:07","slug":"2017-4","status":"publish","type":"page","link":"https:\/\/tecnologia.ufpr.br\/lahurb\/2017-4\/","title":{"rendered":"2017"},"content":{"rendered":"\n<p><a rel=\"noreferrer noopener\" href=\"https:\/\/tecnologia.ufpr.br\/lahurb\/entre-os-limites-e-a-cidade-palno-de-requalificacao-da-porcao-leste-do-cajuru-utfpr-tfg\/\" target=\"_blank\">Entre os Limites e a cidade plano de requalifica\u00e7\u00e3o da por\u00e7\u00e3o leste do Cajuru &#8211; UTFPR<\/a><\/p>\n\n\n\n<p><a rel=\"noreferrer noopener\" href=\"https:\/\/tecnologia.ufpr.br\/lahurb\/espaco-seguro-desenho-urbano-como-estrategia-de-reducao-da-criminalidade-em-curitiba-tfg\/\" target=\"_blank\">Espa\u00e7o seguro &#8211; desenho urbano como estrat\u00e9gia de redu\u00e7\u00e3o da criminalidade em Curitiba<\/a><\/p>\n\n\n\n<p><a rel=\"noreferrer noopener\" href=\"https:\/\/tecnologia.ufpr.br\/lahurb\/wp-content\/uploads\/sites\/31\/2018\/08\/TFG_ARQUIVO-FINAL_ANDRE-DA-SOLER.compressed.pdf\" target=\"_blank\">Metodologia de planejamento urbano em cidades fronteiri\u00e7as<\/a><\/p>\n\n\n\n<p><a rel=\"noreferrer noopener\" href=\"https:\/\/tecnologia.ufpr.br\/lahurb\/wp-content\/uploads\/sites\/31\/2018\/08\/Pranchas-TFG-Monica_FINAL.pdf\" target=\"_blank\">Metodologia feminista de an\u00e1lise espacial para um meio urbano representativo<\/a><\/p>\n\n\n\n<p><a rel=\"noreferrer noopener\" href=\"https:\/\/tecnologia.ufpr.br\/lahurb\/wp-content\/uploads\/sites\/31\/2018\/08\/TFG_Felipe-Rossi-Ferreira-compressed.pdf\" target=\"_blank\">Para al\u00e9m do planejar &#8211; Proposta metodol\u00f3gica de planejamento urbano intercultural<\/a><\/p>\n\n\n\n<p><a rel=\"noreferrer noopener\" href=\"https:\/\/tecnologia.ufpr.br\/lahurb\/wp-content\/uploads\/sites\/31\/2018\/08\/PRANCHAS_MARIACLARAIURASCHAFASCHEK-compressed.pdf\" target=\"_blank\">Proposta metodol\u00f3gica de participa\u00e7\u00e3o para um planejamento autonomista<\/a><\/p>\n\n\n\n<p><a rel=\"noreferrer noopener\" href=\"https:\/\/tecnologia.ufpr.br\/lahurb\/reestruturacao-socioespacial-em-area-central-a-regiao-no-entorno-da-rua-professor-fernando-moreira-curitiba-tfg\/\" target=\"_blank\">Reestrutura\u00e7\u00e3o socioespacial em \u00e1rea central A regi\u00e3o no entorno da Rua Professor Fernando Moreira &#8211; Curitiba<\/a><\/p>\n\n\n\n<p><a rel=\"noreferrer noopener\" href=\"https:\/\/tecnologia.ufpr.br\/lahurb\/sistemas-de-mobilidade-como-instrumento-de-revitalizacao-urbana-tfg\/\" target=\"_blank\">Sistemas de mobilidade como instrumento de revitaliza\u00e7\u00e3o urbana<\/a><\/p>\n\n\n\n<p><a href=\"https:\/\/tecnologia.ufpr.br\/lahurb\/plano-de-expansao-urbana-e-integracao-com-a-universidade-federal-da-fronteira-sul-uffs\/\">Plano de expans\u00e3o urbana e integra\u00e7\u00e3o com a Universidade Federal da Fronteira Sul &#8211; UFFS:\u00a0munic\u00edpio\u00a0de\u00a0Laranjeiras\u00a0do\u00a0Sul\/PR<\/a><\/p>\n","protected":false},"excerpt":{"rendered":"<p>Entre os Limites e a cidade plano de requalifica\u00e7\u00e3o da por\u00e7\u00e3o leste do Cajuru &#8211; UTFPR Espa\u00e7o seguro &#8211; desenho urbano como estrat\u00e9gia de redu\u00e7\u00e3o da criminalidade em Curitiba Metodologia de planejamento urbano em cidades fronteiri\u00e7as Metodologia feminista de an\u00e1lise espacial para um meio urbano representativo Para al\u00e9m do planejar &#8211; Proposta metodol\u00f3gica de planejamento [&hellip;]<\/p>\n","protected":false},"author":1047,"featured_media":0,"parent":0,"menu_order":0,"comment_status":"closed","ping_status":"closed","template":"","meta":{"footnotes":""},"_links":{"self":[{"href":"https:\/\/tecnologia.ufpr.br\/lahurb\/wp-json\/wp\/v2\/pages\/2515"}],"collection":[{"href":"https:\/\/tecnologia.ufpr.br\/lahurb\/wp-json\/wp\/v2\/pages"}],"about":[{"href":"https:\/\/tecnologia.ufpr.br\/lahurb\/wp-json\/wp\/v2\/types\/page"}],"author":[{"embeddable":true,"href":"https:\/\/tecnologia.ufpr.br\/lahurb\/wp-json\/wp\/v2\/users\/1047"}],"replies":[{"embeddable":true,"href":"https:\/\/tecnologia.ufpr.br\/lahurb\/wp-json\/wp\/v2\/comments?post=2515"}],"version-history":[{"count":5,"href":"https:\/\/tecnologia.ufpr.br\/lahurb\/wp-json\/wp\/v2\/pages\/2515\/revisions"}],"predecessor-version":[{"id":2893,"href":"https:\/\/tecnologia.ufpr.br\/lahurb\/wp-json\/wp\/v2\/pages\/2515\/revisions\/2893"}],"wp:attachment":[{"href":"https:\/\/tecnologia.ufpr.br\/lahurb\/wp-json\/wp\/v2\/media?parent=2515"}],"curies":[{"name":"wp","href":"https:\/\/api.w.org\/{rel}","templated":true}]}}