{"id":2494,"date":"2019-06-25T00:01:30","date_gmt":"2019-06-25T03:01:30","guid":{"rendered":"https:\/\/tecnologia.ufpr.br\/lahurb\/?page_id=2494"},"modified":"2019-07-08T13:13:55","modified_gmt":"2019-07-08T16:13:55","slug":"2016-4","status":"publish","type":"page","link":"https:\/\/tecnologia.ufpr.br\/lahurb\/2016-4\/","title":{"rendered":"2016"},"content":{"rendered":"\n<p><a href=\"https:\/\/tecnologia.ufpr.br\/lahurb\/requalificacao-de-orla-maritima-matinhos-pr-tfg\/\" target=\"_blank\" rel=\"noreferrer noopener\">Requalifica\u00e7\u00e3o de Orla Mar\u00edtima (Matinhos &#8211; PR)<\/a><\/p>\n","protected":false},"excerpt":{"rendered":"<p>Requalifica\u00e7\u00e3o de Orla Mar\u00edtima (Matinhos &#8211; PR)<\/p>\n","protected":false},"author":1047,"featured_media":0,"parent":0,"menu_order":0,"comment_status":"closed","ping_status":"closed","template":"","meta":{"footnotes":""},"_links":{"self":[{"href":"https:\/\/tecnologia.ufpr.br\/lahurb\/wp-json\/wp\/v2\/pages\/2494"}],"collection":[{"href":"https:\/\/tecnologia.ufpr.br\/lahurb\/wp-json\/wp\/v2\/pages"}],"about":[{"href":"https:\/\/tecnologia.ufpr.br\/lahurb\/wp-json\/wp\/v2\/types\/page"}],"author":[{"embeddable":true,"href":"https:\/\/tecnologia.ufpr.br\/lahurb\/wp-json\/wp\/v2\/users\/1047"}],"replies":[{"embeddable":true,"href":"https:\/\/tecnologia.ufpr.br\/lahurb\/wp-json\/wp\/v2\/comments?post=2494"}],"version-history":[{"count":2,"href":"https:\/\/tecnologia.ufpr.br\/lahurb\/wp-json\/wp\/v2\/pages\/2494\/revisions"}],"predecessor-version":[{"id":2845,"href":"https:\/\/tecnologia.ufpr.br\/lahurb\/wp-json\/wp\/v2\/pages\/2494\/revisions\/2845"}],"wp:attachment":[{"href":"https:\/\/tecnologia.ufpr.br\/lahurb\/wp-json\/wp\/v2\/media?parent=2494"}],"curies":[{"name":"wp","href":"https:\/\/api.w.org\/{rel}","templated":true}]}}