{"id":2437,"date":"2019-06-24T23:23:01","date_gmt":"2019-06-25T02:23:01","guid":{"rendered":"https:\/\/tecnologia.ufpr.br\/lahurb\/?page_id=2437"},"modified":"2019-06-24T23:48:56","modified_gmt":"2019-06-25T02:48:56","slug":"2013-3","status":"publish","type":"page","link":"https:\/\/tecnologia.ufpr.br\/lahurb\/2013-3\/","title":{"rendered":"2013"},"content":{"rendered":"\n<p><a rel=\"noreferrer noopener\" href=\"https:\/\/tecnologia.ufpr.br\/lahurb\/projeto-de-reassentamento-para-a-villa-nova-costeira-sao-jose-dos-pinhais-tfg\/\" target=\"_blank\">Projeto de reassentamento para a Villa Nova Costeira &#8211; S\u00e3o Jos\u00e9 dos Pinhais<\/a><\/p>\n\n\n\n<p><a rel=\"noreferrer noopener\" href=\"https:\/\/tecnologia.ufpr.br\/lahurb\/condominios-horizontais-em-curitiba-pr-parametros-para-integracao-espacial-tfg\/\" target=\"_blank\">Condom\u00ednios horizontais em Curitiba (PR) &#8211; Par\u00e2metros para integra\u00e7\u00e3o espacial<\/a><\/p>\n\n\n\n<p><a rel=\"noreferrer noopener\" href=\"https:\/\/tecnologia.ufpr.br\/lahurb\/producao-de-habitacao-de-interesse-social-em-curitiba-pelo-programa-minha-casa-minha-vida-entre-2009-e-2012-tfg\/\" target=\"_blank\">Produ\u00e7\u00e3o de habita\u00e7\u00e3o de interesse social em Curitiba pelo Programa Minha Casa Minha Vida entre 2009 e 2012<\/a><\/p>\n\n\n\n<p><a href=\"https:\/\/tecnologia.ufpr.br\/lahurb\/terminal-urbano-de-integracao-de-transporte-publico-area-central-curitiba\/\" target=\"_blank\" rel=\"noreferrer noopener\">Terminal Urbano de integra\u00e7\u00e3o de transporte p\u00fablico: \u00e1rea central &#8211; Curitiba<\/a><\/p>\n","protected":false},"excerpt":{"rendered":"<p>Projeto de reassentamento para a Villa Nova Costeira &#8211; S\u00e3o Jos\u00e9 dos Pinhais Condom\u00ednios horizontais em Curitiba (PR) &#8211; Par\u00e2metros para integra\u00e7\u00e3o espacial Produ\u00e7\u00e3o de habita\u00e7\u00e3o de interesse social em Curitiba pelo Programa Minha Casa Minha Vida entre 2009 e 2012 Terminal Urbano de integra\u00e7\u00e3o de transporte p\u00fablico: \u00e1rea central &#8211; Curitiba<\/p>\n","protected":false},"author":1047,"featured_media":0,"parent":0,"menu_order":0,"comment_status":"closed","ping_status":"closed","template":"","meta":{"footnotes":""},"_links":{"self":[{"href":"https:\/\/tecnologia.ufpr.br\/lahurb\/wp-json\/wp\/v2\/pages\/2437"}],"collection":[{"href":"https:\/\/tecnologia.ufpr.br\/lahurb\/wp-json\/wp\/v2\/pages"}],"about":[{"href":"https:\/\/tecnologia.ufpr.br\/lahurb\/wp-json\/wp\/v2\/types\/page"}],"author":[{"embeddable":true,"href":"https:\/\/tecnologia.ufpr.br\/lahurb\/wp-json\/wp\/v2\/users\/1047"}],"replies":[{"embeddable":true,"href":"https:\/\/tecnologia.ufpr.br\/lahurb\/wp-json\/wp\/v2\/comments?post=2437"}],"version-history":[{"count":4,"href":"https:\/\/tecnologia.ufpr.br\/lahurb\/wp-json\/wp\/v2\/pages\/2437\/revisions"}],"predecessor-version":[{"id":2473,"href":"https:\/\/tecnologia.ufpr.br\/lahurb\/wp-json\/wp\/v2\/pages\/2437\/revisions\/2473"}],"wp:attachment":[{"href":"https:\/\/tecnologia.ufpr.br\/lahurb\/wp-json\/wp\/v2\/media?parent=2437"}],"curies":[{"name":"wp","href":"https:\/\/api.w.org\/{rel}","templated":true}]}}