{"id":2395,"date":"2019-06-24T23:10:10","date_gmt":"2019-06-25T02:10:10","guid":{"rendered":"https:\/\/tecnologia.ufpr.br\/lahurb\/?page_id=2395"},"modified":"2019-06-24T23:10:10","modified_gmt":"2019-06-25T02:10:10","slug":"2010-3","status":"publish","type":"page","link":"https:\/\/tecnologia.ufpr.br\/lahurb\/2010-3\/","title":{"rendered":"2010"},"content":{"rendered":"\n<p><a href=\"https:\/\/tecnologia.ufpr.br\/lahurb\/producao-e-reestruturacao-do-espaco-urbano-curitiba-sede-da-copa-2014-tfg\/\" target=\"_blank\" rel=\"noreferrer noopener\">Produ\u00e7\u00e3o e reestrutura\u00e7\u00e3o do espa\u00e7o urbano &#8211; Curitiba &#8211; Sede da Copa 2014<\/a><\/p>\n","protected":false},"excerpt":{"rendered":"<p>Produ\u00e7\u00e3o e reestrutura\u00e7\u00e3o do espa\u00e7o urbano &#8211; Curitiba &#8211; Sede da Copa 2014<\/p>\n","protected":false},"author":1047,"featured_media":0,"parent":0,"menu_order":0,"comment_status":"closed","ping_status":"closed","template":"","meta":{"footnotes":""},"_links":{"self":[{"href":"https:\/\/tecnologia.ufpr.br\/lahurb\/wp-json\/wp\/v2\/pages\/2395"}],"collection":[{"href":"https:\/\/tecnologia.ufpr.br\/lahurb\/wp-json\/wp\/v2\/pages"}],"about":[{"href":"https:\/\/tecnologia.ufpr.br\/lahurb\/wp-json\/wp\/v2\/types\/page"}],"author":[{"embeddable":true,"href":"https:\/\/tecnologia.ufpr.br\/lahurb\/wp-json\/wp\/v2\/users\/1047"}],"replies":[{"embeddable":true,"href":"https:\/\/tecnologia.ufpr.br\/lahurb\/wp-json\/wp\/v2\/comments?post=2395"}],"version-history":[{"count":1,"href":"https:\/\/tecnologia.ufpr.br\/lahurb\/wp-json\/wp\/v2\/pages\/2395\/revisions"}],"predecessor-version":[{"id":2401,"href":"https:\/\/tecnologia.ufpr.br\/lahurb\/wp-json\/wp\/v2\/pages\/2395\/revisions\/2401"}],"wp:attachment":[{"href":"https:\/\/tecnologia.ufpr.br\/lahurb\/wp-json\/wp\/v2\/media?parent=2395"}],"curies":[{"name":"wp","href":"https:\/\/api.w.org\/{rel}","templated":true}]}}