{"id":2365,"date":"2019-06-24T22:58:09","date_gmt":"2019-06-25T01:58:09","guid":{"rendered":"https:\/\/tecnologia.ufpr.br\/lahurb\/?page_id=2365"},"modified":"2019-06-24T22:58:09","modified_gmt":"2019-06-25T01:58:09","slug":"2006-2","status":"publish","type":"page","link":"https:\/\/tecnologia.ufpr.br\/lahurb\/2006-2\/","title":{"rendered":"2006"},"content":{"rendered":"\n<p><a href=\"https:\/\/tecnologia.ufpr.br\/lahurb\/wp-content\/uploads\/sites\/31\/2018\/08\/FAVELA-PAROLIN-FINAL-Vivian-Nolli.pdf\" target=\"_blank\" rel=\"noreferrer noopener\">Favela do Parolin &#8211; urbaniza\u00e7\u00e3o de ocupa\u00e7\u00e3o irregular<\/a><\/p>\n","protected":false},"excerpt":{"rendered":"<p>Favela do Parolin &#8211; urbaniza\u00e7\u00e3o de ocupa\u00e7\u00e3o irregular<\/p>\n","protected":false},"author":1047,"featured_media":0,"parent":0,"menu_order":0,"comment_status":"closed","ping_status":"closed","template":"","meta":{"footnotes":""},"_links":{"self":[{"href":"https:\/\/tecnologia.ufpr.br\/lahurb\/wp-json\/wp\/v2\/pages\/2365"}],"collection":[{"href":"https:\/\/tecnologia.ufpr.br\/lahurb\/wp-json\/wp\/v2\/pages"}],"about":[{"href":"https:\/\/tecnologia.ufpr.br\/lahurb\/wp-json\/wp\/v2\/types\/page"}],"author":[{"embeddable":true,"href":"https:\/\/tecnologia.ufpr.br\/lahurb\/wp-json\/wp\/v2\/users\/1047"}],"replies":[{"embeddable":true,"href":"https:\/\/tecnologia.ufpr.br\/lahurb\/wp-json\/wp\/v2\/comments?post=2365"}],"version-history":[{"count":1,"href":"https:\/\/tecnologia.ufpr.br\/lahurb\/wp-json\/wp\/v2\/pages\/2365\/revisions"}],"predecessor-version":[{"id":2371,"href":"https:\/\/tecnologia.ufpr.br\/lahurb\/wp-json\/wp\/v2\/pages\/2365\/revisions\/2371"}],"wp:attachment":[{"href":"https:\/\/tecnologia.ufpr.br\/lahurb\/wp-json\/wp\/v2\/media?parent=2365"}],"curies":[{"name":"wp","href":"https:\/\/api.w.org\/{rel}","templated":true}]}}