{"id":2278,"date":"2019-06-24T15:41:40","date_gmt":"2019-06-24T18:41:40","guid":{"rendered":"https:\/\/tecnologia.ufpr.br\/lahurb\/?page_id=2278"},"modified":"2019-07-03T15:30:50","modified_gmt":"2019-07-03T18:30:50","slug":"2015-3","status":"publish","type":"page","link":"https:\/\/tecnologia.ufpr.br\/lahurb\/2015-3\/","title":{"rendered":"2015"},"content":{"rendered":"\n<p><strong><a href=\"https:\/\/tecnologia.ufpr.br\/lahurb\/wp-content\/uploads\/sites\/31\/2018\/11\/Deslocamento-motorizado-quanto-%C3%A0-frota-de-ve%C3%ADculos-particulares-e-a-utiliza%C3%A7%C3%A3o-de-transporte-p%C3%BAblico-em-Curitiba-PR-e-Portland-OR.pdf\">Deslocamento motorizado quanto \u00e0 frota de ve\u00edculos particulares e a utiliza\u00e7\u00e3o de transporte p\u00fablico em Curitiba &#8211; PR e Portland &#8211; OR<\/a><\/strong><\/p>\n\n\n\n<h6 class=\"wp-block-heading\">Autoras:<strong>&nbsp;Cristina de Ara\u00fajo Lima e Flavia Gadotti Noronha<\/strong><\/h6>\n\n\n\n<p>&#8211;<\/p>\n\n\n\n<p><strong><a href=\"https:\/\/tecnologia.ufpr.br\/lahurb\/wp-content\/uploads\/sites\/31\/2018\/11\/O-processo-de-degrada%C3%A7%C3%A3o-f%C3%ADsica-das-%C3%A1reas-urbanas-centrais-e-sua-rela%C3%A7%C3%A3o-com-a-din%C3%A2mica-urbana-Estudo-de-caso-em-Curitiba-Paran%C3%A1.pdf\" target=\"_blank\" rel=\"noreferrer noopener\">O processo de degrada\u00e7\u00e3o f\u00edsica das \u00e1reas urbanas centrais e sua rela\u00e7\u00e3o com a din\u00e2mica urbana &#8211; Estudo de caso em Curitiba &#8211; Paran\u00e1<\/a><\/strong><\/p>\n\n\n\n<h6 class=\"wp-block-heading\">Autora:<strong> Let\u00edcia Nerone Gadens<\/strong><\/h6>\n\n\n\n<p>&#8211;<\/p>\n\n\n\n<p><strong><a href=\"https:\/\/tecnologia.ufpr.br\/lahurb\/wp-content\/uploads\/sites\/31\/2018\/11\/Invent%C3%A1rio-de-Projetos-Urbanos-Digitais.pdf\" target=\"_blank\" rel=\"noreferrer noopener\">Invent\u00e1rio de Projetos Urbanos Digitais<\/a><\/strong><\/p>\n\n\n\n<h6 class=\"wp-block-heading\">Autoras:&nbsp;<strong>Maria Carolina Maziviero e Elena de Pauli Namba<\/strong><\/h6>\n\n\n\n<p>&#8211;<\/p>\n\n\n\n<p><strong><a href=\"https:\/\/tecnologia.ufpr.br\/lahurb\/wp-content\/uploads\/sites\/31\/2018\/11\/Urbanismo-na-Era-Digital-desenho-urbano-e-processos-digitais.pdf\" target=\"_blank\" rel=\"noreferrer noopener\">Urbanismo na Era Digital &#8211; desenho urbano e processos digitais<\/a><\/strong><\/p>\n\n\n\n<h6 class=\"wp-block-heading\">Autores:\u00a0<strong>Maria Carolina Maziviero, Isabel Cristina da Silva Lima e Fernando Toledo Silva<\/strong><\/h6>\n\n\n\n<p>&#8211;<\/p>\n\n\n\n<div class=\"wp-block-file\"><a href=\"https:\/\/tecnologia.ufpr.br\/lahurb\/wp-content\/uploads\/sites\/31\/2019\/07\/Chris_Barcelona2015.pdf\" target=\"_blank\" rel=\"noreferrer noopener\"><strong>CONFIGURA\u00c7\u00c3O URBANA E O SISTEMA BRT DE CURITIBA \u2013 BRASIL: Investigando a qualidade espacial do entorno de terminais:  uma metodologia em constru\u00e7\u00e3o<\/strong><\/a><\/div>\n\n\n\n<h6 class=\"wp-block-heading\">Autoras: <strong>Cristina de Ara\u00fajo Lima<\/strong><\/h6>\n","protected":false},"excerpt":{"rendered":"<p>Deslocamento motorizado quanto \u00e0 frota de ve\u00edculos particulares e a utiliza\u00e7\u00e3o de transporte p\u00fablico em Curitiba &#8211; PR e Portland &#8211; OR Autoras:&nbsp;Cristina de Ara\u00fajo Lima e Flavia Gadotti Noronha &#8211; O processo de degrada\u00e7\u00e3o f\u00edsica das \u00e1reas urbanas centrais e sua rela\u00e7\u00e3o com a din\u00e2mica urbana &#8211; Estudo de caso em Curitiba &#8211; Paran\u00e1 [&hellip;]<\/p>\n","protected":false},"author":1047,"featured_media":0,"parent":0,"menu_order":0,"comment_status":"closed","ping_status":"closed","template":"","meta":{"footnotes":""},"_links":{"self":[{"href":"https:\/\/tecnologia.ufpr.br\/lahurb\/wp-json\/wp\/v2\/pages\/2278"}],"collection":[{"href":"https:\/\/tecnologia.ufpr.br\/lahurb\/wp-json\/wp\/v2\/pages"}],"about":[{"href":"https:\/\/tecnologia.ufpr.br\/lahurb\/wp-json\/wp\/v2\/types\/page"}],"author":[{"embeddable":true,"href":"https:\/\/tecnologia.ufpr.br\/lahurb\/wp-json\/wp\/v2\/users\/1047"}],"replies":[{"embeddable":true,"href":"https:\/\/tecnologia.ufpr.br\/lahurb\/wp-json\/wp\/v2\/comments?post=2278"}],"version-history":[{"count":6,"href":"https:\/\/tecnologia.ufpr.br\/lahurb\/wp-json\/wp\/v2\/pages\/2278\/revisions"}],"predecessor-version":[{"id":2827,"href":"https:\/\/tecnologia.ufpr.br\/lahurb\/wp-json\/wp\/v2\/pages\/2278\/revisions\/2827"}],"wp:attachment":[{"href":"https:\/\/tecnologia.ufpr.br\/lahurb\/wp-json\/wp\/v2\/media?parent=2278"}],"curies":[{"name":"wp","href":"https:\/\/api.w.org\/{rel}","templated":true}]}}